{"id":18198,"date":"2025-09-05T20:57:46","date_gmt":"2025-09-05T20:57:46","guid":{"rendered":"https:\/\/esquell.eu\/product\/matrices-de-decoupe-pour-largile-lot-de-6-coeurs-longs\/"},"modified":"2025-09-05T20:57:46","modified_gmt":"2025-09-05T20:57:46","slug":"matrices-de-decoupe-pour-largile-lot-de-6-coeurs-longs","status":"publish","type":"product","link":"https:\/\/esquell.eu\/fr\/produit\/matrices-de-decoupe-pour-largile-lot-de-6-coeurs-longs\/","title":{"rendered":"Matrices de d\u00e9coupe pour l&rsquo;argile Lot de 6 c\u0153urs longs"},"content":{"rendered":"<p>Ensemble de 6<\/p>\n<p>Plus petit 1,2 cm<\/p>\n<p>Le plus grand 3,8 cm<\/p>\n<p>Cr\u00e9ez sans effort des formes uniques et modernes \u00e0 partir de l&rsquo;argile gr\u00e2ce \u00e0 ce jeu d&#8217;emporte-pi\u00e8ces de haute qualit\u00e9 aux formes organiques. Id\u00e9al pour l&rsquo;arguile d&rsquo;argent, l&rsquo;argile cuivreuse, l&rsquo;argile bronze et d&rsquo;autres types d&rsquo;argile. Convient \u00e9galement \u00e0 la c\u00e9ramique et \u00e0 l&rsquo;argile polym\u00e8re. <\/p>\n<p>De petite \u00e0 grande taille, ils sont parfaits pour les boucles d&rsquo;oreilles, les pendentifs, les liens et les \u00e9l\u00e9ments d\u00e9coratifs.<\/p>\n<p>Pour un usage fr\u00e9quent. Fabriqu\u00e9 en plastique de haute qualit\u00e9. Conserve sa forme  <\/p>\n<p>L&rsquo;avantage par rapport au stylo aiguille est qu&rsquo;il permet d&rsquo;obtenir des bords de coupe serr\u00e9s sans s&rsquo;effilocher. Et il est facile \u00e0 reproduire, ce qui est pratique pour les boucles d&rsquo;oreilles, par exemple. <\/p>\n<p>Combinez les formes entre elles, avec d&rsquo;autres formes provenant d&rsquo;autres d\u00e9coupes.<\/p>\n<p>Combinez avec des tapis de texture et des tampons pour cr\u00e9er des motifs, des textures et des reliefs.<\/p>\n","protected":false},"excerpt":{"rendered":"<p>Ensemble de 6 Plus petit 1,2 cm Le plus grand 3,8 cm Cr\u00e9ez sans effort des formes uniques et modernes \u00e0 partir de l&rsquo;argile gr\u00e2ce \u00e0 ce jeu d&#8217;emporte-pi\u00e8ces de haute qualit\u00e9 aux formes organiques. Id\u00e9al pour l&rsquo;arguile d&rsquo;argent, l&rsquo;argile cuivreuse, l&rsquo;argile bronze et d&rsquo;autres types d&rsquo;argile. Convient \u00e9galement \u00e0 la c\u00e9ramique et \u00e0 l&rsquo;argile&#8230;<\/p>\n","protected":false},"featured_media":18199,"comment_status":"closed","ping_status":"closed","template":"","meta":{"_acf_changed":false,"_seopress_robots_primary_cat":"none","_seopress_titles_title":"","_seopress_titles_desc":"","_seopress_robots_index":""},"more":[],"product_brand":[6398],"product_cat":[6808,11931],"product_tag":[6388,6372,6409,15793,15806,15794,6823,6851,6423,16161,6825,6831,6374,6849,16261,15734,7506],"class_list":{"0":"post-18198","1":"product","2":"type-product","3":"status-publish","4":"has-post-thumbnail","6":"product_brand-l1","7":"product_cat-couteaux-pour-largile","8":"product_cat-nouveau","9":"product_tag-argile","10":"product_tag-bijoux","11":"product_tag-bricolage","12":"product_tag-coeur","13":"product_tag-coeur-2","14":"product_tag-coeurs","15":"product_tag-cutter","16":"product_tag-cutters","17":"product_tag-de","18":"product_tag-debroussailleur","19":"product_tag-decouper-des-formes","20":"product_tag-depasser","21":"product_tag-faire","22":"product_tag-formulaires","23":"product_tag-ludique","24":"product_tag-oblong","25":"product_tag-pour","27":"first","28":"instock","29":"taxable","30":"shipping-taxable","31":"purchasable","32":"product-type-simple"},"acf":[],"_links":{"self":[{"href":"https:\/\/esquell.eu\/fr\/wp-json\/wp\/v2\/product\/18198","targetHints":{"allow":["GET"]}}],"collection":[{"href":"https:\/\/esquell.eu\/fr\/wp-json\/wp\/v2\/product"}],"about":[{"href":"https:\/\/esquell.eu\/fr\/wp-json\/wp\/v2\/types\/product"}],"replies":[{"embeddable":true,"href":"https:\/\/esquell.eu\/fr\/wp-json\/wp\/v2\/comments?post=18198"}],"wp:featuredmedia":[{"embeddable":true,"href":"https:\/\/esquell.eu\/fr\/wp-json\/wp\/v2\/media\/18199"}],"wp:attachment":[{"href":"https:\/\/esquell.eu\/fr\/wp-json\/wp\/v2\/media?parent=18198"}],"wp:term":[{"taxonomy":"more","embeddable":true,"href":"https:\/\/esquell.eu\/fr\/wp-json\/wp\/v2\/more?post=18198"},{"taxonomy":"product_brand","embeddable":true,"href":"https:\/\/esquell.eu\/fr\/wp-json\/wp\/v2\/product_brand?post=18198"},{"taxonomy":"product_cat","embeddable":true,"href":"https:\/\/esquell.eu\/fr\/wp-json\/wp\/v2\/product_cat?post=18198"},{"taxonomy":"product_tag","embeddable":true,"href":"https:\/\/esquell.eu\/fr\/wp-json\/wp\/v2\/product_tag?post=18198"}],"curies":[{"name":"wp","href":"https:\/\/api.w.org\/{rel}","templated":true}]}}