{"id":18186,"date":"2025-09-05T20:29:02","date_gmt":"2025-09-05T20:29:02","guid":{"rendered":"https:\/\/esquell.eu\/product\/moule-en-silicone-avec-chevaux-et-fers-a-cheval-bottes-etc\/"},"modified":"2026-03-23T20:00:51","modified_gmt":"2026-03-23T20:00:51","slug":"moule-en-silicone-avec-chevaux-et-fers-a-cheval-bottes-etc","status":"publish","type":"product","link":"https:\/\/esquell.eu\/fr\/produit\/moule-en-silicone-avec-chevaux-et-fers-a-cheval-bottes-etc\/","title":{"rendered":"Moule en silicone avec chevaux et fers \u00e0 cheval, bottes, etc."},"content":{"rendered":"<p>Moule en silicone avec chevaux, fer \u00e0 cheval, bottes et selle<\/p>\n<p>Pour les dimensions, voir les photos<\/p>\n<p>Convient par exemple \u00e0 la p\u00e2te de cuivre et de bronze, \u00e0 la p\u00e2te polym\u00e8re, \u00e0 la fimo, \u00e0 l&rsquo;\u00e9poxy, \u00e0 la r\u00e9sine Led et UV, \u00e0 la p\u00e2te de r\u00e9sine, etc.<\/p>\n<p>Lorsqu&rsquo;il est utilis\u00e9 avec de l&rsquo;argile m\u00e9tallique :<\/p>\n<p>Vaporisez toujours la formule antiadh\u00e9sive coolslip avant de l&rsquo;utiliser. Cela emp\u00eache l&rsquo;argile de coller aux moules. <\/p>\n","protected":false},"excerpt":{"rendered":"<p>Moule en silicone avec chevaux, fer \u00e0 cheval, bottes et selle Pour les dimensions, voir les photos Convient par exemple \u00e0 la p\u00e2te de cuivre et de bronze, \u00e0 la p\u00e2te polym\u00e8re, \u00e0 la fimo, \u00e0 l&rsquo;\u00e9poxy, \u00e0 la r\u00e9sine Led et UV, \u00e0 la p\u00e2te de r\u00e9sine, etc. Lorsqu&rsquo;il est utilis\u00e9 avec de l&rsquo;argile&#8230;<\/p>\n","protected":false},"featured_media":18187,"comment_status":"closed","ping_status":"closed","template":"","meta":{"_acf_changed":false,"_seopress_robots_primary_cat":"none","_seopress_titles_title":"","_seopress_titles_desc":"","_seopress_robots_index":""},"more":[],"product_brand":[6398],"product_cat":[15643,11931],"product_tag":[6388,6372,6658,11486,13956,16255,6374,16252,16256,16253,9874,10552,15097,7506,16254,14735],"class_list":{"0":"post-18186","1":"product","2":"type-product","3":"status-publish","4":"has-post-thumbnail","6":"product_brand-l1","7":"product_cat-moules","8":"product_cat-nouveau","9":"product_tag-argile","10":"product_tag-bijoux","11":"product_tag-bijoux-en-argile","12":"product_tag-cheval","13":"product_tag-chevaux","14":"product_tag-circonscription","15":"product_tag-faire","16":"product_tag-fer-a-cheval","17":"product_tag-fille-a-cheval","18":"product_tag-minimal","19":"product_tag-moule-2","20":"product_tag-moule-3","21":"product_tag-moules-2","22":"product_tag-pour","23":"product_tag-selle","24":"product_tag-silicone","26":"first","27":"instock","28":"taxable","29":"shipping-taxable","30":"purchasable","31":"product-type-simple"},"acf":[],"_links":{"self":[{"href":"https:\/\/esquell.eu\/fr\/wp-json\/wp\/v2\/product\/18186","targetHints":{"allow":["GET"]}}],"collection":[{"href":"https:\/\/esquell.eu\/fr\/wp-json\/wp\/v2\/product"}],"about":[{"href":"https:\/\/esquell.eu\/fr\/wp-json\/wp\/v2\/types\/product"}],"replies":[{"embeddable":true,"href":"https:\/\/esquell.eu\/fr\/wp-json\/wp\/v2\/comments?post=18186"}],"wp:featuredmedia":[{"embeddable":true,"href":"https:\/\/esquell.eu\/fr\/wp-json\/wp\/v2\/media\/18187"}],"wp:attachment":[{"href":"https:\/\/esquell.eu\/fr\/wp-json\/wp\/v2\/media?parent=18186"}],"wp:term":[{"taxonomy":"more","embeddable":true,"href":"https:\/\/esquell.eu\/fr\/wp-json\/wp\/v2\/more?post=18186"},{"taxonomy":"product_brand","embeddable":true,"href":"https:\/\/esquell.eu\/fr\/wp-json\/wp\/v2\/product_brand?post=18186"},{"taxonomy":"product_cat","embeddable":true,"href":"https:\/\/esquell.eu\/fr\/wp-json\/wp\/v2\/product_cat?post=18186"},{"taxonomy":"product_tag","embeddable":true,"href":"https:\/\/esquell.eu\/fr\/wp-json\/wp\/v2\/product_tag?post=18186"}],"curies":[{"name":"wp","href":"https:\/\/api.w.org\/{rel}","templated":true}]}}