{"id":18144,"date":"2025-09-07T10:37:04","date_gmt":"2025-09-07T10:37:04","guid":{"rendered":"https:\/\/esquell.eu\/product\/mica-pour-le-travail-de-lemail-en-plique-a-jour-environ-1010\/"},"modified":"2025-11-08T09:45:48","modified_gmt":"2025-11-08T09:45:48","slug":"mica-pour-le-travail-de-lemail-en-plique-a-jour-environ-1010","status":"publish","type":"product","link":"https:\/\/esquell.eu\/fr\/produit\/mica-pour-le-travail-de-lemail-en-plique-a-jour-environ-1010\/","title":{"rendered":"Mica pour le travail de l&rsquo;\u00e9mail en plique-a-jour environ 10*10"},"content":{"rendered":"<p>Ce min\u00e9ral naturel a une taille d&rsquo;environ 10 x 10 cm.<br \/>\nL&rsquo;\u00e9mail peut \u00eatre cuit sur du mica pour fabriquer de petites billes de verre.<\/p>\n<p>Le mica peut \u00e9galement \u00eatre utilis\u00e9 comme support pour les travaux de plique-\u00e0-jour.<\/p>\n<p>Il facilite grandement le travail en plique-\u00e0-jour.<\/p>\n<p>Placez le mica sous l&rsquo;ouvrage en plique-a-jour et remplissez-le d&rsquo;\u00e9mail. Placez l&rsquo;\u0153uvre et le mica dans le four. L&rsquo;\u00e9mail ne colle pas au mica.  <\/p>\n","protected":false},"excerpt":{"rendered":"<p>Ce min\u00e9ral naturel a une taille d&rsquo;environ 10 x 10 cm. L&rsquo;\u00e9mail peut \u00eatre cuit sur du mica pour fabriquer de petites billes de verre. Le mica peut \u00e9galement \u00eatre utilis\u00e9 comme support pour les travaux de plique-\u00e0-jour. Il facilite grandement le travail en plique-\u00e0-jour. Placez le mica sous l&rsquo;ouvrage en plique-a-jour et remplissez-le d&rsquo;\u00e9mail&#8230;.<\/p>\n","protected":false},"featured_media":18145,"comment_status":"closed","ping_status":"closed","template":"","meta":{"_acf_changed":false,"_seopress_robots_primary_cat":"none","_seopress_titles_title":"","_seopress_titles_desc":"","_seopress_robots_index":""},"more":[],"product_brand":[],"product_cat":[11931,6705],"product_tag":[],"class_list":{"0":"post-18144","1":"product","2":"type-product","3":"status-publish","4":"has-post-thumbnail","6":"product_cat-nouveau","7":"product_cat-outils-et-fournitures-pour-lemaillage","9":"first","10":"instock","11":"taxable","12":"shipping-taxable","13":"product-type-simple"},"acf":[],"_links":{"self":[{"href":"https:\/\/esquell.eu\/fr\/wp-json\/wp\/v2\/product\/18144","targetHints":{"allow":["GET"]}}],"collection":[{"href":"https:\/\/esquell.eu\/fr\/wp-json\/wp\/v2\/product"}],"about":[{"href":"https:\/\/esquell.eu\/fr\/wp-json\/wp\/v2\/types\/product"}],"replies":[{"embeddable":true,"href":"https:\/\/esquell.eu\/fr\/wp-json\/wp\/v2\/comments?post=18144"}],"wp:featuredmedia":[{"embeddable":true,"href":"https:\/\/esquell.eu\/fr\/wp-json\/wp\/v2\/media\/18145"}],"wp:attachment":[{"href":"https:\/\/esquell.eu\/fr\/wp-json\/wp\/v2\/media?parent=18144"}],"wp:term":[{"taxonomy":"more","embeddable":true,"href":"https:\/\/esquell.eu\/fr\/wp-json\/wp\/v2\/more?post=18144"},{"taxonomy":"product_brand","embeddable":true,"href":"https:\/\/esquell.eu\/fr\/wp-json\/wp\/v2\/product_brand?post=18144"},{"taxonomy":"product_cat","embeddable":true,"href":"https:\/\/esquell.eu\/fr\/wp-json\/wp\/v2\/product_cat?post=18144"},{"taxonomy":"product_tag","embeddable":true,"href":"https:\/\/esquell.eu\/fr\/wp-json\/wp\/v2\/product_tag?post=18144"}],"curies":[{"name":"wp","href":"https:\/\/api.w.org\/{rel}","templated":true}]}}