{"id":18125,"date":"2025-09-07T10:34:36","date_gmt":"2025-09-07T10:34:36","guid":{"rendered":"https:\/\/esquell.eu\/product\/appareil-a-pates-30ml\/"},"modified":"2026-02-14T10:06:01","modified_gmt":"2026-02-14T10:06:01","slug":"appareil-a-pates-30ml","status":"publish","type":"product","link":"https:\/\/esquell.eu\/fr\/produit\/appareil-a-pates-30ml\/","title":{"rendered":"Appareil \u00e0 p\u00e2tes 30ml"},"content":{"rendered":"<p>La solution parfaite pour fabriquer et conditionner des p\u00e2tes pour tous les types d&rsquo;argiles m\u00e9talliques ! PasteMaker fonctionne avec toutes les marques, tous les m\u00e9taux et toutes les formules pour fabriquer et conditionner des argiles et des p\u00e2tes avec exactement la consistance que vous recherchez.<br \/>\nFabriquez des mastics lisses, des barbotines et des p\u00e2tes soyeuses et de l&rsquo;argile velout\u00e9e en ajoutant quelques gouttes de PasteMaker \u00e0 l&rsquo;argile de votre choix et en m\u00e9langeant jusqu&rsquo;\u00e0 ce que vous obteniez la texture id\u00e9ale.<br \/>\nConservez toujours les argiles dans un r\u00e9cipient herm\u00e9tique.<br \/>\nLe flacon contient 30 ml de PasteMaker. <\/p>\n","protected":false},"excerpt":{"rendered":"<p>La solution parfaite pour fabriquer et conditionner des p\u00e2tes pour tous les types d&rsquo;argiles m\u00e9talliques ! PasteMaker fonctionne avec toutes les marques, tous les m\u00e9taux et toutes les formules pour fabriquer et conditionner des argiles et des p\u00e2tes avec exactement la consistance que vous recherchez. Fabriquez des mastics lisses, des barbotines et des p\u00e2tes soyeuses&#8230;<\/p>\n","protected":false},"featured_media":18130,"comment_status":"closed","ping_status":"closed","template":"","meta":{"_acf_changed":false,"_seopress_robots_primary_cat":"","_seopress_titles_title":"","_seopress_titles_desc":"","_seopress_robots_index":""},"more":[],"product_brand":[6736],"product_cat":[6364,11931],"product_tag":[16206,6404,7500,6378,6390,6405,6376,16211,9911,16212,6374,16208,8167,16214,16213,8623,6408],"class_list":{"0":"post-18125","1":"product","2":"type-product","3":"status-publish","4":"has-post-thumbnail","6":"product_brand-des-outils-sympas","7":"product_cat-materiel-supplementaire","8":"product_cat-nouveau","9":"product_tag-argent","10":"product_tag-argile-argentee","11":"product_tag-argile-argentee-3","12":"product_tag-argile-metallique","13":"product_tag-argile-metallique-2","14":"product_tag-artclay","15":"product_tag-artclaysilver","16":"product_tag-conditionnement","17":"product_tag-fabricant","18":"product_tag-fabrication-de-pates","19":"product_tag-faire","20":"product_tag-glissement","21":"product_tag-pate","22":"product_tag-pate-4","23":"product_tag-pate-dargile-argentee-2","24":"product_tag-patissier","25":"product_tag-vous","27":"first","28":"instock","29":"taxable","30":"shipping-taxable","31":"purchasable","32":"product-type-simple"},"acf":[],"_links":{"self":[{"href":"https:\/\/esquell.eu\/fr\/wp-json\/wp\/v2\/product\/18125","targetHints":{"allow":["GET"]}}],"collection":[{"href":"https:\/\/esquell.eu\/fr\/wp-json\/wp\/v2\/product"}],"about":[{"href":"https:\/\/esquell.eu\/fr\/wp-json\/wp\/v2\/types\/product"}],"replies":[{"embeddable":true,"href":"https:\/\/esquell.eu\/fr\/wp-json\/wp\/v2\/comments?post=18125"}],"wp:featuredmedia":[{"embeddable":true,"href":"https:\/\/esquell.eu\/fr\/wp-json\/wp\/v2\/media\/18130"}],"wp:attachment":[{"href":"https:\/\/esquell.eu\/fr\/wp-json\/wp\/v2\/media?parent=18125"}],"wp:term":[{"taxonomy":"more","embeddable":true,"href":"https:\/\/esquell.eu\/fr\/wp-json\/wp\/v2\/more?post=18125"},{"taxonomy":"product_brand","embeddable":true,"href":"https:\/\/esquell.eu\/fr\/wp-json\/wp\/v2\/product_brand?post=18125"},{"taxonomy":"product_cat","embeddable":true,"href":"https:\/\/esquell.eu\/fr\/wp-json\/wp\/v2\/product_cat?post=18125"},{"taxonomy":"product_tag","embeddable":true,"href":"https:\/\/esquell.eu\/fr\/wp-json\/wp\/v2\/product_tag?post=18125"}],"curies":[{"name":"wp","href":"https:\/\/api.w.org\/{rel}","templated":true}]}}