{"id":18070,"date":"2025-09-05T21:18:49","date_gmt":"2025-09-05T21:18:49","guid":{"rendered":"https:\/\/esquell.eu\/product\/set-alphabet-punches-lettres\/"},"modified":"2025-09-05T21:18:49","modified_gmt":"2025-09-05T21:18:49","slug":"set-alphabet-punches-lettres","status":"publish","type":"product","link":"https:\/\/esquell.eu\/fr\/produit\/set-alphabet-punches-lettres\/","title":{"rendered":"Set, Alphabet punches. Lettres."},"content":{"rendered":"<p>Jeu de 26 emporte-pi\u00e8ces, formes d\u00e9coup\u00e9es pour la fabrication de bijoux.<\/p>\n<p>Hauteur de la lettre env. 2cm<\/p>\n<p>Convient \u00e0 tous les types d&rsquo;argile.<\/p>\n<p>Avec les yeux de pendentifs pr\u00eats \u00e0 l&#8217;emploi.<strong><a href=\"https:\/\/esquell.eu\/?s=schroefoogje\"> yeux pendentifs pr\u00eats \u00e0 l&#8217;emploi<\/a><\/strong> vous pouvez facilement r\u00e9aliser de jolis pendentifs en forme de lettres avec de la p\u00e2te \u00e0 modeler.<\/p>\n","protected":false},"excerpt":{"rendered":"<p>Jeu de 26 emporte-pi\u00e8ces, formes d\u00e9coup\u00e9es pour la fabrication de bijoux. Hauteur de la lettre env. 2cm Convient \u00e0 tous les types d&rsquo;argile. Avec les yeux de pendentifs pr\u00eats \u00e0 l&#8217;emploi. yeux pendentifs pr\u00eats \u00e0 l&#8217;emploi vous pouvez facilement r\u00e9aliser de jolis pendentifs en forme de lettres avec de la p\u00e2te \u00e0 modeler.<\/p>\n","protected":false},"featured_media":8927,"comment_status":"closed","ping_status":"closed","template":"","meta":{"_acf_changed":false,"_seopress_robots_primary_cat":"none","_seopress_titles_title":"","_seopress_titles_desc":"","_seopress_robots_index":""},"more":[],"product_brand":[6398],"product_cat":[6808,11931],"product_tag":[16174,6388,6741,7500,6404,6378,6405,6376,6393,6658,16182,16183,8340,6716,16185,6772,16177,16178,16161,8723,6825,6635,16184,9321,16176,15052,16179,16186,16181,6835,6636,8718,6391,7092,16175,16180,7506],"class_list":{"0":"post-18070","1":"product","2":"type-product","3":"status-publish","4":"has-post-thumbnail","6":"product_brand-l1","7":"product_cat-couteaux-pour-largile","8":"product_cat-nouveau","9":"product_tag-alphabet","10":"product_tag-argile","11":"product_tag-argile-3","12":"product_tag-argile-argentee-3","13":"product_tag-argile-argentee","14":"product_tag-argile-metallique","15":"product_tag-artclay","16":"product_tag-artclaysilver","17":"product_tag-belgique","18":"product_tag-bijoux-en-argile","19":"product_tag-breloque-lettre","20":"product_tag-breloque-nominative","21":"product_tag-breloques-3","22":"product_tag-breloques","23":"product_tag-capital","24":"product_tag-charme","25":"product_tag-coup-de-poing-2","26":"product_tag-coups-de-poing","27":"product_tag-debroussailleur","28":"product_tag-decoupages-en-argile-argentee","29":"product_tag-decouper-des-formes","30":"product_tag-fournitures","31":"product_tag-imprimer-4","32":"product_tag-les-coupeurs-dargile","33":"product_tag-lettre","34":"product_tag-lettres","35":"product_tag-lettres-decoupees","36":"product_tag-matalclay","37":"product_tag-moules-a-decouper-en-argile","38":"product_tag-moules-en-argile","39":"product_tag-outils","40":"product_tag-outils-en-argile","41":"product_tag-pays-bas","42":"product_tag-pendentif-2","43":"product_tag-pendentif-nom","44":"product_tag-pendentifs-lettres","45":"product_tag-pour","47":"first","48":"instock","49":"taxable","50":"shipping-taxable","51":"purchasable","52":"product-type-simple"},"acf":[],"_links":{"self":[{"href":"https:\/\/esquell.eu\/fr\/wp-json\/wp\/v2\/product\/18070","targetHints":{"allow":["GET"]}}],"collection":[{"href":"https:\/\/esquell.eu\/fr\/wp-json\/wp\/v2\/product"}],"about":[{"href":"https:\/\/esquell.eu\/fr\/wp-json\/wp\/v2\/types\/product"}],"replies":[{"embeddable":true,"href":"https:\/\/esquell.eu\/fr\/wp-json\/wp\/v2\/comments?post=18070"}],"wp:featuredmedia":[{"embeddable":true,"href":"https:\/\/esquell.eu\/fr\/wp-json\/wp\/v2\/media\/8927"}],"wp:attachment":[{"href":"https:\/\/esquell.eu\/fr\/wp-json\/wp\/v2\/media?parent=18070"}],"wp:term":[{"taxonomy":"more","embeddable":true,"href":"https:\/\/esquell.eu\/fr\/wp-json\/wp\/v2\/more?post=18070"},{"taxonomy":"product_brand","embeddable":true,"href":"https:\/\/esquell.eu\/fr\/wp-json\/wp\/v2\/product_brand?post=18070"},{"taxonomy":"product_cat","embeddable":true,"href":"https:\/\/esquell.eu\/fr\/wp-json\/wp\/v2\/product_cat?post=18070"},{"taxonomy":"product_tag","embeddable":true,"href":"https:\/\/esquell.eu\/fr\/wp-json\/wp\/v2\/product_tag?post=18070"}],"curies":[{"name":"wp","href":"https:\/\/api.w.org\/{rel}","templated":true}]}}