{"id":18040,"date":"2025-09-05T20:43:07","date_gmt":"2025-09-05T20:43:07","guid":{"rendered":"https:\/\/esquell.eu\/product\/moule-en-silicone-pour-petits-ballons-ballon-dair\/"},"modified":"2025-09-05T20:43:07","modified_gmt":"2025-09-05T20:43:07","slug":"moule-en-silicone-pour-petits-ballons-ballon-dair","status":"publish","type":"product","link":"https:\/\/esquell.eu\/fr\/produit\/moule-en-silicone-pour-petits-ballons-ballon-dair\/","title":{"rendered":"Moule en silicone pour petits ballons, ballon d&rsquo;air"},"content":{"rendered":"<p>Moule en silicone pour ballons gonflables<\/p>\n<p>Dimensions voir photos<\/p>\n<p>Convient pour l&rsquo;arguile d&rsquo;argent, l&rsquo;argile m\u00e9tallique, l&rsquo;argile, la r\u00e9sine uv, la r\u00e9sine, l&rsquo;acrylique, l&rsquo;\u00e9poxy, etc.<\/p>\n","protected":false},"excerpt":{"rendered":"<p>Moule en silicone pour ballons gonflables Dimensions voir photos Convient pour l&rsquo;arguile d&rsquo;argent, l&rsquo;argile m\u00e9tallique, l&rsquo;argile, la r\u00e9sine uv, la r\u00e9sine, l&rsquo;acrylique, l&rsquo;\u00e9poxy, etc.<\/p>\n","protected":false},"featured_media":8891,"comment_status":"closed","ping_status":"closed","template":"","meta":{"_acf_changed":false,"_seopress_robots_primary_cat":"none","_seopress_titles_title":"","_seopress_titles_desc":"","_seopress_robots_index":""},"more":[],"product_brand":[6398],"product_cat":[15643,11931],"product_tag":[6923,6388,6404,6378,16166,16168,16167,6393,6372,6658,7770,11642,6374,6400,6821,15646,9874,10552,15097,6816,6391,7092,6710,7506,7774,9894,9896,13233,14735],"class_list":{"0":"post-18040","1":"product","2":"type-product","3":"status-publish","4":"has-post-thumbnail","6":"product_brand-l1","7":"product_cat-moules","8":"product_cat-nouveau","9":"product_tag-amsterdam","10":"product_tag-argile","11":"product_tag-argile-argentee","12":"product_tag-argile-metallique","13":"product_tag-ballon-dair","14":"product_tag-ballons","15":"product_tag-ballons-aeriens","16":"product_tag-belgique","17":"product_tag-bijoux","18":"product_tag-bijoux-en-argile","19":"product_tag-camps","20":"product_tag-chaleur-2","21":"product_tag-faire","22":"product_tag-luxembourg","23":"product_tag-mini","24":"product_tag-modele-2","25":"product_tag-moule-2","26":"product_tag-moule-3","27":"product_tag-moules-2","28":"product_tag-pate-polymere","29":"product_tag-pays-bas","30":"product_tag-pendentif-2","31":"product_tag-pendentifs","32":"product_tag-pour","33":"product_tag-resine","34":"product_tag-resine-2","35":"product_tag-resine-acrylique","36":"product_tag-resistant","37":"product_tag-silicone","39":"first","40":"instock","41":"taxable","42":"shipping-taxable","43":"purchasable","44":"product-type-simple"},"acf":[],"_links":{"self":[{"href":"https:\/\/esquell.eu\/fr\/wp-json\/wp\/v2\/product\/18040","targetHints":{"allow":["GET"]}}],"collection":[{"href":"https:\/\/esquell.eu\/fr\/wp-json\/wp\/v2\/product"}],"about":[{"href":"https:\/\/esquell.eu\/fr\/wp-json\/wp\/v2\/types\/product"}],"replies":[{"embeddable":true,"href":"https:\/\/esquell.eu\/fr\/wp-json\/wp\/v2\/comments?post=18040"}],"wp:featuredmedia":[{"embeddable":true,"href":"https:\/\/esquell.eu\/fr\/wp-json\/wp\/v2\/media\/8891"}],"wp:attachment":[{"href":"https:\/\/esquell.eu\/fr\/wp-json\/wp\/v2\/media?parent=18040"}],"wp:term":[{"taxonomy":"more","embeddable":true,"href":"https:\/\/esquell.eu\/fr\/wp-json\/wp\/v2\/more?post=18040"},{"taxonomy":"product_brand","embeddable":true,"href":"https:\/\/esquell.eu\/fr\/wp-json\/wp\/v2\/product_brand?post=18040"},{"taxonomy":"product_cat","embeddable":true,"href":"https:\/\/esquell.eu\/fr\/wp-json\/wp\/v2\/product_cat?post=18040"},{"taxonomy":"product_tag","embeddable":true,"href":"https:\/\/esquell.eu\/fr\/wp-json\/wp\/v2\/product_tag?post=18040"}],"curies":[{"name":"wp","href":"https:\/\/api.w.org\/{rel}","templated":true}]}}