{"id":18020,"date":"2025-09-05T20:51:21","date_gmt":"2025-09-05T20:51:21","guid":{"rendered":"https:\/\/esquell.eu\/product\/moule-en-silicone-elephants-avec-oeil-en-pendentif\/"},"modified":"2025-09-05T20:51:21","modified_gmt":"2025-09-05T20:51:21","slug":"moule-en-silicone-elephants-avec-oeil-en-pendentif","status":"publish","type":"product","link":"https:\/\/esquell.eu\/fr\/produit\/moule-en-silicone-elephants-avec-oeil-en-pendentif\/","title":{"rendered":"Moule en silicone El\u00e9phants avec oeil en pendentif"},"content":{"rendered":"<p>Moule en silicone divers \u00e9l\u00e9phants, \u00e9l\u00e9phant, \u00e9l\u00e9phant avec yeux pendants pour la fabrication de pendentifs en argile.<\/p>\n<p>Taille\/longueur des feuilles sans la tige environ 5 cm, 4 cm et 2,5 cm<\/p>\n<p>A utiliser avec la p\u00e2te \u00e0 modeler, la p\u00e2te d&rsquo;argent, la p\u00e2te de bronze, la p\u00e2te de cuivre, la p\u00e2te fimo, la p\u00e2te polym\u00e8re, le cernit, etc.<\/p>\n<p>Pour l&rsquo;argile m\u00e9tallique, vaporisez la formule antiadh\u00e9sive coolslip avant utilisation. Cela emp\u00eache l&rsquo;argile de coller aux moules. <\/p>\n","protected":false},"excerpt":{"rendered":"<p>Moule en silicone divers \u00e9l\u00e9phants, \u00e9l\u00e9phant, \u00e9l\u00e9phant avec yeux pendants pour la fabrication de pendentifs en argile. Taille\/longueur des feuilles sans la tige environ 5 cm, 4 cm et 2,5 cm A utiliser avec la p\u00e2te \u00e0 modeler, la p\u00e2te d&rsquo;argent, la p\u00e2te de bronze, la p\u00e2te de cuivre, la p\u00e2te fimo, la p\u00e2te polym\u00e8re,&#8230;<\/p>\n","protected":false},"featured_media":8902,"comment_status":"closed","ping_status":"closed","template":"","meta":{"_acf_changed":false,"_seopress_robots_primary_cat":"","_seopress_titles_title":"","_seopress_titles_desc":"","_seopress_robots_index":""},"more":[],"product_brand":[6398],"product_cat":[15643,11931],"product_tag":[],"class_list":{"0":"post-18020","1":"product","2":"type-product","3":"status-publish","4":"has-post-thumbnail","6":"product_brand-l1","7":"product_cat-moules","8":"product_cat-nouveau","10":"first","11":"instock","12":"taxable","13":"shipping-taxable","14":"purchasable","15":"product-type-simple"},"acf":[],"_links":{"self":[{"href":"https:\/\/esquell.eu\/fr\/wp-json\/wp\/v2\/product\/18020","targetHints":{"allow":["GET"]}}],"collection":[{"href":"https:\/\/esquell.eu\/fr\/wp-json\/wp\/v2\/product"}],"about":[{"href":"https:\/\/esquell.eu\/fr\/wp-json\/wp\/v2\/types\/product"}],"replies":[{"embeddable":true,"href":"https:\/\/esquell.eu\/fr\/wp-json\/wp\/v2\/comments?post=18020"}],"wp:featuredmedia":[{"embeddable":true,"href":"https:\/\/esquell.eu\/fr\/wp-json\/wp\/v2\/media\/8902"}],"wp:attachment":[{"href":"https:\/\/esquell.eu\/fr\/wp-json\/wp\/v2\/media?parent=18020"}],"wp:term":[{"taxonomy":"more","embeddable":true,"href":"https:\/\/esquell.eu\/fr\/wp-json\/wp\/v2\/more?post=18020"},{"taxonomy":"product_brand","embeddable":true,"href":"https:\/\/esquell.eu\/fr\/wp-json\/wp\/v2\/product_brand?post=18020"},{"taxonomy":"product_cat","embeddable":true,"href":"https:\/\/esquell.eu\/fr\/wp-json\/wp\/v2\/product_cat?post=18020"},{"taxonomy":"product_tag","embeddable":true,"href":"https:\/\/esquell.eu\/fr\/wp-json\/wp\/v2\/product_tag?post=18020"}],"curies":[{"name":"wp","href":"https:\/\/api.w.org\/{rel}","templated":true}]}}