{"id":18006,"date":"2025-09-03T11:34:48","date_gmt":"2025-09-03T11:34:48","guid":{"rendered":"https:\/\/esquell.eu\/product\/moule-en-silicone-avec-lettres\/"},"modified":"2025-09-03T11:34:48","modified_gmt":"2025-09-03T11:34:48","slug":"moule-en-silicone-avec-lettres","status":"publish","type":"product","link":"https:\/\/esquell.eu\/fr\/produit\/moule-en-silicone-avec-lettres\/","title":{"rendered":"Moule en silicone avec lettres"},"content":{"rendered":"<div class=\"product-addition-content\">\n<p>Moule avec lettres, lettres majuscules.<\/p>\n<p>Tailles voir photos<\/p>\n<p>Mini gabarits 3D en silicone pour la r\u00e9alisation de petits ornements. Pour la fabrication et la d\u00e9coration de bijoux. <\/p>\n<p>Convient pour l&rsquo;arguile d&rsquo;argent, l&rsquo;argile bronze, l&rsquo;argile cuivre, la r\u00e9sine, la r\u00e9sine UV, la fimo, la p\u00e2te polym\u00e8re, le fondant, etc.<\/p>\n<\/div>\n","protected":false},"excerpt":{"rendered":"<p>Moule avec lettres, lettres majuscules. Tailles voir photos Mini gabarits 3D en silicone pour la r\u00e9alisation de petits ornements. Pour la fabrication et la d\u00e9coration de bijoux. Convient pour l&rsquo;arguile d&rsquo;argent, l&rsquo;argile bronze, l&rsquo;argile cuivre, la r\u00e9sine, la r\u00e9sine UV, la fimo, la p\u00e2te polym\u00e8re, le fondant, etc.<\/p>\n","protected":false},"featured_media":8856,"comment_status":"closed","ping_status":"closed","template":"","meta":{"_acf_changed":false,"_seopress_robots_primary_cat":"none","_seopress_titles_title":"","_seopress_titles_desc":"","_seopress_robots_index":""},"more":[],"product_brand":[6398],"product_cat":[15643],"product_tag":[7668,6388,6404,6406,6420,7028,6378,6372,6658,6409,6819,6374,6815,16149,15052,16148,16150,9874,15097,6816,7506,14735,6407,9811,6411,9388],"class_list":{"0":"post-18006","1":"product","2":"type-product","3":"status-publish","4":"has-post-thumbnail","6":"product_brand-l1","7":"product_cat-moules","8":"product_tag-argenterie-2","9":"product_tag-argile","10":"product_tag-argile-argentee","11":"product_tag-argile-aurifere","12":"product_tag-argile-bronze","13":"product_tag-argile-cuivreuse","14":"product_tag-argile-metallique","15":"product_tag-bijoux","16":"product_tag-bijoux-en-argile","17":"product_tag-bricolage","18":"product_tag-cernit","19":"product_tag-faire","20":"product_tag-fimo","21":"product_tag-ingeverbruggen","22":"product_tag-lettres","23":"product_tag-lettres-majuscules","24":"product_tag-maaike","25":"product_tag-moule-2","26":"product_tag-moules-2","27":"product_tag-pate-polymere","28":"product_tag-pour","29":"product_tag-silicone","30":"product_tag-silverclay-co-uk","31":"product_tag-silverclaywebshop-2","32":"product_tag-tempete-de-sable","33":"product_tag-types","35":"first","36":"instock","37":"taxable","38":"shipping-taxable","39":"purchasable","40":"product-type-simple"},"acf":[],"_links":{"self":[{"href":"https:\/\/esquell.eu\/fr\/wp-json\/wp\/v2\/product\/18006","targetHints":{"allow":["GET"]}}],"collection":[{"href":"https:\/\/esquell.eu\/fr\/wp-json\/wp\/v2\/product"}],"about":[{"href":"https:\/\/esquell.eu\/fr\/wp-json\/wp\/v2\/types\/product"}],"replies":[{"embeddable":true,"href":"https:\/\/esquell.eu\/fr\/wp-json\/wp\/v2\/comments?post=18006"}],"wp:featuredmedia":[{"embeddable":true,"href":"https:\/\/esquell.eu\/fr\/wp-json\/wp\/v2\/media\/8856"}],"wp:attachment":[{"href":"https:\/\/esquell.eu\/fr\/wp-json\/wp\/v2\/media?parent=18006"}],"wp:term":[{"taxonomy":"more","embeddable":true,"href":"https:\/\/esquell.eu\/fr\/wp-json\/wp\/v2\/more?post=18006"},{"taxonomy":"product_brand","embeddable":true,"href":"https:\/\/esquell.eu\/fr\/wp-json\/wp\/v2\/product_brand?post=18006"},{"taxonomy":"product_cat","embeddable":true,"href":"https:\/\/esquell.eu\/fr\/wp-json\/wp\/v2\/product_cat?post=18006"},{"taxonomy":"product_tag","embeddable":true,"href":"https:\/\/esquell.eu\/fr\/wp-json\/wp\/v2\/product_tag?post=18006"}],"curies":[{"name":"wp","href":"https:\/\/api.w.org\/{rel}","templated":true}]}}