{"id":17921,"date":"2025-09-07T11:48:47","date_gmt":"2025-09-07T11:48:47","guid":{"rendered":"https:\/\/esquell.eu\/product\/cabochon-dagate-rouge-68-mm-en-forme-de-goutte-deau\/"},"modified":"2025-11-09T10:02:32","modified_gmt":"2025-11-09T10:02:32","slug":"cabochon-dagate-rouge-68-mm-en-forme-de-goutte-deau","status":"publish","type":"product","link":"https:\/\/esquell.eu\/fr\/produit\/cabochon-dagate-rouge-68-mm-en-forme-de-goutte-deau\/","title":{"rendered":"Cabochon d&rsquo;agate rouge 6*8 mm en forme de goutte d&rsquo;eau"},"content":{"rendered":"<div class=\"product-single-description my-5 my-lg-7\">\n<div class=\"row\">\n<div class=\"col-12 col-lg-10 col-xxl-8 mx-auto\">\n<p>Pierre naturelle cabochon Drop, teardrop, cabochon<\/p>\n<p>Dalle de pierre<\/p>\n<p>*Comme il s&rsquo;agit d&rsquo;une pierre naturelle, tous les cabochons sont diff\u00e9rents.<\/p>\n<p>Goutte \u00e0 goutte<\/p>\n<p>La partie inf\u00e9rieure est munie d&rsquo;une pointe.<\/p>\n<p>Comme \u00e9tui de sertissage assorti, prenez un \u00e9tui qui est \u00e9galement utilis\u00e9 pour la zircone.<\/p>\n<p><a href=\"https:\/\/esquell.eu\/fr\/categorie-de-produits\/pieces-de-bijoux\/reglements-et-chatons\/\"><u>Vous trouverez ici des couverts et des armoires en argent assortis.<\/u><\/a><\/p>\n<p>Fabriquez vos propres plateaux de composition ?<\/p>\n<p><a href=\"https:\/\/esquell.eu\/?s=zetdraad\"><u>Regardez ici pour le fil de composition<\/u><\/a><\/p>\n<p><u><a href=\"https:\/\/esquell.eu\/fr\/produit\/compose-anti-retrecissement-pour-largile-metallique-argile-dargent-differents-contenus\/\">Regardez ici pour Anti shrinkage compound for<\/a><a href=\"https:\/\/esquell.eu\/fr\/produit\/compose-anti-retrecissement-pour-largile-metallique-argile-dargent-differents-contenus\/\"> m\u00e9tal cl<\/a><a href=\"https:\/\/esquell.eu\/fr\/produit\/compose-anti-retrecissement-pour-largile-metallique-argile-dargent-differents-contenus\/\">ei<\/a><a href=\"https:\/\/esquell.eu\/fr\/produit\/compose-anti-retrecissement-pour-largile-metallique-argile-dargent-differents-contenus\/\"> \/ argile argent\u00e9e<\/a><strong><br \/>\n<\/strong><\/u><\/p>\n<p><a href=\"https:\/\/esquell.eu\/?s=sieradenlijm\">Colle pour bijoux<\/a><\/p>\n<p><a href=\"https:\/\/esquell.eu\/?s=zetstaa\"><u>acier de montage<\/u><\/a><\/p>\n<\/div>\n<\/div>\n<\/div>\n<div class=\"summary entry-summary\"><\/div>\n<div class=\"container\">\n<div class=\"row\">\n<div class=\"col-12\"><\/div>\n<\/div>\n<\/div>\n","protected":false},"excerpt":{"rendered":"<p>Cabochon en pierre naturelle de diff\u00e9rentes tailles<\/p>\n<p>Ovale. Fond plat <\/p>\n<p><strong>*Comme il s&rsquo;agit d&rsquo;une pierre naturelle, tous les cabochons pr\u00e9sentent des diff\u00e9rences de couleur et de motif.  <\/strong><\/p>\n<p>Pour la fabrication de bijoux<\/p>\n<p>Rose<\/p>\n","protected":false},"featured_media":9038,"comment_status":"closed","ping_status":"closed","template":"","meta":{"_acf_changed":false,"_seopress_robots_primary_cat":"none","_seopress_titles_title":"","_seopress_titles_desc":"","_seopress_robots_index":""},"more":[],"product_brand":[6398],"product_cat":[15725,11931],"product_tag":[12934,12037,9048,11581,15464,8983,12940,12898,12896,6372,9352,10341,12938,7223,12914,15531,7418,6480,12950,13018,15983,6409,8055,9660,12930,7430,9919,12928,12926,12575,15980,16033,15981,12576,10080,12892,12531,6374,12390,12900,9216,9214,12922,12902,12953,15984,12918,15455,15982,16034,12894,12916,7428,11577,6637,10082,6652,10993,12000,8211,12942,6428,6483,11491,12936,6484,12904,12932,7602,12910,11133,11078,7420,7644,12912,11523,8351,8059,9488,12924,8056,10996,12908],"class_list":{"0":"post-17921","1":"product","2":"type-product","3":"status-publish","4":"has-post-thumbnail","6":"product_brand-l1","7":"product_cat-cabochons-en-goutte-deau","8":"product_cat-nouveau","9":"product_tag-23-bijoux","10":"product_tag-a-facettes","11":"product_tag-agate","12":"product_tag-amethyste","13":"product_tag-amethyste-2","14":"product_tag-artclay-argent-2","15":"product_tag-bague-en-pierre-naturelle","16":"product_tag-bijou-moderne","17":"product_tag-bijoumodern","18":"product_tag-bijoux","19":"product_tag-bijoux-diy","20":"product_tag-bijoux-en-pierre-naturelle","21":"product_tag-bijoux-en-pierre-naturelle-2","22":"product_tag-bleu","23":"product_tag-bleu-3","24":"product_tag-bleu-fonce","25":"product_tag-boite-de-reglage","26":"product_tag-boites-de-composition","27":"product_tag-boucles-doreilles-en-pierre-naturelle","28":"product_tag-boucles-doreilles-en-pierre-naturelle-2","29":"product_tag-boutique-en-ligne-de-pierres-naturelles","30":"product_tag-bricolage","31":"product_tag-broche","32":"product_tag-brun","33":"product_tag-brun-2","34":"product_tag-cabochon","35":"product_tag-colle","36":"product_tag-colle-a-cabochon","37":"product_tag-colle-pour-pierres-precieuses","38":"product_tag-couronnement","39":"product_tag-cristal-2","40":"product_tag-cristal-3","41":"product_tag-cristal-de-roche","42":"product_tag-dents","43":"product_tag-fabrication-de-bijoux-2","44":"product_tag-fabriquez-vos-propres-bijoux","45":"product_tag-facette","46":"product_tag-faire","47":"product_tag-fil-de-reglage","48":"product_tag-giethoorn","49":"product_tag-goutte-a-goutte","50":"product_tag-goutte-deau","51":"product_tag-guerison","52":"product_tag-lapis","53":"product_tag-lapislazuli","54":"product_tag-lazui","55":"product_tag-lazuli","56":"product_tag-litres-2","57":"product_tag-magasin-de-pierres-naturelles","58":"product_tag-magasin-de-pierres-naturelles-2","59":"product_tag-messieurs-et-mesdames","60":"product_tag-mtn","61":"product_tag-naturel","62":"product_tag-oeil-de-tigre","63":"product_tag-orfevre","64":"product_tag-orfevre-3","65":"product_tag-orfevres","66":"product_tag-ovale","67":"product_tag-ovale-2","68":"product_tag-pate-2","69":"product_tag-pendentif-en-pierre-naturelle","70":"product_tag-pierre","71":"product_tag-pierre-naturelle","72":"product_tag-pierre-naturelle-2","73":"product_tag-pierre-naturelle-cabochon-2","74":"product_tag-pierre-precieuse","75":"product_tag-pierre-semi-precieuse","76":"product_tag-pierres-dagate","77":"product_tag-pierres-precieuses","78":"product_tag-pierres-precieuses-3","79":"product_tag-pierres-semi-precieuses","80":"product_tag-plat-2","81":"product_tag-plateau-de-brassage","82":"product_tag-poli","83":"product_tag-proprietes","84":"product_tag-quartz","85":"product_tag-reglage-2","86":"product_tag-reglage-des-griffes","87":"product_tag-rouge-2","88":"product_tag-sens","89":"product_tag-sertissage","90":"product_tag-strass-4","91":"product_tag-strass-5","92":"pa_afmeting-1014-mm","93":"pa_afmeting-1318-mm","94":"pa_afmeting-1520mm","95":"pa_afmeting-1825-mm","96":"pa_afmeting-2030-mm","97":"pa_afmeting-2230mm","98":"pa_afmeting-3040mm","99":"pa_afmeting-46-mm","100":"pa_afmeting-68-mm","101":"pa_afmeting-79-mm","102":"pa_afmeting-810-mm","104":"first","105":"instock","106":"taxable","107":"shipping-taxable","108":"purchasable","109":"product-type-simple"},"acf":[],"_links":{"self":[{"href":"https:\/\/esquell.eu\/fr\/wp-json\/wp\/v2\/product\/17921","targetHints":{"allow":["GET"]}}],"collection":[{"href":"https:\/\/esquell.eu\/fr\/wp-json\/wp\/v2\/product"}],"about":[{"href":"https:\/\/esquell.eu\/fr\/wp-json\/wp\/v2\/types\/product"}],"replies":[{"embeddable":true,"href":"https:\/\/esquell.eu\/fr\/wp-json\/wp\/v2\/comments?post=17921"}],"wp:featuredmedia":[{"embeddable":true,"href":"https:\/\/esquell.eu\/fr\/wp-json\/wp\/v2\/media\/9038"}],"wp:attachment":[{"href":"https:\/\/esquell.eu\/fr\/wp-json\/wp\/v2\/media?parent=17921"}],"wp:term":[{"taxonomy":"more","embeddable":true,"href":"https:\/\/esquell.eu\/fr\/wp-json\/wp\/v2\/more?post=17921"},{"taxonomy":"product_brand","embeddable":true,"href":"https:\/\/esquell.eu\/fr\/wp-json\/wp\/v2\/product_brand?post=17921"},{"taxonomy":"product_cat","embeddable":true,"href":"https:\/\/esquell.eu\/fr\/wp-json\/wp\/v2\/product_cat?post=17921"},{"taxonomy":"product_tag","embeddable":true,"href":"https:\/\/esquell.eu\/fr\/wp-json\/wp\/v2\/product_tag?post=17921"}],"curies":[{"name":"wp","href":"https:\/\/api.w.org\/{rel}","templated":true}]}}