{"id":17914,"date":"2025-09-07T11:42:52","date_gmt":"2025-09-07T11:42:52","guid":{"rendered":"https:\/\/esquell.eu\/product\/boules-dinlak-differentes-tailles-argent-925\/"},"modified":"2025-09-07T11:42:52","modified_gmt":"2025-09-07T11:42:52","slug":"boules-dinlak-differentes-tailles-argent-925","status":"publish","type":"product","link":"https:\/\/esquell.eu\/fr\/produit\/boules-dinlak-differentes-tailles-argent-925\/","title":{"rendered":"Boules d&rsquo;Inlak. Diff\u00e9rentes tailles. Argent 925"},"content":{"rendered":"<p>Utilisation :<\/p>\n<ul>\n<li>Pr\u00e9parez votre cordon \u00e0 faire des n\u0153uds. \u00c0 la fin, faites deux n\u0153uds l&rsquo;un sur l&rsquo;autre pour obtenir un n\u0153ud tr\u00e8s \u00e9pais qui s&rsquo;ins\u00e8re facilement dans la boule d&rsquo;incrustation. <\/li>\n<li>Mettez de la colle \u00e9poxy \u00e0 2 composants dans la boule.<\/li>\n<li>Enfoncez doucement le n\u0153ud de votre cordon dans la boule d&rsquo;incrustation pendant que la colle est encore molle.<\/li>\n<li>Laissez la colle durcir. Enlevez rapidement l&rsquo;exc\u00e8s de colle avant qu&rsquo;elle ne durcisse. <\/li>\n<\/ul>\n<p>Peut, bien s\u00fbr, \u00eatre utilis\u00e9 avec de la gomme-laque traditionnelle.<\/p>\n","protected":false},"excerpt":{"rendered":"<p>Boules incrust\u00e9es en argent 925 pour la finition des colliers, des sautoirs, des cha\u00eenes,<\/p>\n","protected":false},"featured_media":9031,"comment_status":"closed","ping_status":"closed","template":"","meta":{"_acf_changed":false,"_seopress_robots_primary_cat":"none","_seopress_titles_title":"","_seopress_titles_desc":"","_seopress_robots_index":""},"more":[],"product_brand":[6363],"product_cat":[11146,11931],"product_tag":[6470,6372,6389,6796,6409,6794,6962,7780,16133,14290,16132,10080,6374,11839,6635,16130,16129,6369,6550,6634,6652,16131,6966,6644,7506,6922,6954,9284,6778,16134,6776],"class_list":{"0":"post-17914","1":"product","2":"type-product","3":"status-publish","4":"has-post-thumbnail","6":"product_brand-bm","7":"product_cat-argent-925","8":"product_cat-nouveau","9":"product_tag-6470","10":"product_tag-bijoux","11":"product_tag-boutique-en-ligne","12":"product_tag-boutique-en-ligne-2","13":"product_tag-bricolage","14":"product_tag-chaine","15":"product_tag-collier","16":"product_tag-collier-3","17":"product_tag-collier-de-perles","18":"product_tag-colliers-2","19":"product_tag-dun","20":"product_tag-fabrication-de-bijoux-2","21":"product_tag-faire","22":"product_tag-finition-2","23":"product_tag-fournitures","24":"product_tag-inlak","25":"product_tag-kallotje","26":"product_tag-largent","27":"product_tag-largent-2","28":"product_tag-largent-3","29":"product_tag-orfevres","30":"product_tag-paintball","31":"product_tag-perles-2","32":"product_tag-pieces","33":"product_tag-pour","34":"product_tag-pur","35":"product_tag-pur-2","36":"product_tag-pur-3","37":"product_tag-reel","38":"product_tag-sterlinng","39":"product_tag-vraiment","40":"pa_afmeting-35mm-2","41":"pa_afmeting-3mm","42":"pa_afmeting-4mm","43":"pa_afmeting-5mm","45":"first","46":"instock","47":"taxable","48":"shipping-taxable","49":"purchasable","50":"product-type-variable"},"acf":[],"_links":{"self":[{"href":"https:\/\/esquell.eu\/fr\/wp-json\/wp\/v2\/product\/17914","targetHints":{"allow":["GET"]}}],"collection":[{"href":"https:\/\/esquell.eu\/fr\/wp-json\/wp\/v2\/product"}],"about":[{"href":"https:\/\/esquell.eu\/fr\/wp-json\/wp\/v2\/types\/product"}],"replies":[{"embeddable":true,"href":"https:\/\/esquell.eu\/fr\/wp-json\/wp\/v2\/comments?post=17914"}],"wp:featuredmedia":[{"embeddable":true,"href":"https:\/\/esquell.eu\/fr\/wp-json\/wp\/v2\/media\/9031"}],"wp:attachment":[{"href":"https:\/\/esquell.eu\/fr\/wp-json\/wp\/v2\/media?parent=17914"}],"wp:term":[{"taxonomy":"more","embeddable":true,"href":"https:\/\/esquell.eu\/fr\/wp-json\/wp\/v2\/more?post=17914"},{"taxonomy":"product_brand","embeddable":true,"href":"https:\/\/esquell.eu\/fr\/wp-json\/wp\/v2\/product_brand?post=17914"},{"taxonomy":"product_cat","embeddable":true,"href":"https:\/\/esquell.eu\/fr\/wp-json\/wp\/v2\/product_cat?post=17914"},{"taxonomy":"product_tag","embeddable":true,"href":"https:\/\/esquell.eu\/fr\/wp-json\/wp\/v2\/product_tag?post=17914"}],"curies":[{"name":"wp","href":"https:\/\/api.w.org\/{rel}","templated":true}]}}