{"id":17864,"date":"2025-09-07T11:28:44","date_gmt":"2025-09-07T11:28:44","guid":{"rendered":"https:\/\/esquell.eu\/product\/cabochon-amethyste-ovale-a-facettes-differentes-tailles\/"},"modified":"2025-11-09T10:01:15","modified_gmt":"2025-11-09T10:01:15","slug":"cabochon-amethyste-ovale-a-facettes-differentes-tailles","status":"publish","type":"product","link":"https:\/\/esquell.eu\/fr\/produit\/cabochon-amethyste-ovale-a-facettes-differentes-tailles\/","title":{"rendered":"Cabochon Am\u00e9thyste ovale \u00e0 facettes Diff\u00e9rentes tailles"},"content":{"rendered":"<div class=\"product-single-description my-5 my-lg-7\">\n<div class=\"row\">\n<div class=\"col-12 col-lg-10 col-xxl-8 mx-auto\">\n<p>Pierre naturelle cabochon Ovale Cabochon ovale <\/p>\n<p>Fond plat<\/p>\n<p>Dalle de pierre<\/p>\n<p>*Comme il s&rsquo;agit d&rsquo;une pierre naturelle, tous les cabochons sont diff\u00e9rents.<\/p>\n<p><a href=\"https:\/\/esquell.eu\/fr\/categorie-de-produits\/pieces-de-bijoux\/reglements-et-chatons\/\"><u>Vous trouverez ici des couverts et des armoires en argent assortis.<\/u><\/a><\/p>\n<p>Fabriquez vos propres plateaux de composition ?<\/p>\n<p><a href=\"https:\/\/esquell.eu\/?s=zetdraad\"><u>Regardez ici pour le fil de composition<\/u><\/a><\/p>\n<p><u><a href=\"https:\/\/esquell.eu\/fr\/produit\/compose-anti-retrecissement-pour-largile-metallique-argile-dargent-differents-contenus\/\">Regardez ici pour Anti shrinkage compound for<\/a><a href=\"https:\/\/esquell.eu\/fr\/produit\/compose-anti-retrecissement-pour-largile-metallique-argile-dargent-differents-contenus\/\"> m\u00e9tal cl<\/a><a href=\"https:\/\/esquell.eu\/fr\/produit\/compose-anti-retrecissement-pour-largile-metallique-argile-dargent-differents-contenus\/\">ei<\/a><a href=\"https:\/\/esquell.eu\/fr\/produit\/compose-anti-retrecissement-pour-largile-metallique-argile-dargent-differents-contenus\/\"> \/ argile argent\u00e9e<\/a><strong><br \/>\n<\/strong><\/u><\/p>\n<p><a href=\"https:\/\/esquell.eu\/?s=sieradenlijm\">Colle pour bijoux<\/a><\/p>\n<p><a href=\"https:\/\/esquell.eu\/?s=zetstaa\"><u>acier de montage<\/u><\/a><\/p>\n<\/div>\n<\/div>\n<\/div>\n<div class=\"summary entry-summary\"><\/div>\n<div class=\"container\">\n<div class=\"row\">\n<div class=\"col-12\"><\/div>\n<\/div>\n<\/div>\n","protected":false},"excerpt":{"rendered":"<p>Cabochon en pierre naturelle de diff\u00e9rentes tailles<\/p>\n<p>Ovale. Fond plat <\/p>\n<p><strong>*Comme il s&rsquo;agit d&rsquo;une pierre naturelle, tous les cabochons pr\u00e9sentent des diff\u00e9rences de couleur et de motif.  <\/strong><\/p>\n<p>Pour la fabrication de bijoux<\/p>\n<p>Rose<\/p>\n","protected":false},"featured_media":10009,"comment_status":"closed","ping_status":"closed","template":"","meta":{"_acf_changed":false,"_seopress_robots_primary_cat":"none","_seopress_titles_title":"","_seopress_titles_desc":"","_seopress_robots_index":""},"more":[],"product_brand":[6398],"product_cat":[12891,11931],"product_tag":[12934,12037,11581,15464,8983,12940,12898,12896,6372,9352,10341,12938,7223,12914,7418,6480,12950,13018,6409,8055,9660,12930,7430,9919,12928,12926,12575,12576,10080,12892,12531,6374,12390,12900,12922,12902,12918,15982,12894,12916,11577,6637,10082,6652,10993,12000,8211,12942,6483,12936,6484,12904,12932,7602,12910,11133,7420,7644,12912,8351,8059,12924,8056,10996,12908],"class_list":{"0":"post-17864","1":"product","2":"type-product","3":"status-publish","4":"has-post-thumbnail","6":"product_brand-l1","7":"product_cat-cabochons-ovales","8":"product_cat-nouveau","9":"product_tag-23-bijoux","10":"product_tag-a-facettes","11":"product_tag-amethyste","12":"product_tag-amethyste-2","13":"product_tag-artclay-argent-2","14":"product_tag-bague-en-pierre-naturelle","15":"product_tag-bijou-moderne","16":"product_tag-bijoumodern","17":"product_tag-bijoux","18":"product_tag-bijoux-diy","19":"product_tag-bijoux-en-pierre-naturelle","20":"product_tag-bijoux-en-pierre-naturelle-2","21":"product_tag-bleu","22":"product_tag-bleu-3","23":"product_tag-boite-de-reglage","24":"product_tag-boites-de-composition","25":"product_tag-boucles-doreilles-en-pierre-naturelle","26":"product_tag-boucles-doreilles-en-pierre-naturelle-2","27":"product_tag-bricolage","28":"product_tag-broche","29":"product_tag-brun","30":"product_tag-brun-2","31":"product_tag-cabochon","32":"product_tag-colle","33":"product_tag-colle-a-cabochon","34":"product_tag-colle-pour-pierres-precieuses","35":"product_tag-couronnement","36":"product_tag-dents","37":"product_tag-fabrication-de-bijoux-2","38":"product_tag-fabriquez-vos-propres-bijoux","39":"product_tag-facette","40":"product_tag-faire","41":"product_tag-fil-de-reglage","42":"product_tag-giethoorn","43":"product_tag-guerison","44":"product_tag-lapis","45":"product_tag-lazuli","46":"product_tag-magasin-de-pierres-naturelles","47":"product_tag-messieurs-et-mesdames","48":"product_tag-mtn","49":"product_tag-oeil-de-tigre","50":"product_tag-orfevre","51":"product_tag-orfevre-3","52":"product_tag-orfevres","53":"product_tag-ovale","54":"product_tag-ovale-2","55":"product_tag-pate-2","56":"product_tag-pendentif-en-pierre-naturelle","57":"product_tag-pierre-naturelle","58":"product_tag-pierre-naturelle-cabochon-2","59":"product_tag-pierre-precieuse","60":"product_tag-pierre-semi-precieuse","61":"product_tag-pierres-dagate","62":"product_tag-pierres-precieuses","63":"product_tag-pierres-precieuses-3","64":"product_tag-pierres-semi-precieuses","65":"product_tag-plateau-de-brassage","66":"product_tag-poli","67":"product_tag-proprietes","68":"product_tag-reglage-2","69":"product_tag-reglage-des-griffes","70":"product_tag-sens","71":"product_tag-sertissage","72":"product_tag-strass-4","73":"product_tag-strass-5","74":"pa_afmeting-1014-mm","75":"pa_afmeting-1318-mm","76":"pa_afmeting-1520mm","77":"pa_afmeting-1825-mm","78":"pa_afmeting-2030-mm","79":"pa_afmeting-2230mm","80":"pa_afmeting-3040mm","81":"pa_afmeting-46-mm","82":"pa_afmeting-68-mm","83":"pa_afmeting-79-mm","84":"pa_afmeting-810-mm","86":"first","87":"instock","88":"taxable","89":"shipping-taxable","90":"purchasable","91":"product-type-variable"},"acf":[],"_links":{"self":[{"href":"https:\/\/esquell.eu\/fr\/wp-json\/wp\/v2\/product\/17864","targetHints":{"allow":["GET"]}}],"collection":[{"href":"https:\/\/esquell.eu\/fr\/wp-json\/wp\/v2\/product"}],"about":[{"href":"https:\/\/esquell.eu\/fr\/wp-json\/wp\/v2\/types\/product"}],"replies":[{"embeddable":true,"href":"https:\/\/esquell.eu\/fr\/wp-json\/wp\/v2\/comments?post=17864"}],"wp:featuredmedia":[{"embeddable":true,"href":"https:\/\/esquell.eu\/fr\/wp-json\/wp\/v2\/media\/10009"}],"wp:attachment":[{"href":"https:\/\/esquell.eu\/fr\/wp-json\/wp\/v2\/media?parent=17864"}],"wp:term":[{"taxonomy":"more","embeddable":true,"href":"https:\/\/esquell.eu\/fr\/wp-json\/wp\/v2\/more?post=17864"},{"taxonomy":"product_brand","embeddable":true,"href":"https:\/\/esquell.eu\/fr\/wp-json\/wp\/v2\/product_brand?post=17864"},{"taxonomy":"product_cat","embeddable":true,"href":"https:\/\/esquell.eu\/fr\/wp-json\/wp\/v2\/product_cat?post=17864"},{"taxonomy":"product_tag","embeddable":true,"href":"https:\/\/esquell.eu\/fr\/wp-json\/wp\/v2\/product_tag?post=17864"}],"curies":[{"name":"wp","href":"https:\/\/api.w.org\/{rel}","templated":true}]}}