{"id":17852,"date":"2025-09-07T10:44:23","date_gmt":"2025-09-07T10:44:23","guid":{"rendered":"https:\/\/esquell.eu\/product\/jeu-de-peintures-pour-lemaillage-le-verre-et-la-ceramique\/"},"modified":"2025-09-07T10:44:23","modified_gmt":"2025-09-07T10:44:23","slug":"jeu-de-peintures-pour-lemaillage-le-verre-et-la-ceramique","status":"publish","type":"product","link":"https:\/\/esquell.eu\/fr\/produit\/jeu-de-peintures-pour-lemaillage-le-verre-et-la-ceramique\/","title":{"rendered":"Jeu de peintures pour l&rsquo;\u00e9maillage, le verre et la c\u00e9ramique."},"content":{"rendered":"<p>Set de peinture de base pour l&rsquo;\u00e9maillage, le verre et la c\u00e9ramique.<\/p>\n<p>Avec cette peinture de diff\u00e9rentes couleurs, vous pouvez dessiner\/peindre sur vos surfaces \u00e9maill\u00e9es, vos pi\u00e8ces en verre ou vos c\u00e9ramiques \u00e9maill\u00e9es, puis les cuire \u00e0 nouveau.<\/p>\n<p>Cuisson (\u00e0 670C-720C) pour cr\u00e9er des motifs uniques.<br \/>\nContient ; 12 couleurs opaques (total 90 grammes environ)<br \/>\n1x 30 ml de m\u00e9dium \u00e0 base d&rsquo;eau<br \/>\n1x 20 ml de m\u00e9dium \u00e0 base de solvant<\/p>\n<p>Dans une bo\u00eete de rangement pratique.<\/p>\n","protected":false},"excerpt":{"rendered":"<p>Set de peinture de base pour l&rsquo;\u00e9maillage, le verre et la c\u00e9ramique. Avec cette peinture de diff\u00e9rentes couleurs, vous pouvez dessiner\/peindre sur vos surfaces \u00e9maill\u00e9es, vos pi\u00e8ces en verre ou vos c\u00e9ramiques \u00e9maill\u00e9es, puis les cuire \u00e0 nouveau. Cuisson (\u00e0 670C-720C) pour cr\u00e9er des motifs uniques. Contient ; 12 couleurs opaques (total 90 grammes environ)&#8230;<\/p>\n","protected":false},"featured_media":8976,"comment_status":"closed","ping_status":"closed","template":"","meta":{"_acf_changed":false,"_seopress_robots_primary_cat":"none","_seopress_titles_title":"","_seopress_titles_desc":"","_seopress_robots_index":""},"more":[],"product_brand":[6521],"product_cat":[11931,6705],"product_tag":[],"class_list":{"0":"post-17852","1":"product","2":"type-product","3":"status-publish","4":"has-post-thumbnail","6":"product_brand-promethee","7":"product_cat-nouveau","8":"product_cat-outils-et-fournitures-pour-lemaillage","10":"first","11":"instock","12":"taxable","13":"shipping-taxable","14":"purchasable","15":"product-type-simple"},"acf":[],"_links":{"self":[{"href":"https:\/\/esquell.eu\/fr\/wp-json\/wp\/v2\/product\/17852","targetHints":{"allow":["GET"]}}],"collection":[{"href":"https:\/\/esquell.eu\/fr\/wp-json\/wp\/v2\/product"}],"about":[{"href":"https:\/\/esquell.eu\/fr\/wp-json\/wp\/v2\/types\/product"}],"replies":[{"embeddable":true,"href":"https:\/\/esquell.eu\/fr\/wp-json\/wp\/v2\/comments?post=17852"}],"wp:featuredmedia":[{"embeddable":true,"href":"https:\/\/esquell.eu\/fr\/wp-json\/wp\/v2\/media\/8976"}],"wp:attachment":[{"href":"https:\/\/esquell.eu\/fr\/wp-json\/wp\/v2\/media?parent=17852"}],"wp:term":[{"taxonomy":"more","embeddable":true,"href":"https:\/\/esquell.eu\/fr\/wp-json\/wp\/v2\/more?post=17852"},{"taxonomy":"product_brand","embeddable":true,"href":"https:\/\/esquell.eu\/fr\/wp-json\/wp\/v2\/product_brand?post=17852"},{"taxonomy":"product_cat","embeddable":true,"href":"https:\/\/esquell.eu\/fr\/wp-json\/wp\/v2\/product_cat?post=17852"},{"taxonomy":"product_tag","embeddable":true,"href":"https:\/\/esquell.eu\/fr\/wp-json\/wp\/v2\/product_tag?post=17852"}],"curies":[{"name":"wp","href":"https:\/\/api.w.org\/{rel}","templated":true}]}}