{"id":17840,"date":"2025-09-07T11:14:49","date_gmt":"2025-09-07T11:14:49","guid":{"rendered":"https:\/\/esquell.eu\/product\/tapis-de-marquage-en-silicone-coquillages-taille-du-tapis-complet-2114-cm\/"},"modified":"2025-09-07T11:14:49","modified_gmt":"2025-09-07T11:14:49","slug":"tapis-de-marquage-en-silicone-coquillages-taille-du-tapis-complet-2114-cm","status":"publish","type":"product","link":"https:\/\/esquell.eu\/fr\/produit\/tapis-de-marquage-en-silicone-coquillages-taille-du-tapis-complet-2114-cm\/","title":{"rendered":"Tapis de marquage en silicone Coquillages Taille du tapis complet 21*14 cm"},"content":{"rendered":"<p>Ce tapis textur\u00e9 vous permet d&rsquo;appliquer des structures \u00e0 l&rsquo;argile.<\/p>\n<p>Tapis de marquage en silicone. Motif d\u00e9co <\/p>\n<p>Lorsque vous utilisez l&rsquo;arguile d&rsquo;argent, l&rsquo;argile cuivr\u00e9e, l&rsquo;argile bronze et l&rsquo;argile dor\u00e9e, vaporisez d&rsquo;abord les tapis textur\u00e9s avec la formule antiadh\u00e9sive coolslip ou frottez-les avec de l&rsquo;huile d&rsquo;olive.<\/p>\n<p>Si vous utilisez de la fimo, du cernit, du premo, du sculpy, etc., utilisez du talc, par exemple, pour \u00e9viter qu&rsquo;ils ne collent.<\/p>\n","protected":false},"excerpt":{"rendered":"<p>Feuille de timbres. Diverses feuilles et feuilles de foug\u00e8re de diff\u00e9rentes tailles <\/p>\n<p>Convient pour ajouter de la texture \u00e0 l&rsquo;argile molle.<\/p>\n","protected":false},"featured_media":9007,"comment_status":"closed","ping_status":"closed","template":"","meta":{"_acf_changed":false,"_seopress_robots_primary_cat":"none","_seopress_titles_title":"","_seopress_titles_desc":"","_seopress_robots_index":""},"more":[],"product_brand":[6398],"product_cat":[12226],"product_tag":[6386,6388,6404,6378,6390,6372,6658,6958,6389,6409,16105,8451,8209,16098,7689,6763,6374,16099,16100,8998,6761,6381,6640,6816,7670,14735,15220,11338,7431],"class_list":{"0":"post-17840","1":"product","2":"type-product","3":"status-publish","4":"has-post-thumbnail","6":"product_brand-l1","7":"product_cat-textures-et-tampons","8":"product_tag-aida","9":"product_tag-argile","10":"product_tag-argile-argentee","11":"product_tag-argile-metallique","12":"product_tag-argile-metallique-2","13":"product_tag-bijoux","14":"product_tag-bijoux-en-argile","15":"product_tag-boutique","16":"product_tag-boutique-en-ligne","17":"product_tag-bricolage","18":"product_tag-cercles","19":"product_tag-coquilles","20":"product_tag-estampillage","21":"product_tag-estampillage-2","22":"product_tag-etsy","23":"product_tag-facebook","24":"product_tag-faire","25":"product_tag-feuille-de-timbres","26":"product_tag-flikr","27":"product_tag-imprimer","28":"product_tag-instagram","29":"product_tag-japon","30":"product_tag-maison","31":"product_tag-pate-polymere","32":"product_tag-pinterest","33":"product_tag-silicone","34":"product_tag-tapis-de-marquage","35":"product_tag-timbre","36":"product_tag-timbres","37":"product_shipping_class-standard","39":"first","40":"instock","41":"taxable","42":"shipping-taxable","43":"purchasable","44":"product-type-simple"},"acf":[],"_links":{"self":[{"href":"https:\/\/esquell.eu\/fr\/wp-json\/wp\/v2\/product\/17840","targetHints":{"allow":["GET"]}}],"collection":[{"href":"https:\/\/esquell.eu\/fr\/wp-json\/wp\/v2\/product"}],"about":[{"href":"https:\/\/esquell.eu\/fr\/wp-json\/wp\/v2\/types\/product"}],"replies":[{"embeddable":true,"href":"https:\/\/esquell.eu\/fr\/wp-json\/wp\/v2\/comments?post=17840"}],"wp:featuredmedia":[{"embeddable":true,"href":"https:\/\/esquell.eu\/fr\/wp-json\/wp\/v2\/media\/9007"}],"wp:attachment":[{"href":"https:\/\/esquell.eu\/fr\/wp-json\/wp\/v2\/media?parent=17840"}],"wp:term":[{"taxonomy":"more","embeddable":true,"href":"https:\/\/esquell.eu\/fr\/wp-json\/wp\/v2\/more?post=17840"},{"taxonomy":"product_brand","embeddable":true,"href":"https:\/\/esquell.eu\/fr\/wp-json\/wp\/v2\/product_brand?post=17840"},{"taxonomy":"product_cat","embeddable":true,"href":"https:\/\/esquell.eu\/fr\/wp-json\/wp\/v2\/product_cat?post=17840"},{"taxonomy":"product_tag","embeddable":true,"href":"https:\/\/esquell.eu\/fr\/wp-json\/wp\/v2\/product_tag?post=17840"}],"curies":[{"name":"wp","href":"https:\/\/api.w.org\/{rel}","templated":true}]}}