{"id":17801,"date":"2025-09-07T11:10:45","date_gmt":"2025-09-07T11:10:45","guid":{"rendered":"https:\/\/esquell.eu\/product\/abalone-eclats-de-coquillage-pour-incrustation-coquille-perle-5gram-differentes-couleurs\/"},"modified":"2025-09-07T11:10:45","modified_gmt":"2025-09-07T11:10:45","slug":"abalone-eclats-de-coquillage-pour-incrustation-coquille-perle-5gram-differentes-couleurs","status":"publish","type":"product","link":"https:\/\/esquell.eu\/fr\/produit\/abalone-eclats-de-coquillage-pour-incrustation-coquille-perle-5gram-differentes-couleurs\/","title":{"rendered":"Abalone, \u00e9clats de coquillage pour incrustation. Coquille. Perle. 5gram Diff\u00e9rentes couleurs"},"content":{"rendered":"<p>Abalone, \u00c9clats de coquille,<\/p>\n<p>Coquille naturelle<\/p>\n<p>Coquille pour incrustation <\/p>\n<p>Contenu 5 g.<\/p>\n<p>Ajoutez une brillance et une couleur luxueuses et naturelles \u00e0 vos bijoux gr\u00e2ce \u00e0 l&rsquo;ormeau.<\/p>\n<p>Les coquillages sont de diff\u00e9rentes couleurs et ont un \u00e9clat nacr\u00e9 brillant.<\/p>\n<p>Id\u00e9al pour r\u00e9aliser des incrustations dans les bijoux<\/p>\n<p>Utilisez ces pi\u00e8ces de carapace en combinaison avec la r\u00e9sine UV Led.<\/p>\n<p>Les pi\u00e8ces peuvent \u00eatre facilement coup\u00e9es sur mesure ou bronz\u00e9es.<\/p>\n<p>Veillez \u00e0 ce qu&rsquo;il y ait suffisamment de place dans votre bijou pour l&rsquo;incrustation.<\/p>\n<p>Compl\u00e9tez l&rsquo;ornement et terminez-le comme d&rsquo;habitude.<\/p>\n<p>Remplir les espaces avec de l&rsquo;incrustation d\u00e9chiquet\u00e9e<\/p>\n<p>Tout d&rsquo;abord, une fine couche de r\u00e9sine UV\/LED.<\/p>\n<p>Et terminez par une couche de r\u00e9sine.<\/p>\n<p>Les couleurs peuvent \u00eatre utilis\u00e9es s\u00e9par\u00e9ment, mais aussi m\u00e9lang\u00e9es ou combin\u00e9es en un seul bijou.<\/p>\n","protected":false},"excerpt":{"rendered":"<p>Abalone, \u00c9clats de coquille, Coquille naturelle Coquille pour incrustation Contenu 5 g. Ajoutez une brillance et une couleur luxueuses et naturelles \u00e0 vos bijoux gr\u00e2ce \u00e0 l&rsquo;ormeau. Les coquillages sont de diff\u00e9rentes couleurs et ont un \u00e9clat nacr\u00e9 brillant. Id\u00e9al pour r\u00e9aliser des incrustations dans les bijoux Utilisez ces pi\u00e8ces de carapace en combinaison avec&#8230;<\/p>\n","protected":false},"featured_media":8989,"comment_status":"closed","ping_status":"closed","template":"","meta":{"_acf_changed":false,"_seopress_robots_primary_cat":"none","_seopress_titles_title":"","_seopress_titles_desc":"","_seopress_robots_index":""},"more":[],"product_brand":[6398],"product_cat":[9873,6364],"product_tag":[6372,6522,16085,16083,12914,16081,15618,7245,6423,16082,16084,6374,16086,16080,9897,10933,7506,13013,15622,11533],"class_list":{"0":"post-17801","1":"product","2":"type-product","3":"status-publish","4":"has-post-thumbnail","6":"product_brand-l1","7":"product_cat-led-et-resine-uv","8":"product_cat-materiel-supplementaire","9":"product_tag-bijoux","10":"product_tag-blanc","11":"product_tag-blanc-4","12":"product_tag-blanc-casse","13":"product_tag-bleu-3","14":"product_tag-copeaux-dormeau","15":"product_tag-coquille-2","16":"product_tag-couleurs","17":"product_tag-de","18":"product_tag-dechiquette","19":"product_tag-eteint","20":"product_tag-faire","21":"product_tag-morceaux-de-coquille","22":"product_tag-ormeau","23":"product_tag-perle-2","24":"product_tag-pieces-3","25":"product_tag-pour","26":"product_tag-pourpre-2","27":"product_tag-pourpre-3","28":"product_tag-rose-3","29":"pa_kleur-blanc-casse","30":"pa_kleur-bleu","31":"pa_kleur-pourpre","32":"pa_kleur-rose","33":"pa_kleur-vert","35":"first","36":"instock","37":"taxable","38":"shipping-taxable","39":"purchasable","40":"product-type-variable"},"acf":[],"_links":{"self":[{"href":"https:\/\/esquell.eu\/fr\/wp-json\/wp\/v2\/product\/17801","targetHints":{"allow":["GET"]}}],"collection":[{"href":"https:\/\/esquell.eu\/fr\/wp-json\/wp\/v2\/product"}],"about":[{"href":"https:\/\/esquell.eu\/fr\/wp-json\/wp\/v2\/types\/product"}],"replies":[{"embeddable":true,"href":"https:\/\/esquell.eu\/fr\/wp-json\/wp\/v2\/comments?post=17801"}],"wp:featuredmedia":[{"embeddable":true,"href":"https:\/\/esquell.eu\/fr\/wp-json\/wp\/v2\/media\/8989"}],"wp:attachment":[{"href":"https:\/\/esquell.eu\/fr\/wp-json\/wp\/v2\/media?parent=17801"}],"wp:term":[{"taxonomy":"more","embeddable":true,"href":"https:\/\/esquell.eu\/fr\/wp-json\/wp\/v2\/more?post=17801"},{"taxonomy":"product_brand","embeddable":true,"href":"https:\/\/esquell.eu\/fr\/wp-json\/wp\/v2\/product_brand?post=17801"},{"taxonomy":"product_cat","embeddable":true,"href":"https:\/\/esquell.eu\/fr\/wp-json\/wp\/v2\/product_cat?post=17801"},{"taxonomy":"product_tag","embeddable":true,"href":"https:\/\/esquell.eu\/fr\/wp-json\/wp\/v2\/product_tag?post=17801"}],"curies":[{"name":"wp","href":"https:\/\/api.w.org\/{rel}","templated":true}]}}