{"id":17770,"date":"2025-09-07T10:37:42","date_gmt":"2025-09-07T10:37:42","guid":{"rendered":"https:\/\/esquell.eu\/product\/moule-de-finition-moule-en-silicone-bee-071\/"},"modified":"2025-09-07T10:37:42","modified_gmt":"2025-09-07T10:37:42","slug":"moule-de-finition-moule-en-silicone-bee-071","status":"publish","type":"product","link":"https:\/\/esquell.eu\/fr\/produit\/moule-de-finition-moule-en-silicone-bee-071\/","title":{"rendered":"Moule de finition. Moule en silicone Bee 071"},"content":{"rendered":"<p>Moule de finition. Connecteur 1 Liens <\/p>\n<p>Moule de finition.<br \/>\nMoule en silicone pour la fabrication de liens<\/p>\n<p>&nbsp;<\/p>\n","protected":false},"excerpt":{"rendered":"<p>Moule pour touche de finition.<br \/>\nMoule en silicone pour la finition<\/p>\n<p>Petits ornements qui peuvent \u00eatre utilis\u00e9s pour une finition exclusive parfaite de vos bijoux en p\u00e2te m\u00e9tallique ou en p\u00e2te polym\u00e8re.<\/p>\n<p>Moule avec 1 forme en trois tailles<br \/>\nEn utilisant de tr\u00e8s petites quantit\u00e9s d&rsquo;argile, r\u00e9alisez un nombre illimit\u00e9 de touches de finition identiques en quelques minutes.<br \/>\nTailles : 4mm, 5mm, et 6mm<\/p>\n<p>&nbsp;<\/p>\n","protected":false},"featured_media":8967,"comment_status":"closed","ping_status":"closed","template":"","meta":{"_acf_changed":false,"_seopress_robots_primary_cat":"none","_seopress_titles_title":"","_seopress_titles_desc":"","_seopress_robots_index":""},"more":[],"product_brand":[6736],"product_cat":[15643,11931],"product_tag":[15104,6386,6404,6378,6372,8424,6423,6374,10198,11839,16036,16042,6381,6968,16040,10176,16044,9874,10552,15097,7506,6749,14735,16038,9388],"class_list":{"0":"post-17770","1":"product","2":"type-product","3":"status-publish","4":"has-post-thumbnail","6":"product_brand-des-outils-sympas","7":"product_cat-moules","8":"product_cat-nouveau","9":"product_tag-a-lexclusion","10":"product_tag-aida","11":"product_tag-argile-argentee","12":"product_tag-argile-metallique","13":"product_tag-bijoux","14":"product_tag-cooltools","15":"product_tag-de","16":"product_tag-faire","17":"product_tag-finition","18":"product_tag-finition-2","19":"product_tag-finition-3","20":"product_tag-gras","21":"product_tag-japon","22":"product_tag-liens","23":"product_tag-mais-moule","24":"product_tag-metaaklei","25":"product_tag-mince","26":"product_tag-moule-2","27":"product_tag-moule-3","28":"product_tag-moules-2","29":"product_tag-pour","30":"product_tag-professionnel","31":"product_tag-silicone","32":"product_tag-toucher","33":"product_tag-types","34":"product_shipping_class-standard","36":"first","37":"outofstock","38":"taxable","39":"shipping-taxable","40":"purchasable","41":"product-type-simple"},"acf":[],"_links":{"self":[{"href":"https:\/\/esquell.eu\/fr\/wp-json\/wp\/v2\/product\/17770","targetHints":{"allow":["GET"]}}],"collection":[{"href":"https:\/\/esquell.eu\/fr\/wp-json\/wp\/v2\/product"}],"about":[{"href":"https:\/\/esquell.eu\/fr\/wp-json\/wp\/v2\/types\/product"}],"replies":[{"embeddable":true,"href":"https:\/\/esquell.eu\/fr\/wp-json\/wp\/v2\/comments?post=17770"}],"wp:featuredmedia":[{"embeddable":true,"href":"https:\/\/esquell.eu\/fr\/wp-json\/wp\/v2\/media\/8967"}],"wp:attachment":[{"href":"https:\/\/esquell.eu\/fr\/wp-json\/wp\/v2\/media?parent=17770"}],"wp:term":[{"taxonomy":"more","embeddable":true,"href":"https:\/\/esquell.eu\/fr\/wp-json\/wp\/v2\/more?post=17770"},{"taxonomy":"product_brand","embeddable":true,"href":"https:\/\/esquell.eu\/fr\/wp-json\/wp\/v2\/product_brand?post=17770"},{"taxonomy":"product_cat","embeddable":true,"href":"https:\/\/esquell.eu\/fr\/wp-json\/wp\/v2\/product_cat?post=17770"},{"taxonomy":"product_tag","embeddable":true,"href":"https:\/\/esquell.eu\/fr\/wp-json\/wp\/v2\/product_tag?post=17770"}],"curies":[{"name":"wp","href":"https:\/\/api.w.org\/{rel}","templated":true}]}}