{"id":17769,"date":"2025-09-07T10:51:13","date_gmt":"2025-09-07T10:51:13","guid":{"rendered":"https:\/\/esquell.eu\/product\/support-pour-lemaillage\/"},"modified":"2025-09-07T10:51:13","modified_gmt":"2025-09-07T10:51:13","slug":"support-pour-lemaillage","status":"publish","type":"product","link":"https:\/\/esquell.eu\/fr\/produit\/support-pour-lemaillage\/","title":{"rendered":"Support pour l&rsquo;\u00e9maillage"},"content":{"rendered":"<p>Support durable pour l&rsquo;\u00e9maillage au br\u00fbleur et l&rsquo;\u00e9maillage au four. Ce support emp\u00eache les pi\u00e8ces de glisser et de tomber. Le contact entre la pi\u00e8ce \u00e9maill\u00e9e et le support \u00e9tant minime, il n&rsquo;y a que peu ou pas de travail de nettoyage. Pour l&rsquo;\u00e9maillage au chalumeau : placez le support dans le <strong>tr\u00e9pied <\/strong>pour br\u00fbler avec un chalumeau par le bas.   <\/p>\n","protected":false},"excerpt":{"rendered":"<p>Le fixateur Klyr-Fire est id\u00e9al pour maintenir la poudre d&rsquo;\u00e9mail en place pendant que vous dessinez. Il suffit d&rsquo;appliquer le liquide sur votre surface avant d&rsquo;appliquer l&rsquo;\u00e9mail. Utilisez le rem\u00e8de non dilu\u00e9 pour la poudre d&rsquo;\u00e9mail ou pour maintenir le fil de cloisonne en place. Pour obtenir un fixateur \u00e0 vaporiser, m\u00e9langez cette formule \u00e0 base d&rsquo;eau avec des parts \u00e9gales d&rsquo;eau et mettez-la dans un flacon pulv\u00e9risateur, un flacon pulv\u00e9risateur, un flacon pulv\u00e9risateur et un flacon pulv\u00e9risateur.   <\/p>\n<p>Convient \u00e9galement pour le fusing du verre. Avec Klyr Fire, les morceaux de verre, la fritte, etc. sont maintenus en place. <\/p>\n","protected":false},"featured_media":8984,"comment_status":"closed","ping_status":"closed","template":"","meta":{"_acf_changed":false,"_seopress_robots_primary_cat":"none","_seopress_titles_title":"","_seopress_titles_desc":"","_seopress_robots_index":""},"more":[],"product_brand":[6736],"product_cat":[11931,6705],"product_tag":[9919,8424,7229,7233,16039,13676,16037,16035,9741,16045,16047,16046,7506,16043,15194,10680,16041],"class_list":{"0":"post-17769","1":"product","2":"type-product","3":"status-publish","4":"has-post-thumbnail","6":"product_brand-des-outils-sympas","7":"product_cat-nouveau","8":"product_cat-outils-et-fournitures-pour-lemaillage","9":"product_tag-colle","10":"product_tag-cooltools","11":"product_tag-email","12":"product_tag-emaillage","13":"product_tag-fixateur","14":"product_tag-fixer-3","15":"product_tag-fournitures-pour-email","16":"product_tag-klyr-fire","17":"product_tag-poudre-demail-2","18":"product_tag-poudre-demail-3","19":"product_tag-poudre-de-verre","20":"product_tag-poudres","21":"product_tag-pour","22":"product_tag-temporaire","23":"product_tag-titulaire","24":"product_tag-trivert","25":"product_tag-vvor","27":"first","28":"instock","29":"taxable","30":"shipping-taxable","31":"purchasable","32":"product-type-simple"},"acf":[],"_links":{"self":[{"href":"https:\/\/esquell.eu\/fr\/wp-json\/wp\/v2\/product\/17769","targetHints":{"allow":["GET"]}}],"collection":[{"href":"https:\/\/esquell.eu\/fr\/wp-json\/wp\/v2\/product"}],"about":[{"href":"https:\/\/esquell.eu\/fr\/wp-json\/wp\/v2\/types\/product"}],"replies":[{"embeddable":true,"href":"https:\/\/esquell.eu\/fr\/wp-json\/wp\/v2\/comments?post=17769"}],"wp:featuredmedia":[{"embeddable":true,"href":"https:\/\/esquell.eu\/fr\/wp-json\/wp\/v2\/media\/8984"}],"wp:attachment":[{"href":"https:\/\/esquell.eu\/fr\/wp-json\/wp\/v2\/media?parent=17769"}],"wp:term":[{"taxonomy":"more","embeddable":true,"href":"https:\/\/esquell.eu\/fr\/wp-json\/wp\/v2\/more?post=17769"},{"taxonomy":"product_brand","embeddable":true,"href":"https:\/\/esquell.eu\/fr\/wp-json\/wp\/v2\/product_brand?post=17769"},{"taxonomy":"product_cat","embeddable":true,"href":"https:\/\/esquell.eu\/fr\/wp-json\/wp\/v2\/product_cat?post=17769"},{"taxonomy":"product_tag","embeddable":true,"href":"https:\/\/esquell.eu\/fr\/wp-json\/wp\/v2\/product_tag?post=17769"}],"curies":[{"name":"wp","href":"https:\/\/api.w.org\/{rel}","templated":true}]}}