{"id":17721,"date":"2025-09-08T11:35:10","date_gmt":"2025-09-08T11:35:10","guid":{"rendered":"https:\/\/esquell.eu\/product\/baton-de-feutre-pour-le-polissage-haute-brillance-differents-types\/"},"modified":"2025-12-31T09:55:38","modified_gmt":"2025-12-31T09:55:38","slug":"baton-de-feutre-pour-le-polissage-haute-brillance-differents-types","status":"publish","type":"product","link":"https:\/\/esquell.eu\/fr\/produit\/baton-de-feutre-pour-le-polissage-haute-brillance-differents-types\/","title":{"rendered":"B\u00e2ton de feutre pour le polissage haute brillance Diff\u00e9rents types"},"content":{"rendered":"<p>B\u00e2ton pratique doubl\u00e9 de feutre pour le polissage haute brillance des m\u00e9taux pr\u00e9cieux et communs.<\/p>\n<p>Feltstick, b\u00e2ton de feutre.<\/p>\n<p>Choix de b\u00e2ton large et \u00e9troit.<\/p>\n","protected":false},"excerpt":{"rendered":"<p>Avec cette m\u00e8che, les extr\u00e9mit\u00e9s du fil, par exemple pour le fil utilis\u00e9 pour faire un sertissage, peuvent \u00eatre parfaitement finies. A utiliser comme outil manuel en combinaison avec le <strong><a href=\"https:\/\/www.esquell.nl\/p\/boorhouder\"><u>mandrin de per\u00e7age<\/u><\/a><\/strong> ou dans un dremel ou un multitool <\/p>\n<p>&nbsp;<\/p>\n<p>Arbre 2,35 mm<\/p>\n","protected":false},"featured_media":9123,"comment_status":"closed","ping_status":"closed","template":"","meta":{"_acf_changed":false,"_seopress_robots_primary_cat":"none","_seopress_titles_title":"","_seopress_titles_desc":"","_seopress_robots_index":""},"more":[],"product_brand":[6382],"product_cat":[11931,6366],"product_tag":[],"class_list":{"0":"post-17721","1":"product","2":"type-product","3":"status-publish","4":"has-post-thumbnail","6":"product_brand-acs","7":"product_cat-nouveau","8":"product_cat-poncage-limage-et-polissage","9":"product_shipping_class-standard","10":"pa_diameter-16014","11":"pa_diameter-22120mm","13":"first","14":"instock","15":"taxable","16":"shipping-taxable","17":"purchasable","18":"product-type-variable"},"acf":[],"_links":{"self":[{"href":"https:\/\/esquell.eu\/fr\/wp-json\/wp\/v2\/product\/17721","targetHints":{"allow":["GET"]}}],"collection":[{"href":"https:\/\/esquell.eu\/fr\/wp-json\/wp\/v2\/product"}],"about":[{"href":"https:\/\/esquell.eu\/fr\/wp-json\/wp\/v2\/types\/product"}],"replies":[{"embeddable":true,"href":"https:\/\/esquell.eu\/fr\/wp-json\/wp\/v2\/comments?post=17721"}],"wp:featuredmedia":[{"embeddable":true,"href":"https:\/\/esquell.eu\/fr\/wp-json\/wp\/v2\/media\/9123"}],"wp:attachment":[{"href":"https:\/\/esquell.eu\/fr\/wp-json\/wp\/v2\/media?parent=17721"}],"wp:term":[{"taxonomy":"more","embeddable":true,"href":"https:\/\/esquell.eu\/fr\/wp-json\/wp\/v2\/more?post=17721"},{"taxonomy":"product_brand","embeddable":true,"href":"https:\/\/esquell.eu\/fr\/wp-json\/wp\/v2\/product_brand?post=17721"},{"taxonomy":"product_cat","embeddable":true,"href":"https:\/\/esquell.eu\/fr\/wp-json\/wp\/v2\/product_cat?post=17721"},{"taxonomy":"product_tag","embeddable":true,"href":"https:\/\/esquell.eu\/fr\/wp-json\/wp\/v2\/product_tag?post=17721"}],"curies":[{"name":"wp","href":"https:\/\/api.w.org\/{rel}","templated":true}]}}