{"id":17692,"date":"2025-09-08T09:52:29","date_gmt":"2025-09-08T09:52:29","guid":{"rendered":"https:\/\/esquell.eu\/product\/mini-moule-en-silicone-avec-etoile-de-neige-cristal-de-glace\/"},"modified":"2025-09-08T09:52:29","modified_gmt":"2025-09-08T09:52:29","slug":"mini-moule-en-silicone-avec-etoile-de-neige-cristal-de-glace","status":"publish","type":"product","link":"https:\/\/esquell.eu\/fr\/produit\/mini-moule-en-silicone-avec-etoile-de-neige-cristal-de-glace\/","title":{"rendered":"Mini-moule en silicone avec \u00e9toile de neige, cristal de glace"},"content":{"rendered":"<p>Moule en silicone avec divers cristaux de glace\/\u00e9toiles de neige<\/p>\n<p>Relief fin, \u00e0 appliquer sur une base.<\/p>\n<p>Taille du moule entier environ 6*6,5 cm<\/p>\n<p>Peut \u00eatre utilis\u00e9 avec de la p\u00e2te \u00e0 modeler m\u00e9tallique, de la p\u00e2te \u00e0 modeler argent\u00e9e, de la p\u00e2te \u00e0 modeler bronze, de la p\u00e2te \u00e0 modeler cuivre, de la p\u00e2te \u00e0 modeler fimo, de la p\u00e2te \u00e0 modeler polym\u00e8re, du cernit, etc.<\/p>\n<p>Vaporisez toujours la <a href=\"https:\/\/esquell.eu\/fr\/produit\/formule-antiadhesive-coolslip\/\">formule antiadh\u00e9sive coolslip<\/a> avant de l&rsquo;utiliser. Cela emp\u00eache l&rsquo;argile de coller aux moules.<\/p>\n","protected":false},"excerpt":{"rendered":"<p>Moule en silicone avec plume de paon<\/p>\n<p>Relief fin, appliquer sur le support.<\/p>\n<p>Dimensions du moule entier : environ 6*3,5 cm<\/p>\n<p>A utiliser avec la p\u00e2te \u00e0 modeler, la p\u00e2te d&rsquo;argent, la p\u00e2te de bronze, la p\u00e2te de cuivre, la p\u00e2te fimo, la p\u00e2te polym\u00e8re, le cernit, etc.<\/p>\n<p>Vaporisez toujours la formule antiadh\u00e9sive coolslip avant de l&rsquo;utiliser. Cela emp\u00eache l&rsquo;argile de coller aux moules. <\/p>\n","protected":false},"featured_media":9098,"comment_status":"closed","ping_status":"closed","template":"","meta":{"_acf_changed":false,"_seopress_robots_primary_cat":"none","_seopress_titles_title":"","_seopress_titles_desc":"","_seopress_robots_index":""},"more":[],"product_brand":[6398],"product_cat":[15643,11931],"product_tag":[6645,6646,7929,6945,7024,6923,7098,6638,6931,7096,6388,6473,6420,6530,7141,6378,6390,15655,6947,15653,6949,8422,6393,6372,6402,8350,6641,6941,6792,7360,8368,7582,6716,7116,6409,6412,6528,6935,7770,6819,6794,7762,9919,6962,8224,7871,7104,7047,6655,8503,7038,8492,9797,7766,6374,6815,6785,6653,9392,6933,6651,6659,6951,8241,7648,6369,6634,7215,6930,7026,6789,11024,8497,7031,7040,15646,9874,10552,15647,6661,6567,6937,6643,6657,15657,6816,6391,6665,6774,7092,15658,7029,7094,8736,6751,7774,9894,9896,15644,6443,6925,14735,15649,6407,6663,6787,9892,11627,6408,6667,15651,7032],"class_list":{"0":"post-17692","1":"product","2":"type-product","3":"status-publish","4":"has-post-thumbnail","6":"product_brand-l1","7":"product_cat-moules","8":"product_cat-nouveau","9":"product_tag-a","10":"product_tag-acheter","11":"product_tag-acrylique","12":"product_tag-alkmaar","13":"product_tag-almere","14":"product_tag-amsterdam","15":"product_tag-anneau","16":"product_tag-anneaux","17":"product_tag-anvers","18":"product_tag-apeldoorn","19":"product_tag-argile","20":"product_tag-argile-2","21":"product_tag-argile-bronze","22":"product_tag-argile-bronzee","23":"product_tag-argile-cuivree","24":"product_tag-argile-metallique","25":"product_tag-argile-metallique-2","26":"product_tag-argiles-3","27":"product_tag-arnhem","28":"product_tag-artclaysilver-co-uk-cooltools-2","29":"product_tag-assen","30":"product_tag-aussie","31":"product_tag-belgique","32":"product_tag-bijoux","33":"product_tag-bon-marche","34":"product_tag-boucle-doreille","35":"product_tag-boucles-doreilles","36":"product_tag-brabant","37":"product_tag-bracelet","38":"product_tag-bracelets","39":"product_tag-brachelet","40":"product_tag-breda","41":"product_tag-breloques","42":"product_tag-breloques-2","43":"product_tag-bricolage","44":"product_tag-bronze","45":"product_tag-bronze-2","46":"product_tag-bruxelles","47":"product_tag-camps","48":"product_tag-cernit","49":"product_tag-chaine","50":"product_tag-coevorden","51":"product_tag-colle","52":"product_tag-collier","53":"product_tag-conseils","54":"product_tag-creatif","55":"product_tag-cuivre-2","56":"product_tag-delft","57":"product_tag-drenthe","58":"product_tag-dronten","59":"product_tag-eindhoven","60":"product_tag-emmen","61":"product_tag-epoxy","62":"product_tag-etreilen","63":"product_tag-faire","64":"product_tag-fimo","65":"product_tag-flevoland","66":"product_tag-frise","67":"product_tag-gamme","68":"product_tag-gentilhomme","69":"product_tag-groningue","70":"product_tag-gueldre","71":"product_tag-heerenveen","72":"product_tag-hobby","73":"product_tag-idees","74":"product_tag-largent","75":"product_tag-largent-3","76":"product_tag-lor-2","77":"product_tag-leeuwarden","78":"product_tag-lelystad","79":"product_tag-limbourg","80":"product_tag-materiaux","81":"product_tag-meppel","82":"product_tag-metal-2","83":"product_tag-middelburg","84":"product_tag-modele-2","85":"product_tag-moule-2","86":"product_tag-moule-3","87":"product_tag-moules-moule","88":"product_tag-nord","89":"product_tag-offrir","90":"product_tag-ostende","91":"product_tag-ou","92":"product_tag-overijssel","93":"product_tag-paon-2","94":"product_tag-pate-polymere","95":"product_tag-pays-bas","96":"product_tag-pays-bas-2","97":"product_tag-pendentif","98":"product_tag-pendentif-2","99":"product_tag-plume-de-paon","100":"product_tag-pmc","101":"product_tag-pont","102":"product_tag-presomptueux","103":"product_tag-reduction","104":"product_tag-resine","105":"product_tag-resine-2","106":"product_tag-resine-acrylique","107":"product_tag-resine-epoxy","108":"product_tag-resine-uv","109":"product_tag-rotterdam","110":"product_tag-silicone","111":"product_tag-silicone-3","112":"product_tag-silverclay-co-uk","113":"product_tag-sud","114":"product_tag-utrecht","115":"product_tag-uv","116":"product_tag-uvresin","117":"product_tag-vous","118":"product_tag-zelande","119":"product_tag-zivlver-malleable-2","120":"product_tag-zwolle","121":"product_shipping_class-standard","123":"first","124":"instock","125":"taxable","126":"shipping-taxable","127":"purchasable","128":"product-type-simple"},"acf":[],"_links":{"self":[{"href":"https:\/\/esquell.eu\/fr\/wp-json\/wp\/v2\/product\/17692","targetHints":{"allow":["GET"]}}],"collection":[{"href":"https:\/\/esquell.eu\/fr\/wp-json\/wp\/v2\/product"}],"about":[{"href":"https:\/\/esquell.eu\/fr\/wp-json\/wp\/v2\/types\/product"}],"replies":[{"embeddable":true,"href":"https:\/\/esquell.eu\/fr\/wp-json\/wp\/v2\/comments?post=17692"}],"wp:featuredmedia":[{"embeddable":true,"href":"https:\/\/esquell.eu\/fr\/wp-json\/wp\/v2\/media\/9098"}],"wp:attachment":[{"href":"https:\/\/esquell.eu\/fr\/wp-json\/wp\/v2\/media?parent=17692"}],"wp:term":[{"taxonomy":"more","embeddable":true,"href":"https:\/\/esquell.eu\/fr\/wp-json\/wp\/v2\/more?post=17692"},{"taxonomy":"product_brand","embeddable":true,"href":"https:\/\/esquell.eu\/fr\/wp-json\/wp\/v2\/product_brand?post=17692"},{"taxonomy":"product_cat","embeddable":true,"href":"https:\/\/esquell.eu\/fr\/wp-json\/wp\/v2\/product_cat?post=17692"},{"taxonomy":"product_tag","embeddable":true,"href":"https:\/\/esquell.eu\/fr\/wp-json\/wp\/v2\/product_tag?post=17692"}],"curies":[{"name":"wp","href":"https:\/\/api.w.org\/{rel}","templated":true}]}}