{"id":17588,"date":"2025-09-08T17:32:56","date_gmt":"2025-09-08T17:32:56","guid":{"rendered":"https:\/\/esquell.eu\/product\/pendentif-anneau-bague-argent-fin-ancienne\/"},"modified":"2025-09-08T17:32:56","modified_gmt":"2025-09-08T17:32:56","slug":"pendentif-anneau-bague-argent-fin-ancienne","status":"publish","type":"product","link":"https:\/\/esquell.eu\/fr\/produit\/pendentif-anneau-bague-argent-fin-ancienne\/","title":{"rendered":"Pendentif anneau \/ bague Argent fin. Ancienne."},"content":{"rendered":"<p>Anneau de suspension en argent fin<\/p>\n<p>Anneau entier \u00d810mm, style balinais,<\/p>\n<p>Al\u00e9sage \u00d86mm<\/p>\n<p>Diam\u00e8tre int\u00e9rieur petit anneau \u00d82.5mm<\/p>\n<p>Antique<\/p>\n","protected":false},"excerpt":{"rendered":"<p>Snap on<br \/>\nPendentif en argent, anneau, argent 925<\/p>\n<p>7.2 x 2.4mm<\/p>\n","protected":false},"featured_media":9136,"comment_status":"closed","ping_status":"closed","template":"","meta":{"_acf_changed":false,"_seopress_robots_primary_cat":"none","_seopress_titles_title":"","_seopress_titles_desc":"","_seopress_robots_index":""},"more":[],"product_brand":[6914],"product_cat":[11931,12319],"product_tag":[6470,6372,15818,6409,12322,6794,6962,7018,7780,6423,10080,15825,6374,10198,6635,12622,6369,6550,6634,6774,12320,6644,7506,6922,6954,6778,15822,15820,6919,15824,6776],"class_list":{"0":"post-17588","1":"product","2":"type-product","3":"status-publish","4":"has-post-thumbnail","6":"product_brand-ayu","7":"product_cat-nouveau","8":"product_cat-oeillets-de-pendentifs-bails-et-oeillets-a-vis","9":"product_tag-6470","10":"product_tag-bijoux","11":"product_tag-bijoux-mercerie-2","12":"product_tag-bricolage","13":"product_tag-caution","14":"product_tag-chaine","15":"product_tag-collier","16":"product_tag-collier-2","17":"product_tag-collier-3","18":"product_tag-de","19":"product_tag-fabrication-de-bijoux-2","20":"product_tag-fabrication-de-bijoux-4","21":"product_tag-faire","22":"product_tag-finition","23":"product_tag-fournitures","24":"product_tag-fournitures-pour-bijoux-6","25":"product_tag-largent","26":"product_tag-largent-2","27":"product_tag-largent-3","28":"product_tag-pendentif","29":"product_tag-pendentif-oeil","30":"product_tag-pieces","31":"product_tag-pour","32":"product_tag-pur","33":"product_tag-pur-2","34":"product_tag-reel","35":"product_tag-snap","36":"product_tag-snapon","37":"product_tag-sterling","38":"product_tag-sur-2","39":"product_tag-vraiment","41":"first","42":"instock","43":"taxable","44":"shipping-taxable","45":"purchasable","46":"product-type-simple"},"acf":[],"_links":{"self":[{"href":"https:\/\/esquell.eu\/fr\/wp-json\/wp\/v2\/product\/17588","targetHints":{"allow":["GET"]}}],"collection":[{"href":"https:\/\/esquell.eu\/fr\/wp-json\/wp\/v2\/product"}],"about":[{"href":"https:\/\/esquell.eu\/fr\/wp-json\/wp\/v2\/types\/product"}],"replies":[{"embeddable":true,"href":"https:\/\/esquell.eu\/fr\/wp-json\/wp\/v2\/comments?post=17588"}],"wp:featuredmedia":[{"embeddable":true,"href":"https:\/\/esquell.eu\/fr\/wp-json\/wp\/v2\/media\/9136"}],"wp:attachment":[{"href":"https:\/\/esquell.eu\/fr\/wp-json\/wp\/v2\/media?parent=17588"}],"wp:term":[{"taxonomy":"more","embeddable":true,"href":"https:\/\/esquell.eu\/fr\/wp-json\/wp\/v2\/more?post=17588"},{"taxonomy":"product_brand","embeddable":true,"href":"https:\/\/esquell.eu\/fr\/wp-json\/wp\/v2\/product_brand?post=17588"},{"taxonomy":"product_cat","embeddable":true,"href":"https:\/\/esquell.eu\/fr\/wp-json\/wp\/v2\/product_cat?post=17588"},{"taxonomy":"product_tag","embeddable":true,"href":"https:\/\/esquell.eu\/fr\/wp-json\/wp\/v2\/product_tag?post=17588"}],"curies":[{"name":"wp","href":"https:\/\/api.w.org\/{rel}","templated":true}]}}