{"id":17545,"date":"2025-09-08T18:22:08","date_gmt":"2025-09-08T18:22:08","guid":{"rendered":"https:\/\/esquell.eu\/product\/brosse-a-polir-brosse-a-main-laiton-extra-fine\/"},"modified":"2025-12-22T10:52:38","modified_gmt":"2025-12-22T10:52:38","slug":"brosse-a-polir-brosse-a-main-laiton-extra-fine","status":"publish","type":"product","link":"https:\/\/esquell.eu\/fr\/produit\/brosse-a-polir-brosse-a-main-laiton-extra-fine\/","title":{"rendered":"Brosse \u00e0 polir \/ brosse \u00e0 main laiton extra fine"},"content":{"rendered":"<p>BROSSE \u00c0 MAIN PONCER 0,08 MM 5 rang\u00e9es<\/p>\n<p>Cette brosse \u00e9tant fine et relativement douce, elle convient \u00e9galement au nettoyage des colliers.<\/p>\n<p>Brosse \u00e0 polir pour \u00e9liminer l&rsquo;oxydation et la ternissure sur les m\u00e9taux.<\/p>\n","protected":false},"excerpt":{"rendered":"<p>BROSSE \u00c0 MAIN PONCER 0,08 MM 5 rang\u00e9es<\/p>\n<p>Cette brosse \u00e9tant fine et relativement douce, elle convient \u00e9galement au nettoyage des colliers.<\/p>\n<p>Brosse \u00e0 polir pour \u00e9liminer l&rsquo;oxydation et la ternissure sur les m\u00e9taux.<\/p>\n","protected":false},"featured_media":17546,"comment_status":"closed","ping_status":"closed","template":"","meta":{"_acf_changed":false,"_seopress_robots_primary_cat":"none","_seopress_titles_title":"","_seopress_titles_desc":"","_seopress_robots_index":""},"more":[],"product_brand":[6363],"product_cat":[6366],"product_tag":[],"class_list":{"0":"post-17545","1":"product","2":"type-product","3":"status-publish","4":"has-post-thumbnail","6":"product_brand-bm","7":"product_cat-poncage-limage-et-polissage","9":"first","10":"instock","11":"taxable","12":"shipping-taxable","13":"purchasable","14":"product-type-simple"},"acf":[],"_links":{"self":[{"href":"https:\/\/esquell.eu\/fr\/wp-json\/wp\/v2\/product\/17545","targetHints":{"allow":["GET"]}}],"collection":[{"href":"https:\/\/esquell.eu\/fr\/wp-json\/wp\/v2\/product"}],"about":[{"href":"https:\/\/esquell.eu\/fr\/wp-json\/wp\/v2\/types\/product"}],"replies":[{"embeddable":true,"href":"https:\/\/esquell.eu\/fr\/wp-json\/wp\/v2\/comments?post=17545"}],"wp:featuredmedia":[{"embeddable":true,"href":"https:\/\/esquell.eu\/fr\/wp-json\/wp\/v2\/media\/17546"}],"wp:attachment":[{"href":"https:\/\/esquell.eu\/fr\/wp-json\/wp\/v2\/media?parent=17545"}],"wp:term":[{"taxonomy":"more","embeddable":true,"href":"https:\/\/esquell.eu\/fr\/wp-json\/wp\/v2\/more?post=17545"},{"taxonomy":"product_brand","embeddable":true,"href":"https:\/\/esquell.eu\/fr\/wp-json\/wp\/v2\/product_brand?post=17545"},{"taxonomy":"product_cat","embeddable":true,"href":"https:\/\/esquell.eu\/fr\/wp-json\/wp\/v2\/product_cat?post=17545"},{"taxonomy":"product_tag","embeddable":true,"href":"https:\/\/esquell.eu\/fr\/wp-json\/wp\/v2\/product_tag?post=17545"}],"curies":[{"name":"wp","href":"https:\/\/api.w.org\/{rel}","templated":true}]}}