{"id":17487,"date":"2025-09-08T18:11:58","date_gmt":"2025-09-08T18:11:58","guid":{"rendered":"https:\/\/esquell.eu\/product\/poudre-demail-sans-plomb-thompson-transparent-clair\/"},"modified":"2026-02-14T10:06:09","modified_gmt":"2026-02-14T10:06:09","slug":"poudre-demail-sans-plomb-thompson-transparent-clair","status":"publish","type":"product","link":"https:\/\/esquell.eu\/fr\/produit\/poudre-demail-sans-plomb-thompson-transparent-clair\/","title":{"rendered":"Poudre d&rsquo;\u00e9mail sans plomb Thompson. Transparent Clair"},"content":{"rendered":"<p>Contenu : environ 30 grammes. Poudre d&rsquo;\u00e9maillage sans plomb de Thompson<\/p>\n<p>Les \u00e9maux sont des poudres de verre tr\u00e8s fines. Les \u00e9maux de Thompson ne contiennent pas de plomb. Il est toutefois conseill\u00e9 de toujours utiliser un masque buccal lorsque vous travaillez avec cette poudre d&rsquo;\u00e9mail. Veillez toujours \u00e0 une bonne ventilation.   <\/p>\n<p>En r\u00e9alit\u00e9, la couleur peut varier l\u00e9g\u00e8rement. La couleur finale d\u00e9pend \u00e9galement de l&rsquo;o,a.  le support et le nombre de couches appliqu\u00e9es.<\/p>\n","protected":false},"excerpt":{"rendered":"<p>Contenu : environ 30 grammes. Poudre d&rsquo;\u00e9maillage sans plomb de Thompson<\/p>\n<p>&nbsp;<\/p>\n<p>Les \u00e9maux sont des poudres de verre tr\u00e8s fines. Les \u00e9maux de Thompson ne contiennent pas de plomb. Il est toutefois conseill\u00e9 de toujours utiliser un masque buccal lorsque vous travaillez avec cette poudre d&rsquo;\u00e9mail. Veillez toujours \u00e0 une bonne ventilation.   <\/p>\n<p>&nbsp;<\/p>\n<p>En r\u00e9alit\u00e9, la couleur peut varier l\u00e9g\u00e8rement. La couleur finale d\u00e9pend \u00e9galement de l&rsquo;o,a.  le support et le nombre de couches appliqu\u00e9es.<\/p>\n<p>&nbsp;<\/p>\n<p>&nbsp;<\/p>\n","protected":false},"featured_media":17496,"comment_status":"closed","ping_status":"closed","template":"","meta":{"_acf_changed":false,"_seopress_robots_primary_cat":"none","_seopress_titles_title":"","_seopress_titles_desc":"","_seopress_robots_index":""},"more":[],"product_brand":[6736,7186],"product_cat":[7187],"product_tag":[6386,7219,6405,7191,7210,7223,7272,15864,9495,9464,9471,7188,9480,9484,7245,7229,8867,9449,9476,9685,7233,7231,9475,7236,9493,7225,7261,6381,7242,7249,7255,9459,6634,6403,7215,9485,6546,7268,6544,7224,7239,7274,9491,9494,6922,6954,9284,7258,9454,7252,9488,9497,7270,15863,7266,7248,9467,7264],"class_list":{"0":"post-17487","1":"product","2":"type-product","3":"status-publish","4":"has-post-thumbnail","6":"product_brand-des-outils-sympas","7":"product_brand-rio","8":"product_cat-poudres-demail-thompson","9":"product_tag-aida","10":"product_tag-art-clay","11":"product_tag-artclay","12":"product_tag-blanc-2","13":"product_tag-blanc-3","14":"product_tag-bleu","15":"product_tag-bleu-2","16":"product_tag-bord-de-mer","17":"product_tag-cerise","18":"product_tag-chaux","19":"product_tag-ciel","20":"product_tag-clair","21":"product_tag-clair-2","22":"product_tag-cobalt","23":"product_tag-couleurs","24":"product_tag-email","25":"product_tag-email-2","26":"product_tag-email-3","27":"product_tag-email-4","28":"product_tag-email-5","29":"product_tag-emaillage","30":"product_tag-emal","31":"product_tag-emaraude","32":"product_tag-emaux","33":"product_tag-feerie","34":"product_tag-gris","35":"product_tag-gris-2","36":"product_tag-japon","37":"product_tag-japonais","38":"product_tag-japonais-2","39":"product_tag-jaune","40":"product_tag-jaune-2","41":"product_tag-largent-3","42":"product_tag-lor","43":"product_tag-lor-2","44":"product_tag-marine","45":"product_tag-noir","46":"product_tag-opaque","47":"product_tag-pas","48":"product_tag-poudre","49":"product_tag-poudre-2","50":"product_tag-pourpre","51":"product_tag-prussien","52":"product_tag-prussien-2","53":"product_tag-pur","54":"product_tag-pur-2","55":"product_tag-pur-3","56":"product_tag-rose","57":"product_tag-rose-2","58":"product_tag-rouge","59":"product_tag-rouge-2","60":"product_tag-sans-plomb","61":"product_tag-semi","62":"product_tag-thompson","63":"product_tag-transparent","64":"product_tag-vert","65":"product_tag-vert-2","66":"product_tag-violet","67":"product_shipping_class-standard","69":"first","70":"instock","71":"taxable","72":"shipping-taxable","73":"purchasable","74":"product-type-simple"},"acf":[],"_links":{"self":[{"href":"https:\/\/esquell.eu\/fr\/wp-json\/wp\/v2\/product\/17487","targetHints":{"allow":["GET"]}}],"collection":[{"href":"https:\/\/esquell.eu\/fr\/wp-json\/wp\/v2\/product"}],"about":[{"href":"https:\/\/esquell.eu\/fr\/wp-json\/wp\/v2\/types\/product"}],"replies":[{"embeddable":true,"href":"https:\/\/esquell.eu\/fr\/wp-json\/wp\/v2\/comments?post=17487"}],"wp:featuredmedia":[{"embeddable":true,"href":"https:\/\/esquell.eu\/fr\/wp-json\/wp\/v2\/media\/17496"}],"wp:attachment":[{"href":"https:\/\/esquell.eu\/fr\/wp-json\/wp\/v2\/media?parent=17487"}],"wp:term":[{"taxonomy":"more","embeddable":true,"href":"https:\/\/esquell.eu\/fr\/wp-json\/wp\/v2\/more?post=17487"},{"taxonomy":"product_brand","embeddable":true,"href":"https:\/\/esquell.eu\/fr\/wp-json\/wp\/v2\/product_brand?post=17487"},{"taxonomy":"product_cat","embeddable":true,"href":"https:\/\/esquell.eu\/fr\/wp-json\/wp\/v2\/product_cat?post=17487"},{"taxonomy":"product_tag","embeddable":true,"href":"https:\/\/esquell.eu\/fr\/wp-json\/wp\/v2\/product_tag?post=17487"}],"curies":[{"name":"wp","href":"https:\/\/api.w.org\/{rel}","templated":true}]}}