{"id":17480,"date":"2025-09-08T18:04:32","date_gmt":"2025-09-08T18:04:32","guid":{"rendered":"https:\/\/esquell.eu\/product\/tapis-de-texture-caoutchouc-dreamscape-1-pam-east-pe4001\/"},"modified":"2025-09-08T18:04:32","modified_gmt":"2025-09-08T18:04:32","slug":"tapis-de-texture-caoutchouc-dreamscape-1-pam-east-pe4001","status":"publish","type":"product","link":"https:\/\/esquell.eu\/fr\/produit\/tapis-de-texture-caoutchouc-dreamscape-1-pam-east-pe4001\/","title":{"rendered":"Tapis de texture caoutchouc Dreamscape 1 Pam East PE4001"},"content":{"rendered":"<div class=\"product-addition-content\">\n<p>La deuxi\u00e8me image montre la texture de l&rsquo;argile.<\/p>\n<p>Taille 14*9,5 cm<\/p>\n<p>Tapis de texture plus large pour l&rsquo;impression dans l&rsquo;argile<\/p>\n<p>Ces textures sont flexibles, lavables et peuvent \u00eatre utilis\u00e9es avec n&rsquo;importe quelle argile molle. Appliquez la formule antiadh\u00e9sive CoolSlip avant de commencer. <\/p>\n<p>Lorsque vous utilisez l&rsquo;arguile d&rsquo;argent, l&rsquo;argile cuivr\u00e9e, l&rsquo;argile bronze et l&rsquo;argile dor\u00e9e, vaporisez d&rsquo;abord les tapis textur\u00e9s avec la formule antiadh\u00e9sive coolslip.<\/p>\n<p>Si vous utilisez de la fimo, du cernit, du premo, du sculpy, etc., utilisez du talc, par exemple, pour \u00e9viter qu&rsquo;ils ne collent.<\/p>\n<\/div>\n","protected":false},"excerpt":{"rendered":"<p>La deuxi\u00e8me image montre la texture de l&rsquo;argile.<\/p>\n<p>&nbsp;<\/p>\n<p>Taille 14*9,5 cm<\/p>\n<p>&nbsp;<\/p>\n<p>Tapis de texture plus large pour l&rsquo;impression dans l&rsquo;argile<\/p>\n<p>&nbsp;<\/p>\n<p>Ces textures sont flexibles, lavables et peuvent \u00eatre utilis\u00e9es avec n&rsquo;importe quelle argile molle. Appliquez la formule antiadh\u00e9sive CoolSlip avant de commencer. <\/p>\n<p>&nbsp;<\/p>\n<p>Lorsque vous utilisez l&rsquo;arguile d&rsquo;argent, l&rsquo;argile cuivr\u00e9e, l&rsquo;argile bronze et l&rsquo;argile dor\u00e9e, vaporisez d&rsquo;abord les tapis textur\u00e9s avec la formule antiadh\u00e9sive <a href=\"https:\/\/www.esquell.nl\/p\/textuurmat-rubber-5-10-cm-veertjes?ObjectPath=\/Shops\/83636376\/Products\/AM0007\">coolslip<\/a>.<\/p>\n<p>Si vous utilisez de la fimo, du cernit, du premo, du sculpy, etc., utilisez du talc, par exemple, pour \u00e9viter qu&rsquo;ils ne collent.<\/p>\n<p>&nbsp;<\/p>\n","protected":false},"featured_media":9171,"comment_status":"closed","ping_status":"closed","template":"","meta":{"_acf_changed":false,"_seopress_robots_primary_cat":"none","_seopress_titles_title":"","_seopress_titles_desc":"","_seopress_robots_index":""},"more":[],"product_brand":[10590],"product_cat":[11931,12226],"product_tag":[10601,6386,6388,6378,6405,6372,6658,6409,6706,8209,6374,6849,6381,6559,6640,10599,10784,7429,15220,11337,6408],"class_list":{"0":"post-17480","1":"product","2":"type-product","3":"status-publish","4":"has-post-thumbnail","6":"product_brand-pameast","7":"product_cat-nouveau","8":"product_cat-textures-et-tampons","9":"product_tag-a-lest","10":"product_tag-aida","11":"product_tag-argile","12":"product_tag-argile-metallique","13":"product_tag-artclay","14":"product_tag-bijoux","15":"product_tag-bijoux-en-argile","16":"product_tag-bricolage","17":"product_tag-commerce-de-gros","18":"product_tag-estampillage","19":"product_tag-faire","20":"product_tag-formulaires","21":"product_tag-japon","22":"product_tag-lignes-dartisanat","23":"product_tag-maison","24":"product_tag-pam","25":"product_tag-pameast","26":"product_tag-structures","27":"product_tag-tapis-de-marquage","28":"product_tag-tapis-de-texture","29":"product_tag-vous","30":"product_shipping_class-standard","32":"first","33":"instock","34":"taxable","35":"shipping-taxable","36":"purchasable","37":"product-type-simple"},"acf":[],"_links":{"self":[{"href":"https:\/\/esquell.eu\/fr\/wp-json\/wp\/v2\/product\/17480","targetHints":{"allow":["GET"]}}],"collection":[{"href":"https:\/\/esquell.eu\/fr\/wp-json\/wp\/v2\/product"}],"about":[{"href":"https:\/\/esquell.eu\/fr\/wp-json\/wp\/v2\/types\/product"}],"replies":[{"embeddable":true,"href":"https:\/\/esquell.eu\/fr\/wp-json\/wp\/v2\/comments?post=17480"}],"wp:featuredmedia":[{"embeddable":true,"href":"https:\/\/esquell.eu\/fr\/wp-json\/wp\/v2\/media\/9171"}],"wp:attachment":[{"href":"https:\/\/esquell.eu\/fr\/wp-json\/wp\/v2\/media?parent=17480"}],"wp:term":[{"taxonomy":"more","embeddable":true,"href":"https:\/\/esquell.eu\/fr\/wp-json\/wp\/v2\/more?post=17480"},{"taxonomy":"product_brand","embeddable":true,"href":"https:\/\/esquell.eu\/fr\/wp-json\/wp\/v2\/product_brand?post=17480"},{"taxonomy":"product_cat","embeddable":true,"href":"https:\/\/esquell.eu\/fr\/wp-json\/wp\/v2\/product_cat?post=17480"},{"taxonomy":"product_tag","embeddable":true,"href":"https:\/\/esquell.eu\/fr\/wp-json\/wp\/v2\/product_tag?post=17480"}],"curies":[{"name":"wp","href":"https:\/\/api.w.org\/{rel}","templated":true}]}}