{"id":17434,"date":"2025-09-10T17:18:50","date_gmt":"2025-09-10T17:18:50","guid":{"rendered":"https:\/\/esquell.eu\/product\/gabarit-de-bijouterie-pour-la-fabrication-de-bracelets-en-argile-metallique\/"},"modified":"2025-09-10T17:18:50","modified_gmt":"2025-09-10T17:18:50","slug":"gabarit-de-bijouterie-pour-la-fabrication-de-bracelets-en-argile-metallique","status":"publish","type":"product","link":"https:\/\/esquell.eu\/fr\/produit\/gabarit-de-bijouterie-pour-la-fabrication-de-bracelets-en-argile-metallique\/","title":{"rendered":"Gabarit de bijouterie pour la fabrication de bracelets en argile (m\u00e9tallique)."},"content":{"rendered":"<p>3 Formes de tailles variables.<\/p>\n<p>La conception semi-transparente facilite le positionnement du mod\u00e8le.<\/p>\n","protected":false},"excerpt":{"rendered":"<p>Pour utiliser le pochoir sur de l&rsquo;argile polym\u00e8re, m\u00e9tallique ou c\u00e9ramique, posez un morceau d&rsquo;argile lisse ou textur\u00e9 sur un tapis de travail. D\u00e9coupez la forme \u00e0 l&rsquo;aide d&rsquo;un stylo aiguille. Commencez par les coins ext\u00e9rieurs et coupez vers les coins int\u00e9rieurs pour obtenir les plus jolies d\u00e9coupes. Retirez le gabarit et enlevez l&rsquo;exc\u00e9dent d&rsquo;argile.  <\/p>\n<p>Ce gabarit convient \u00e9galement comme gabarit pour la fabrication d&rsquo;attaches \u00e0 partir de t\u00f4les.<\/p>\n<p>&nbsp;<\/p>\n<p>&nbsp;<\/p>\n","protected":false},"featured_media":9314,"comment_status":"closed","ping_status":"closed","template":"","meta":{"_acf_changed":false,"_seopress_robots_primary_cat":"none","_seopress_titles_title":"","_seopress_titles_desc":"","_seopress_robots_index":""},"more":[],"product_brand":[6736],"product_cat":[11334],"product_tag":[6645,7760,6646,6386,12032,6388,6404,6378,6390,6405,6376,15361,13147,6393,6396,6658,7272,7418,6402,6389,6796,6819,8057,7188,9480,13149,13151,6649,6706,11842,7245,8457,13146,11026,15359,9997,6743,6647,6374,11153,6815,6849,6401,9392,15365,13119,6381,9459,6559,6478,6400,6656,15363,8747,15360,13156,6567,6643,15357,15152,6391,13127,13121,7420,7506,13125,13126,7426,13118,13120,11519,9488,13143,15333,15356,15362,7266,10802,9467,13145,7604],"class_list":{"0":"post-17434","1":"product","2":"type-product","3":"status-publish","4":"has-post-thumbnail","6":"product_brand-des-outils-sympas","7":"product_cat-gabarits-pour-la-fabrication-de-bijoux","8":"product_tag-a","9":"product_tag-achats-2","10":"product_tag-acheter","11":"product_tag-aida","12":"product_tag-ambre-2","13":"product_tag-argile","14":"product_tag-argile-argentee","15":"product_tag-argile-metallique","16":"product_tag-argile-metallique-2","17":"product_tag-artclay","18":"product_tag-artclaysilver","19":"product_tag-bascule","20":"product_tag-beaucoup","21":"product_tag-belgique","22":"product_tag-belgique-2","23":"product_tag-bijoux-en-argile","24":"product_tag-bleu-2","25":"product_tag-boite-de-reglage","26":"product_tag-bon-marche","27":"product_tag-boutique-en-ligne","28":"product_tag-boutique-en-ligne-2","29":"product_tag-cernit","30":"product_tag-chaton","31":"product_tag-clair","32":"product_tag-clair-2","33":"product_tag-colliers","34":"product_tag-collor","35":"product_tag-commande","36":"product_tag-commerce-de-gros","37":"product_tag-couleur","38":"product_tag-couleurs","39":"product_tag-couper","40":"product_tag-couper-4","41":"product_tag-cubique","42":"product_tag-cubique-3","43":"product_tag-daimond","44":"product_tag-distributeur","45":"product_tag-en-ligne","46":"product_tag-faire","47":"product_tag-fermeture","48":"product_tag-fimo","49":"product_tag-formulaires","50":"product_tag-france","51":"product_tag-gamme","52":"product_tag-goutte-inclinee","53":"product_tag-grand-2","54":"product_tag-japon","55":"product_tag-jaune-2","56":"product_tag-lignes-dartisanat","57":"product_tag-lunette","58":"product_tag-luxembourg","59":"product_tag-luxembourg-2","60":"product_tag-modele-dargile","61":"product_tag-modeles","62":"product_tag-modeles-3","63":"product_tag-mulit","64":"product_tag-offrir","65":"product_tag-ou","66":"product_tag-ovale-3","67":"product_tag-paris","68":"product_tag-pays-bas","69":"product_tag-pierre-precieuse-2","70":"product_tag-pierres","71":"product_tag-plateau-de-brassage","72":"product_tag-pour","73":"product_tag-pyramide","74":"product_tag-qui","75":"product_tag-reglage","76":"product_tag-rio","77":"product_tag-riogrande","78":"product_tag-ronde-2","79":"product_tag-rouge-2","80":"product_tag-saphir","81":"product_tag-synthetique-3","82":"product_tag-toggle","83":"product_tag-tole","84":"product_tag-transparent","85":"product_tag-verre-2","86":"product_tag-vert-2","87":"product_tag-zircon","88":"product_tag-zircone-2","89":"product_shipping_class-standard","91":"first","92":"instock","93":"taxable","94":"shipping-taxable","95":"purchasable","96":"product-type-simple"},"acf":[],"_links":{"self":[{"href":"https:\/\/esquell.eu\/fr\/wp-json\/wp\/v2\/product\/17434","targetHints":{"allow":["GET"]}}],"collection":[{"href":"https:\/\/esquell.eu\/fr\/wp-json\/wp\/v2\/product"}],"about":[{"href":"https:\/\/esquell.eu\/fr\/wp-json\/wp\/v2\/types\/product"}],"replies":[{"embeddable":true,"href":"https:\/\/esquell.eu\/fr\/wp-json\/wp\/v2\/comments?post=17434"}],"wp:featuredmedia":[{"embeddable":true,"href":"https:\/\/esquell.eu\/fr\/wp-json\/wp\/v2\/media\/9314"}],"wp:attachment":[{"href":"https:\/\/esquell.eu\/fr\/wp-json\/wp\/v2\/media?parent=17434"}],"wp:term":[{"taxonomy":"more","embeddable":true,"href":"https:\/\/esquell.eu\/fr\/wp-json\/wp\/v2\/more?post=17434"},{"taxonomy":"product_brand","embeddable":true,"href":"https:\/\/esquell.eu\/fr\/wp-json\/wp\/v2\/product_brand?post=17434"},{"taxonomy":"product_cat","embeddable":true,"href":"https:\/\/esquell.eu\/fr\/wp-json\/wp\/v2\/product_cat?post=17434"},{"taxonomy":"product_tag","embeddable":true,"href":"https:\/\/esquell.eu\/fr\/wp-json\/wp\/v2\/product_tag?post=17434"}],"curies":[{"name":"wp","href":"https:\/\/api.w.org\/{rel}","templated":true}]}}