{"id":17308,"date":"2025-09-08T18:31:29","date_gmt":"2025-09-08T18:31:29","guid":{"rendered":"https:\/\/esquell.eu\/product\/fil-dargent-925-carre-differents-diametres\/"},"modified":"2025-12-22T10:52:51","modified_gmt":"2025-12-22T10:52:51","slug":"fil-dargent-925-carre-differents-diametres","status":"publish","type":"product","link":"https:\/\/esquell.eu\/fr\/produit\/fil-dargent-925-carre-differents-diametres\/","title":{"rendered":"Fil d&rsquo;argent 925 carr\u00e9 Diff\u00e9rents diam\u00e8tres"},"content":{"rendered":"<p>Fil d&rsquo;argent 925 carr\u00e9 Diff\u00e9rents diam\u00e8tres<\/p>\n<p>1\u00e8re ann\u00e9e d&rsquo;argent<\/p>\n<p>La longueur command\u00e9e sera livr\u00e9e, dans la mesure du possible, \u00e0 1 longueur.<br \/>\nSi 1 longueur est vraiment une exigence, veuillez l&rsquo;indiquer dans le champ commentaires lors de la commande.<\/p>\n<p>Vous n&rsquo;avez pas assez de produits en stock ? Envoyez un e-mail \u00e0 info@esquell.eu et nous vous le commanderons si possible. <\/p>\n<p><strong>La longueur command\u00e9e sera livr\u00e9e en une seule pi\u00e8ce dans la mesure du possible.<br \/>\nS&rsquo;il est imp\u00e9ratif que la livraison se fasse en une seule pi\u00e8ce, veuillez l&rsquo;indiquer dans le champ commentaires lors de la commande.<\/strong><br \/>\n<strong>S&rsquo;il n&rsquo;y a pas assez de produits en stock, veuillez envoyer un courriel \u00e0 info@esquell.eu. Nous pourrons alors le commander pour vous. <\/strong><\/p>\n<p>&nbsp;<\/p>\n","protected":false},"excerpt":{"rendered":"<p>Fil d&rsquo;argent 925 carr\u00e9 1,5 mm<\/p>\n<p>Prix et achat par 20 cm<\/p>\n<p>1\u00e8re ann\u00e9e d&rsquo;argent<\/p>\n<p>La longueur command\u00e9e sera livr\u00e9e, dans la mesure du possible, \u00e0 1 longueur.<br \/>\nSi 1 longueur est vraiment une exigence, veuillez l&rsquo;indiquer dans le champ commentaires lors de la commande.<\/p>\n<p>Vous n&rsquo;avez pas assez de produits en stock ? Envoyez un e-mail \u00e0 info@esquell et nous le commanderons si possible pour vous. <\/p>\n","protected":false},"featured_media":17327,"comment_status":"closed","ping_status":"closed","template":"","meta":{"_acf_changed":false,"_seopress_robots_primary_cat":"none","_seopress_titles_title":"","_seopress_titles_desc":"","_seopress_robots_index":""},"more":[],"product_brand":[6363],"product_cat":[12387],"product_tag":[6470,6476,6645,8284,6646,7045,7024,7016,6923,12492,7098,6638,6931,6473,6378,6390,6376,12479,6575,9668,12481,6393,6372,6642,6402,6641,6389,6796,7360,7582,6409,6935,9385,11080,12491,12494,7817,6655,12493,10344,7043,10080,6374,6798,10141,12449,12483,15843,8507,12392,12495,6815,6635,6653,6933,8864,6651,12485,6801,6369,6550,6634,6930,7026,10150,7030,7768,6968,7042,6640,6708,6759,7031,8701,10137,9223,10082,6652,6643,15844,6391,6644,12003,10179,8515,7029,7094,10131,6922,6954,9284,12489,6751,6778,6925,6805,6964,6919,12487,7102,8495,11204,6803,6408,6776,7032],"class_list":{"0":"post-17308","1":"product","2":"type-product","3":"status-publish","4":"has-post-thumbnail","6":"product_brand-bm","7":"product_cat-fil-dargent-925","8":"product_tag-6470","9":"product_tag-6476","10":"product_tag-a","11":"product_tag-achats-3","12":"product_tag-acheter","13":"product_tag-almelo","14":"product_tag-almere","15":"product_tag-amende-2","16":"product_tag-amsterdam","17":"product_tag-angulaire","18":"product_tag-anneau","19":"product_tag-anneaux","20":"product_tag-anvers","21":"product_tag-argile-2","22":"product_tag-argile-metallique","23":"product_tag-argile-metallique-2","24":"product_tag-artclaysilver","25":"product_tag-assiette","26":"product_tag-ateliers","27":"product_tag-autour-de","28":"product_tag-bande","29":"product_tag-belgique","30":"product_tag-bijoux","31":"product_tag-bijoux-2","32":"product_tag-bon-marche","33":"product_tag-boucles-doreilles","34":"product_tag-boutique-en-ligne","35":"product_tag-boutique-en-ligne-2","36":"product_tag-bracelets","37":"product_tag-breda","38":"product_tag-bricolage","39":"product_tag-bruxelles","40":"product_tag-carre","41":"product_tag-carre-2","42":"product_tag-carre-4","43":"product_tag-classeur-a-anneaux","44":"product_tag-clous-doreilles","45":"product_tag-drenthe","46":"product_tag-edemetals","47":"product_tag-emballage-en-fil-metallique","48":"product_tag-enschede","49":"product_tag-fabrication-de-bijoux-2","50":"product_tag-faire","51":"product_tag-faire-2","52":"product_tag-fait-a-la-main","53":"product_tag-fil-dargent","54":"product_tag-fil-dargent-2","55":"product_tag-fil-dargent-4","56":"product_tag-fil-de-fer","57":"product_tag-fil-de-fer-2","58":"product_tag-fil-plat","59":"product_tag-fimo","60":"product_tag-fournitures","61":"product_tag-frise","62":"product_tag-gentilhomme","63":"product_tag-goujons","64":"product_tag-groningue","65":"product_tag-hemisphere","66":"product_tag-il","67":"product_tag-largent","68":"product_tag-largent-2","69":"product_tag-largent-3","70":"product_tag-leeuwarden","71":"product_tag-lelystad","72":"product_tag-les","73":"product_tag-liege","74":"product_tag-liege-2","75":"product_tag-liens","76":"product_tag-maastricht","77":"product_tag-maison","78":"product_tag-mercerie","79":"product_tag-metal","80":"product_tag-metal-2","81":"product_tag-metal-3","82":"product_tag-metal-precieux","83":"product_tag-offrir-2","84":"product_tag-orfevre-3","85":"product_tag-orfevres","86":"product_tag-ou","87":"product_tag-oure","88":"product_tag-pays-bas","89":"product_tag-pieces","90":"product_tag-plaque-argent-2","91":"product_tag-plaque-dargent","92":"product_tag-plat","93":"product_tag-pmc","94":"product_tag-pont","95":"product_tag-precieux","96":"product_tag-pur","97":"product_tag-pur-2","98":"product_tag-pur-3","99":"product_tag-rectangulaire","100":"product_tag-reduction","101":"product_tag-reel","102":"product_tag-rotterdam","103":"product_tag-soi","104":"product_tag-sollid","105":"product_tag-sterling","106":"product_tag-tibia","107":"product_tag-vasieres","108":"product_tag-venlo","109":"product_tag-visiter","110":"product_tag-votre","111":"product_tag-vous","112":"product_tag-vraiment","113":"product_tag-zwolle","114":"product_shipping_class-standard","115":"pa_afmeting-15mm","116":"pa_afmeting-1mm","117":"pa_afmeting-2mm","119":"first","120":"instock","121":"taxable","122":"shipping-taxable","123":"purchasable","124":"product-type-variable"},"acf":[],"_links":{"self":[{"href":"https:\/\/esquell.eu\/fr\/wp-json\/wp\/v2\/product\/17308","targetHints":{"allow":["GET"]}}],"collection":[{"href":"https:\/\/esquell.eu\/fr\/wp-json\/wp\/v2\/product"}],"about":[{"href":"https:\/\/esquell.eu\/fr\/wp-json\/wp\/v2\/types\/product"}],"replies":[{"embeddable":true,"href":"https:\/\/esquell.eu\/fr\/wp-json\/wp\/v2\/comments?post=17308"}],"wp:featuredmedia":[{"embeddable":true,"href":"https:\/\/esquell.eu\/fr\/wp-json\/wp\/v2\/media\/17327"}],"wp:attachment":[{"href":"https:\/\/esquell.eu\/fr\/wp-json\/wp\/v2\/media?parent=17308"}],"wp:term":[{"taxonomy":"more","embeddable":true,"href":"https:\/\/esquell.eu\/fr\/wp-json\/wp\/v2\/more?post=17308"},{"taxonomy":"product_brand","embeddable":true,"href":"https:\/\/esquell.eu\/fr\/wp-json\/wp\/v2\/product_brand?post=17308"},{"taxonomy":"product_cat","embeddable":true,"href":"https:\/\/esquell.eu\/fr\/wp-json\/wp\/v2\/product_cat?post=17308"},{"taxonomy":"product_tag","embeddable":true,"href":"https:\/\/esquell.eu\/fr\/wp-json\/wp\/v2\/product_tag?post=17308"}],"curies":[{"name":"wp","href":"https:\/\/api.w.org\/{rel}","templated":true}]}}