{"id":17256,"date":"2025-09-10T17:22:09","date_gmt":"2025-09-10T17:22:09","guid":{"rendered":"https:\/\/esquell.eu\/product\/bail-taille-117-5mm-argent-sterling-925-925\/"},"modified":"2025-09-10T17:22:09","modified_gmt":"2025-09-10T17:22:09","slug":"bail-taille-117-5mm-argent-sterling-925-925","status":"publish","type":"product","link":"https:\/\/esquell.eu\/fr\/produit\/bail-taille-117-5mm-argent-sterling-925-925\/","title":{"rendered":"Bail, taille 11*7.5mm Argent Sterling 925. 925"},"content":{"rendered":"<p>Motif coquillage.<strong><br \/>\n<\/strong><\/p>\n<p>Bail, taille 11*7,5 mm<\/p>\n<p>Diam\u00e8tre int\u00e9rieur de l&rsquo;\u0153illet est de 2,5 mm<\/p>\n<p>Poids 0,56 grammes<\/p>\n<p>Crochet ouvert pour l&rsquo;attache<br \/>\nFinition brillante<\/p>\n<p>Argent 925<\/p>\n","protected":false},"excerpt":{"rendered":"<p>Snap on<br \/>\nPendentif en argent, anneau, argent 925<\/p>\n<p>7.2 x 2.4mm<\/p>\n","protected":false},"featured_media":9316,"comment_status":"closed","ping_status":"closed","template":"","meta":{"_acf_changed":false,"_seopress_robots_primary_cat":"none","_seopress_titles_title":"","_seopress_titles_desc":"","_seopress_robots_index":""},"more":[],"product_brand":[6953],"product_cat":[11931,12319],"product_tag":[6470,14288,6372,15818,6409,15819,12322,7960,6794,6962,7018,7780,6423,10080,15825,6374,10198,6635,12622,6369,6550,6634,6774,12320,12552,6644,7506,6922,6954,6778,14316,15822,15820,6919,15824,6776],"class_list":{"0":"post-17256","1":"product","2":"type-product","3":"status-publish","4":"has-post-thumbnail","6":"product_brand-925-artisanat","7":"product_cat-nouveau","8":"product_cat-oeillets-de-pendentifs-bails-et-oeillets-a-vis","9":"product_tag-6470","10":"product_tag-bailles","11":"product_tag-bijoux","12":"product_tag-bijoux-mercerie-2","13":"product_tag-bricolage","14":"product_tag-cale-en-verre","15":"product_tag-caution","16":"product_tag-caution-bricolage","17":"product_tag-chaine","18":"product_tag-collier","19":"product_tag-collier-2","20":"product_tag-collier-3","21":"product_tag-de","22":"product_tag-fabrication-de-bijoux-2","23":"product_tag-fabrication-de-bijoux-4","24":"product_tag-faire","25":"product_tag-finition","26":"product_tag-fournitures","27":"product_tag-fournitures-pour-bijoux-6","28":"product_tag-largent","29":"product_tag-largent-2","30":"product_tag-largent-3","31":"product_tag-pendentif","32":"product_tag-pendentif-oeil","33":"product_tag-pendentif-oeil-2","34":"product_tag-pieces","35":"product_tag-pour","36":"product_tag-pur","37":"product_tag-pur-2","38":"product_tag-reel","39":"product_tag-renflouement","40":"product_tag-snap","41":"product_tag-snapon","42":"product_tag-sterling","43":"product_tag-sur-2","44":"product_tag-vraiment","46":"first","47":"instock","48":"taxable","49":"shipping-taxable","50":"purchasable","51":"product-type-simple"},"acf":[],"_links":{"self":[{"href":"https:\/\/esquell.eu\/fr\/wp-json\/wp\/v2\/product\/17256","targetHints":{"allow":["GET"]}}],"collection":[{"href":"https:\/\/esquell.eu\/fr\/wp-json\/wp\/v2\/product"}],"about":[{"href":"https:\/\/esquell.eu\/fr\/wp-json\/wp\/v2\/types\/product"}],"replies":[{"embeddable":true,"href":"https:\/\/esquell.eu\/fr\/wp-json\/wp\/v2\/comments?post=17256"}],"wp:featuredmedia":[{"embeddable":true,"href":"https:\/\/esquell.eu\/fr\/wp-json\/wp\/v2\/media\/9316"}],"wp:attachment":[{"href":"https:\/\/esquell.eu\/fr\/wp-json\/wp\/v2\/media?parent=17256"}],"wp:term":[{"taxonomy":"more","embeddable":true,"href":"https:\/\/esquell.eu\/fr\/wp-json\/wp\/v2\/more?post=17256"},{"taxonomy":"product_brand","embeddable":true,"href":"https:\/\/esquell.eu\/fr\/wp-json\/wp\/v2\/product_brand?post=17256"},{"taxonomy":"product_cat","embeddable":true,"href":"https:\/\/esquell.eu\/fr\/wp-json\/wp\/v2\/product_cat?post=17256"},{"taxonomy":"product_tag","embeddable":true,"href":"https:\/\/esquell.eu\/fr\/wp-json\/wp\/v2\/product_tag?post=17256"}],"curies":[{"name":"wp","href":"https:\/\/api.w.org\/{rel}","templated":true}]}}