{"id":17253,"date":"2025-09-10T17:44:46","date_gmt":"2025-09-10T17:44:46","guid":{"rendered":"https:\/\/esquell.eu\/product\/pistolet-dargile-pistolet-dargile-21-pieces\/"},"modified":"2025-09-10T17:44:46","modified_gmt":"2025-09-10T17:44:46","slug":"pistolet-dargile-pistolet-dargile-21-pieces","status":"publish","type":"product","link":"https:\/\/esquell.eu\/fr\/produit\/pistolet-dargile-pistolet-dargile-21-pieces\/","title":{"rendered":"Pistolet d&rsquo;argile pistolet d&rsquo;argile 21 pi\u00e8ces"},"content":{"rendered":"<p>Pistolet \u00e0 queue avec 20 buses diff\u00e9rentes<\/p>\n<p>R\u00e9alisez des bijoux uniques en argile avec ce pistolet \u00e0 argile.<\/p>\n<p>Ce pistolet \u00e0 argile est parfait pour tous ceux qui aiment \u00eatre cr\u00e9atifs et fabriquer de beaux bijoux en argile. Ce pistolet est livr\u00e9 avec pas moins de 19 buses diff\u00e9rentes, ce qui vous permet de varier \u00e0 l&rsquo;infini les formes et les tailles. <\/p>\n<p>Le pistolet est tr\u00e8s facile \u00e0 utiliser et permet de r\u00e9partir uniform\u00e9ment l&rsquo;argile.<\/p>\n<p>Le pistolet \u00e0 argile est non seulement pratique \u00e0 utiliser, mais aussi tr\u00e8s r\u00e9sistant. Fabriqu\u00e9 en aluminium l\u00e9ger et de haute qualit\u00e9, le pistolet est durable. De plus, le pistolet \u00e0 argile est facile \u00e0 nettoyer, ce qui vous permet de l&rsquo;utiliser encore et encore.  <\/p>\n","protected":false},"excerpt":{"rendered":"<p>Moule en silicone avec diff\u00e9rents papillons en dentelle<\/p>\n<p>Dimensions du moule entier : environ 11*9 cm<\/p>\n<p>A utiliser avec la p\u00e2te \u00e0 modeler, la p\u00e2te d&rsquo;argent, la p\u00e2te de bronze, la p\u00e2te de cuivre, la p\u00e2te fimo, la p\u00e2te polym\u00e8re, le cernit, etc.<\/p>\n<p>Vaporisez toujours la formule antiadh\u00e9sive coolslip avant de l&rsquo;utiliser. Cela emp\u00eache l&rsquo;argile de coller aux moules. <\/p>\n","protected":false},"featured_media":9333,"comment_status":"closed","ping_status":"closed","template":"","meta":{"_acf_changed":false,"_seopress_robots_primary_cat":"none","_seopress_titles_title":"","_seopress_titles_desc":"","_seopress_robots_index":""},"more":[],"product_brand":[6398],"product_cat":[7504,7412],"product_tag":[6645,6646,7929,6945,7024,6923,7098,6638,6931,7096,6388,6473,6420,6530,7141,6378,6390,15655,6947,15653,6949,8422,15801,6393,6372,6658,6402,15798,15809,8350,6641,6941,6792,7360,8368,7582,7116,6716,6409,6412,6528,6935,7770,6819,6794,12494,15791,15793,15806,15794,7762,9919,6962,8224,15796,15816,15815,7871,7104,6423,7047,15797,6655,8503,7038,8492,9797,7766,6374,14402,6815,15785,15810,6785,15807,15812,6653,15823,9392,6933,15814,6651,6659,6951,8241,7648,6369,6634,7215,6930,7026,6789,11024,8497,7031,7040,6821,15646,9874,10552,15097,15647,6661,6567,6937,6643,6657,15657,15645,15787,12241,6816,6391,6665,6774,7092,15804,15821,15658,7029,7094,15817,8736,6751,7774,9894,9896,15644,6443,15795,15789,6925,14735,15649,6407,6663,6787,9892,11627,6408,6667,15651,7032],"class_list":{"0":"post-17253","1":"product","2":"type-product","3":"status-publish","4":"has-post-thumbnail","6":"product_brand-l1","7":"product_cat-argile","8":"product_cat-outils-de-base","9":"product_tag-a","10":"product_tag-acheter","11":"product_tag-acrylique","12":"product_tag-alkmaar","13":"product_tag-almere","14":"product_tag-amsterdam","15":"product_tag-anneau","16":"product_tag-anneaux","17":"product_tag-anvers","18":"product_tag-apeldoorn","19":"product_tag-argile","20":"product_tag-argile-2","21":"product_tag-argile-bronze","22":"product_tag-argile-bronzee","23":"product_tag-argile-cuivree","24":"product_tag-argile-metallique","25":"product_tag-argile-metallique-2","26":"product_tag-argiles-3","27":"product_tag-arnhem","28":"product_tag-artclaysilver-co-uk-cooltools-2","29":"product_tag-assen","30":"product_tag-aussie","31":"product_tag-bague-papillon","32":"product_tag-belgique","33":"product_tag-bijoux","34":"product_tag-bijoux-en-argile","35":"product_tag-bon-marche","36":"product_tag-bords","37":"product_tag-bords-2","38":"product_tag-boucle-doreille","39":"product_tag-boucles-doreilles","40":"product_tag-brabant","41":"product_tag-bracelet","42":"product_tag-bracelets","43":"product_tag-brachelet","44":"product_tag-breda","45":"product_tag-breloques-2","46":"product_tag-breloques","47":"product_tag-bricolage","48":"product_tag-bronze","49":"product_tag-bronze-2","50":"product_tag-bruxelles","51":"product_tag-camps","52":"product_tag-cernit","53":"product_tag-chaine","54":"product_tag-classeur-a-anneaux","55":"product_tag-classeurs-a-anneaux","56":"product_tag-coeur","57":"product_tag-coeur-2","58":"product_tag-coeurs","59":"product_tag-coevorden","60":"product_tag-colle","61":"product_tag-collier","62":"product_tag-conseils","63":"product_tag-coquelicot","64":"product_tag-coquelicot-2","65":"product_tag-coquelicots","66":"product_tag-creatif","67":"product_tag-cuivre-2","68":"product_tag-de","69":"product_tag-delft","70":"product_tag-dentelle","71":"product_tag-drenthe","72":"product_tag-dronten","73":"product_tag-eindhoven","74":"product_tag-emmen","75":"product_tag-epoxy","76":"product_tag-etreilen","77":"product_tag-faire","78":"product_tag-fil-perle","79":"product_tag-fimo","80":"product_tag-fleur-2","81":"product_tag-fleur-de-fraise","82":"product_tag-flevoland","83":"product_tag-fraise-2","84":"product_tag-fraises","85":"product_tag-frise","86":"product_tag-fusil-dargile","87":"product_tag-gamme","88":"product_tag-gentilhomme","89":"product_tag-gifle","90":"product_tag-groningue","91":"product_tag-gueldre","92":"product_tag-heerenveen","93":"product_tag-hobby","94":"product_tag-idees","95":"product_tag-largent","96":"product_tag-largent-3","97":"product_tag-lor-2","98":"product_tag-leeuwarden","99":"product_tag-lelystad","100":"product_tag-limbourg","101":"product_tag-materiaux","102":"product_tag-meppel","103":"product_tag-metal-2","104":"product_tag-middelburg","105":"product_tag-mini","106":"product_tag-modele-2","107":"product_tag-moule-2","108":"product_tag-moule-3","109":"product_tag-moules-2","110":"product_tag-moules-moule","111":"product_tag-nord","112":"product_tag-offrir","113":"product_tag-ostende","114":"product_tag-ou","115":"product_tag-overijssel","116":"product_tag-paon-2","117":"product_tag-papillon","118":"product_tag-papillon-2","119":"product_tag-papillons-2","120":"product_tag-pate-polymere","121":"product_tag-pays-bas","122":"product_tag-pays-bas-2","123":"product_tag-pendentif","124":"product_tag-pendentif-2","125":"product_tag-pendentif-papillon","126":"product_tag-pistolet-a-argile","127":"product_tag-plume-de-paon","128":"product_tag-pmc","129":"product_tag-pont","130":"product_tag-poppys","131":"product_tag-presomptueux","132":"product_tag-reduction","133":"product_tag-resine","134":"product_tag-resine-2","135":"product_tag-resine-acrylique","136":"product_tag-resine-epoxy","137":"product_tag-resine-uv","138":"product_tag-rose-4","139":"product_tag-roses","140":"product_tag-rotterdam","141":"product_tag-silicone","142":"product_tag-silicone-3","143":"product_tag-silverclay-co-uk","144":"product_tag-sud","145":"product_tag-utrecht","146":"product_tag-uv","147":"product_tag-uvresin","148":"product_tag-vous","149":"product_tag-zelande","150":"product_tag-zivlver-malleable-2","151":"product_tag-zwolle","152":"product_shipping_class-standard","154":"first","155":"instock","156":"taxable","157":"shipping-taxable","158":"purchasable","159":"product-type-simple"},"acf":[],"_links":{"self":[{"href":"https:\/\/esquell.eu\/fr\/wp-json\/wp\/v2\/product\/17253","targetHints":{"allow":["GET"]}}],"collection":[{"href":"https:\/\/esquell.eu\/fr\/wp-json\/wp\/v2\/product"}],"about":[{"href":"https:\/\/esquell.eu\/fr\/wp-json\/wp\/v2\/types\/product"}],"replies":[{"embeddable":true,"href":"https:\/\/esquell.eu\/fr\/wp-json\/wp\/v2\/comments?post=17253"}],"wp:featuredmedia":[{"embeddable":true,"href":"https:\/\/esquell.eu\/fr\/wp-json\/wp\/v2\/media\/9333"}],"wp:attachment":[{"href":"https:\/\/esquell.eu\/fr\/wp-json\/wp\/v2\/media?parent=17253"}],"wp:term":[{"taxonomy":"more","embeddable":true,"href":"https:\/\/esquell.eu\/fr\/wp-json\/wp\/v2\/more?post=17253"},{"taxonomy":"product_brand","embeddable":true,"href":"https:\/\/esquell.eu\/fr\/wp-json\/wp\/v2\/product_brand?post=17253"},{"taxonomy":"product_cat","embeddable":true,"href":"https:\/\/esquell.eu\/fr\/wp-json\/wp\/v2\/product_cat?post=17253"},{"taxonomy":"product_tag","embeddable":true,"href":"https:\/\/esquell.eu\/fr\/wp-json\/wp\/v2\/product_tag?post=17253"}],"curies":[{"name":"wp","href":"https:\/\/api.w.org\/{rel}","templated":true}]}}