{"id":17237,"date":"2025-09-10T17:37:59","date_gmt":"2025-09-10T17:37:59","guid":{"rendered":"https:\/\/esquell.eu\/product\/moule-en-silicone-avec-fil-perle-anneaux-bandes-pour-les-montages-etc\/"},"modified":"2025-11-09T04:24:53","modified_gmt":"2025-11-09T04:24:53","slug":"moule-en-silicone-avec-fil-perle-anneaux-bandes-pour-les-montages-etc","status":"publish","type":"product","link":"https:\/\/esquell.eu\/fr\/produit\/moule-en-silicone-avec-fil-perle-anneaux-bandes-pour-les-montages-etc\/","title":{"rendered":"Moule en silicone avec fil perl\u00e9\/anneaux\/bandes pour les montages, etc."},"content":{"rendered":"<p>Taille du moule entier environ 5,5 * 12 cm<\/p>\n<p>Peut \u00eatre utilis\u00e9 avec de l&rsquo;argile m\u00e9tallique, de l&rsquo;argile argent\u00e9e, de l&rsquo;argile bronze, de l&rsquo;argile cuivre, de la fimo, de l&rsquo;argile polym\u00e8re, du cernit, etc.<\/p>\n<p>Vaporisez toujours la <a href=\"https:\/\/esquell.eu\/fr\/produit\/formule-antiadhesive-coolslip\/\">formule antiadh\u00e9sive coolslip<\/a> avant l&rsquo;utilisation. Cela emp\u00eache l&rsquo;argile de coller aux moules.<\/p>\n","protected":false},"excerpt":{"rendered":"<p>Moule en silicone avec diff\u00e9rents papillons en dentelle<\/p>\n<p>Dimensions du moule entier : environ 11*9 cm<\/p>\n<p>A utiliser avec la p\u00e2te \u00e0 modeler, la p\u00e2te d&rsquo;argent, la p\u00e2te de bronze, la p\u00e2te de cuivre, la p\u00e2te fimo, la p\u00e2te polym\u00e8re, le cernit, etc.<\/p>\n<p>Vaporisez toujours la formule antiadh\u00e9sive coolslip avant de l&rsquo;utiliser. Cela emp\u00eache l&rsquo;argile de coller aux moules. <\/p>\n","protected":false},"featured_media":9324,"comment_status":"closed","ping_status":"closed","template":"","meta":{"_acf_changed":false,"_seopress_robots_primary_cat":"none","_seopress_titles_title":"","_seopress_titles_desc":"","_seopress_robots_index":""},"more":[],"product_brand":[6398],"product_cat":[15643],"product_tag":[6645,6646,7929,6945,7024,6923,7098,6638,6931,7096,6388,6473,6420,6530,7141,6378,6390,15655,6947,15653,6949,8422,15801,6393,6372,6658,6402,15798,15809,8350,6641,6941,6792,7360,8368,7582,6716,7116,6409,6412,6528,6935,7770,6819,6794,12494,15791,15793,15806,15794,7762,9919,6962,8224,15796,15816,15815,7871,7104,6423,7047,15797,6655,8503,7038,8492,9797,7766,6374,14402,6815,15785,15810,6785,15807,15812,6653,9392,6933,15814,6651,6659,6951,8241,7648,6369,6634,7215,6930,7026,6789,11024,8497,7031,7040,6821,15646,9874,10552,15097,15647,6661,6567,6937,6643,6657,15657,15645,15787,12241,6816,6391,6665,6774,7092,15804,15658,7029,7094,15817,8736,6751,7774,9894,9896,15644,6443,15795,15789,6925,14735,15649,6407,6663,6787,9892,11627,6408,6667,15651,7032],"class_list":{"0":"post-17237","1":"product","2":"type-product","3":"status-publish","4":"has-post-thumbnail","6":"product_brand-l1","7":"product_cat-moules","8":"product_tag-a","9":"product_tag-acheter","10":"product_tag-acrylique","11":"product_tag-alkmaar","12":"product_tag-almere","13":"product_tag-amsterdam","14":"product_tag-anneau","15":"product_tag-anneaux","16":"product_tag-anvers","17":"product_tag-apeldoorn","18":"product_tag-argile","19":"product_tag-argile-2","20":"product_tag-argile-bronze","21":"product_tag-argile-bronzee","22":"product_tag-argile-cuivree","23":"product_tag-argile-metallique","24":"product_tag-argile-metallique-2","25":"product_tag-argiles-3","26":"product_tag-arnhem","27":"product_tag-artclaysilver-co-uk-cooltools-2","28":"product_tag-assen","29":"product_tag-aussie","30":"product_tag-bague-papillon","31":"product_tag-belgique","32":"product_tag-bijoux","33":"product_tag-bijoux-en-argile","34":"product_tag-bon-marche","35":"product_tag-bords","36":"product_tag-bords-2","37":"product_tag-boucle-doreille","38":"product_tag-boucles-doreilles","39":"product_tag-brabant","40":"product_tag-bracelet","41":"product_tag-bracelets","42":"product_tag-brachelet","43":"product_tag-breda","44":"product_tag-breloques","45":"product_tag-breloques-2","46":"product_tag-bricolage","47":"product_tag-bronze","48":"product_tag-bronze-2","49":"product_tag-bruxelles","50":"product_tag-camps","51":"product_tag-cernit","52":"product_tag-chaine","53":"product_tag-classeur-a-anneaux","54":"product_tag-classeurs-a-anneaux","55":"product_tag-coeur","56":"product_tag-coeur-2","57":"product_tag-coeurs","58":"product_tag-coevorden","59":"product_tag-colle","60":"product_tag-collier","61":"product_tag-conseils","62":"product_tag-coquelicot","63":"product_tag-coquelicot-2","64":"product_tag-coquelicots","65":"product_tag-creatif","66":"product_tag-cuivre-2","67":"product_tag-de","68":"product_tag-delft","69":"product_tag-dentelle","70":"product_tag-drenthe","71":"product_tag-dronten","72":"product_tag-eindhoven","73":"product_tag-emmen","74":"product_tag-epoxy","75":"product_tag-etreilen","76":"product_tag-faire","77":"product_tag-fil-perle","78":"product_tag-fimo","79":"product_tag-fleur-2","80":"product_tag-fleur-de-fraise","81":"product_tag-flevoland","82":"product_tag-fraise-2","83":"product_tag-fraises","84":"product_tag-frise","85":"product_tag-gamme","86":"product_tag-gentilhomme","87":"product_tag-gifle","88":"product_tag-groningue","89":"product_tag-gueldre","90":"product_tag-heerenveen","91":"product_tag-hobby","92":"product_tag-idees","93":"product_tag-largent","94":"product_tag-largent-3","95":"product_tag-lor-2","96":"product_tag-leeuwarden","97":"product_tag-lelystad","98":"product_tag-limbourg","99":"product_tag-materiaux","100":"product_tag-meppel","101":"product_tag-metal-2","102":"product_tag-middelburg","103":"product_tag-mini","104":"product_tag-modele-2","105":"product_tag-moule-2","106":"product_tag-moule-3","107":"product_tag-moules-2","108":"product_tag-moules-moule","109":"product_tag-nord","110":"product_tag-offrir","111":"product_tag-ostende","112":"product_tag-ou","113":"product_tag-overijssel","114":"product_tag-paon-2","115":"product_tag-papillon","116":"product_tag-papillon-2","117":"product_tag-papillons-2","118":"product_tag-pate-polymere","119":"product_tag-pays-bas","120":"product_tag-pays-bas-2","121":"product_tag-pendentif","122":"product_tag-pendentif-2","123":"product_tag-pendentif-papillon","124":"product_tag-plume-de-paon","125":"product_tag-pmc","126":"product_tag-pont","127":"product_tag-poppys","128":"product_tag-presomptueux","129":"product_tag-reduction","130":"product_tag-resine","131":"product_tag-resine-2","132":"product_tag-resine-acrylique","133":"product_tag-resine-epoxy","134":"product_tag-resine-uv","135":"product_tag-rose-4","136":"product_tag-roses","137":"product_tag-rotterdam","138":"product_tag-silicone","139":"product_tag-silicone-3","140":"product_tag-silverclay-co-uk","141":"product_tag-sud","142":"product_tag-utrecht","143":"product_tag-uv","144":"product_tag-uvresin","145":"product_tag-vous","146":"product_tag-zelande","147":"product_tag-zivlver-malleable-2","148":"product_tag-zwolle","149":"product_shipping_class-standard","151":"first","152":"instock","153":"taxable","154":"shipping-taxable","155":"purchasable","156":"product-type-simple"},"acf":[],"_links":{"self":[{"href":"https:\/\/esquell.eu\/fr\/wp-json\/wp\/v2\/product\/17237","targetHints":{"allow":["GET"]}}],"collection":[{"href":"https:\/\/esquell.eu\/fr\/wp-json\/wp\/v2\/product"}],"about":[{"href":"https:\/\/esquell.eu\/fr\/wp-json\/wp\/v2\/types\/product"}],"replies":[{"embeddable":true,"href":"https:\/\/esquell.eu\/fr\/wp-json\/wp\/v2\/comments?post=17237"}],"wp:featuredmedia":[{"embeddable":true,"href":"https:\/\/esquell.eu\/fr\/wp-json\/wp\/v2\/media\/9324"}],"wp:attachment":[{"href":"https:\/\/esquell.eu\/fr\/wp-json\/wp\/v2\/media?parent=17237"}],"wp:term":[{"taxonomy":"more","embeddable":true,"href":"https:\/\/esquell.eu\/fr\/wp-json\/wp\/v2\/more?post=17237"},{"taxonomy":"product_brand","embeddable":true,"href":"https:\/\/esquell.eu\/fr\/wp-json\/wp\/v2\/product_brand?post=17237"},{"taxonomy":"product_cat","embeddable":true,"href":"https:\/\/esquell.eu\/fr\/wp-json\/wp\/v2\/product_cat?post=17237"},{"taxonomy":"product_tag","embeddable":true,"href":"https:\/\/esquell.eu\/fr\/wp-json\/wp\/v2\/product_tag?post=17237"}],"curies":[{"name":"wp","href":"https:\/\/api.w.org\/{rel}","templated":true}]}}