{"id":16886,"date":"2025-09-11T20:52:28","date_gmt":"2025-09-11T20:52:28","guid":{"rendered":"https:\/\/esquell.eu\/product\/pam-east-template-texture-set-3-set-de-2-pieces-pe2044\/"},"modified":"2025-09-11T20:52:28","modified_gmt":"2025-09-11T20:52:28","slug":"pam-east-template-texture-set-3-set-de-2-pieces-pe2044","status":"publish","type":"product","link":"https:\/\/esquell.eu\/fr\/produit\/pam-east-template-texture-set-3-set-de-2-pieces-pe2044\/","title":{"rendered":"Pam East Template &amp; Texture. Set 3. Set de 2 pi\u00e8ces PE2044"},"content":{"rendered":"<p>Les ensembles de gabarits et de textures Pam East vous permettent de d\u00e9couper des formes de texture parfaitement avec le gabarit fourni.<br \/>\nLes textures sont tr\u00e8s profondes, ce qui les rend parfaites pour l&rsquo;\u00e9mail, la r\u00e9sine et la patine.<br \/>\nCes ensembles de gabarits et de textures sont vraiment uniques. .<br \/>\nChaque timbre est soigneusement d\u00e9coup\u00e9 au laser pour une impression profonde et magnifique.<\/p>\n","protected":false},"excerpt":{"rendered":"<p>Les jeux de gabarits et de textures de Pam East vous permettent de d\u00e9couper des formes de textures parfaitement adapt\u00e9es au gabarit correspondant.<\/p>\n","protected":false},"featured_media":9486,"comment_status":"closed","ping_status":"closed","template":"","meta":{"_acf_changed":false,"_seopress_robots_primary_cat":"none","_seopress_titles_title":"","_seopress_titles_desc":"","_seopress_robots_index":""},"more":[],"product_brand":[10590],"product_cat":[11334,11931],"product_tag":[10601,6404,6658,6641,11335,6650,6855,8998,8745,11336,10599,10784,6816,6710,11337,11338],"class_list":{"0":"post-16886","1":"product","2":"type-product","3":"status-publish","4":"has-post-thumbnail","6":"product_brand-pameast","7":"product_cat-gabarits-pour-la-fabrication-de-bijoux","8":"product_cat-nouveau","9":"product_tag-a-lest","10":"product_tag-argile-argentee","11":"product_tag-bijoux-en-argile","12":"product_tag-boucles-doreilles","13":"product_tag-caoutchouc-2","14":"product_tag-cuivre","15":"product_tag-fixer","16":"product_tag-imprimer","17":"product_tag-la-texture","18":"product_tag-modele","19":"product_tag-pam","20":"product_tag-pameast","21":"product_tag-pate-polymere","22":"product_tag-pendentifs","23":"product_tag-tapis-de-texture","24":"product_tag-timbre","25":"product_shipping_class-standard","27":"first","28":"instock","29":"taxable","30":"shipping-taxable","31":"purchasable","32":"product-type-simple"},"acf":[],"_links":{"self":[{"href":"https:\/\/esquell.eu\/fr\/wp-json\/wp\/v2\/product\/16886","targetHints":{"allow":["GET"]}}],"collection":[{"href":"https:\/\/esquell.eu\/fr\/wp-json\/wp\/v2\/product"}],"about":[{"href":"https:\/\/esquell.eu\/fr\/wp-json\/wp\/v2\/types\/product"}],"replies":[{"embeddable":true,"href":"https:\/\/esquell.eu\/fr\/wp-json\/wp\/v2\/comments?post=16886"}],"wp:featuredmedia":[{"embeddable":true,"href":"https:\/\/esquell.eu\/fr\/wp-json\/wp\/v2\/media\/9486"}],"wp:attachment":[{"href":"https:\/\/esquell.eu\/fr\/wp-json\/wp\/v2\/media?parent=16886"}],"wp:term":[{"taxonomy":"more","embeddable":true,"href":"https:\/\/esquell.eu\/fr\/wp-json\/wp\/v2\/more?post=16886"},{"taxonomy":"product_brand","embeddable":true,"href":"https:\/\/esquell.eu\/fr\/wp-json\/wp\/v2\/product_brand?post=16886"},{"taxonomy":"product_cat","embeddable":true,"href":"https:\/\/esquell.eu\/fr\/wp-json\/wp\/v2\/product_cat?post=16886"},{"taxonomy":"product_tag","embeddable":true,"href":"https:\/\/esquell.eu\/fr\/wp-json\/wp\/v2\/product_tag?post=16886"}],"curies":[{"name":"wp","href":"https:\/\/api.w.org\/{rel}","templated":true}]}}