{"id":16848,"date":"2025-09-11T20:34:52","date_gmt":"2025-09-11T20:34:52","guid":{"rendered":"https:\/\/esquell.eu\/product\/agate-rouge-a-facettes-cabochon-pierre-naturelle-carre-1010\/"},"modified":"2025-11-09T09:38:07","modified_gmt":"2025-11-09T09:38:07","slug":"agate-rouge-a-facettes-cabochon-pierre-naturelle-carre-1010","status":"publish","type":"product","link":"https:\/\/esquell.eu\/fr\/produit\/agate-rouge-a-facettes-cabochon-pierre-naturelle-carre-1010\/","title":{"rendered":"Agate rouge \u00e0 facettes Cabochon pierre naturelle carr\u00e9 10*10"},"content":{"rendered":"<p>Cabochon en pierre naturelle de diff\u00e9rentes tailles<\/p>\n<p>carr\u00e9<\/p>\n<p>Fond plat<\/p>\n<p>Dalle de pierre<\/p>\n<p>*Comme il s&rsquo;agit d&rsquo;une pierre naturelle, tous les cabochons sont diff\u00e9rents.<\/p>\n<p><a href=\"https:\/\/esquell.eu\/fr\/categorie-de-produits\/pieces-de-bijoux\/reglements-et-chatons\/\"><u>Vous trouverez ici des couverts et des armoires en argent assortis.<\/u><\/a><\/p>\n<p>Fabriquez vos propres plateaux de composition ?<\/p>\n<p><a href=\"https:\/\/esquell.eu\/?s=zetdraad\"><u>Regardez ici pour le fil de composition<\/u><\/a><\/p>\n<p><u><a href=\"https:\/\/esquell.eu\/fr\/produit\/compose-anti-retrecissement-pour-largile-metallique-argile-dargent-differents-contenus\/\">Regardez ici pour Anti shrinkage compound for<\/a><a href=\"https:\/\/esquell.eu\/fr\/produit\/compose-anti-retrecissement-pour-largile-metallique-argile-dargent-differents-contenus\/\"> m\u00e9tal cl<\/a><a href=\"https:\/\/esquell.eu\/fr\/produit\/compose-anti-retrecissement-pour-largile-metallique-argile-dargent-differents-contenus\/\">ei<\/a><a href=\"https:\/\/esquell.eu\/fr\/produit\/compose-anti-retrecissement-pour-largile-metallique-argile-dargent-differents-contenus\/\"> \/ argile argent\u00e9e<\/a><strong><br \/>\n<\/strong><\/u><\/p>\n<p><a href=\"https:\/\/esquell.eu\/?s=sieradenlijm\">Colle pour bijoux<\/a><\/p>\n<p><a href=\"https:\/\/esquell.eu\/?s=zetstaa\"><u>acier de montage<\/u><\/a><\/p>\n","protected":false},"excerpt":{"rendered":"<p>Cabochon en pierre naturelle de diff\u00e9rentes tailles<\/p>\n<p>carr\u00e9<\/p>\n<p>Fond plat<\/p>\n<p>Slabstone Red Agate Facet Square<\/p>\n<p>*Comme il s&rsquo;agit d&rsquo;une pierre naturelle, tous les cabochons sont diff\u00e9rents.<\/p>\n<p><a href=\"https:\/\/esquell.eu\/fr\/categorie-de-produits\/pieces-de-bijoux\/reglements-et-chatons\/\"><u>Vous trouverez ici des couverts et des armoires en argent assortis.<\/u><\/a><\/p>\n<p>Fabriquez vos propres plateaux de composition ?<\/p>\n<p><a href=\"https:\/\/esquell.eu\/?s=zetdraad\"><u>Regardez ici pour le fil de composition<\/u><\/a><\/p>\n<p><u><a href=\"https:\/\/esquell.eu\/fr\/produit\/compose-anti-retrecissement-pour-largile-metallique-argile-dargent-differents-contenus\/\">Regardez ici pour Anti shrinkage compound for<\/a><a href=\"https:\/\/esquell.eu\/fr\/produit\/compose-anti-retrecissement-pour-largile-metallique-argile-dargent-differents-contenus\/\"> m\u00e9tal cl<\/a><a href=\"https:\/\/esquell.eu\/fr\/produit\/compose-anti-retrecissement-pour-largile-metallique-argile-dargent-differents-contenus\/\">ei<\/a><a href=\"https:\/\/esquell.eu\/fr\/produit\/compose-anti-retrecissement-pour-largile-metallique-argile-dargent-differents-contenus\/\"> \/ argile argent\u00e9e<\/a><strong><br \/>\n<\/strong><\/u><\/p>\n<p><a href=\"https:\/\/esquell.eu\/?s=sieradenlijm\">Colle pour bijoux<\/a><\/p>\n<p><a href=\"https:\/\/esquell.eu\/?s=zetstaa\"><u>acier de montage<\/u><\/a><\/p>\n","protected":false},"featured_media":9473,"comment_status":"closed","ping_status":"closed","template":"","meta":{"_acf_changed":false,"_seopress_robots_primary_cat":"none","_seopress_titles_title":"","_seopress_titles_desc":"","_seopress_robots_index":""},"more":[],"product_brand":[6398],"product_cat":[12183],"product_tag":[12934,11581,13015,8983,9668,12940,12898,12896,13025,6372,7477,9352,12938,10341,7223,12914,13020,13039,13041,7418,6480,6402,12950,13018,6409,8055,9660,12930,7430,7400,12957,13024,9385,11080,11090,13032,15228,9919,12928,12926,13011,6706,12959,11842,7245,12575,15236,15235,15302,15354,12955,12576,15234,11757,11826,13016,10052,10080,12892,6374,12390,13040,8031,13030,12900,12922,13026,7255,9459,15230,13038,7287,12902,12953,13028,12918,10984,13023,6385,13017,13034,12894,13021,7275,12916,11577,6567,6637,10082,6652,15233,8211,12942,6428,8053,7403,6483,12936,6484,12904,12932,7602,12910,11133,12965,7420,7644,12906,7274,13013,12912,11523,7426,8351,8059,10302,10693,9454,11533,15232,7252,12920,12963,12924,8056,10996,12908,13012,13035,13036,7248,13014,12961],"class_list":{"0":"post-16848","1":"product","2":"type-product","3":"status-publish","4":"has-post-thumbnail","6":"product_brand-l1","7":"product_cat-cabochons-carres","8":"product_tag-23-bijoux","9":"product_tag-amethyste","10":"product_tag-arizona","11":"product_tag-artclay-argent-2","12":"product_tag-autour-de","13":"product_tag-bague-en-pierre-naturelle","14":"product_tag-bijou-moderne","15":"product_tag-bijoumodern","16":"product_tag-bijoumoederne","17":"product_tag-bijoux","18":"product_tag-bijoux-4","19":"product_tag-bijoux-diy","20":"product_tag-bijoux-en-pierre-naturelle-2","21":"product_tag-bijoux-en-pierre-naturelle","22":"product_tag-bleu","23":"product_tag-bleu-3","24":"product_tag-bleu-vert-2","25":"product_tag-bleuatre","26":"product_tag-bleuatre-2","27":"product_tag-boite-de-reglage","28":"product_tag-boites-de-composition","29":"product_tag-bon-marche","30":"product_tag-boucles-doreilles-en-pierre-naturelle","31":"product_tag-boucles-doreilles-en-pierre-naturelle-2","32":"product_tag-bricolage","33":"product_tag-broche","34":"product_tag-brun","35":"product_tag-brun-2","36":"product_tag-cabochon","37":"product_tag-cabochons","38":"product_tag-cabochons-en-pierre-naturelle","39":"product_tag-cabouchon","40":"product_tag-carre","41":"product_tag-carre-2","42":"product_tag-carre-3","43":"product_tag-chrysoprase-2","44":"product_tag-citrine","45":"product_tag-colle","46":"product_tag-colle-a-cabochon","47":"product_tag-colle-pour-pierres-precieuses","48":"product_tag-colore","49":"product_tag-commerce-de-gros","50":"product_tag-cornaline","51":"product_tag-couleur","52":"product_tag-couleurs","53":"product_tag-couronnement","54":"product_tag-coussin","55":"product_tag-cyanure","56":"product_tag-cyanure-2","57":"product_tag-cyanure-3","58":"product_tag-denim","59":"product_tag-dents","60":"product_tag-dore-2","61":"product_tag-doux","62":"product_tag-doux-2","63":"product_tag-equitable","64":"product_tag-fabrication","65":"product_tag-fabrication-de-bijoux-2","66":"product_tag-fabriquez-vos-propres-bijoux","67":"product_tag-faire","68":"product_tag-fil-de-reglage","69":"product_tag-foire-aux-mineraux","70":"product_tag-fournitures-pour-bijoux","71":"product_tag-fournitures-pour-la-fabrication-de-bijoux-2","72":"product_tag-giethoorn","73":"product_tag-guerison","74":"product_tag-hommes-2","75":"product_tag-jaune","76":"product_tag-jaune-2","77":"product_tag-jaune-3","78":"product_tag-lenfer","79":"product_tag-lor-3","80":"product_tag-lapis","81":"product_tag-lapislazuli","82":"product_tag-laval-2","83":"product_tag-lazuli","84":"product_tag-lilas","85":"product_tag-lolite-2","86":"product_tag-lumiere","87":"product_tag-lumineux","88":"product_tag-menthe-2","89":"product_tag-messieurs-et-mesdames","90":"product_tag-mineraux","91":"product_tag-moitie","92":"product_tag-mtn","93":"product_tag-oeil-de-tigre","94":"product_tag-offrir","95":"product_tag-orfevre","96":"product_tag-orfevre-3","97":"product_tag-orfevres","98":"product_tag-pastel","99":"product_tag-pate-2","100":"product_tag-pendentif-en-pierre-naturelle","101":"product_tag-pierre","102":"product_tag-pierre-3","103":"product_tag-pierre-de-taille","104":"product_tag-pierre-naturelle","105":"product_tag-pierre-naturelle-cabochon-2","106":"product_tag-pierre-precieuse","107":"product_tag-pierre-semi-precieuse","108":"product_tag-pierres-dagate","109":"product_tag-pierres-precieuses","110":"product_tag-pierres-precieuses-3","111":"product_tag-pierres-semi-precieuses","112":"product_tag-plaque","113":"product_tag-plateau-de-brassage","114":"product_tag-poli","115":"product_tag-poli-2","116":"product_tag-pourpre","117":"product_tag-pourpre-2","118":"product_tag-proprietes","119":"product_tag-quartz","120":"product_tag-reglage","121":"product_tag-reglage-2","122":"product_tag-reglage-des-griffes","123":"product_tag-rijswijk","124":"product_tag-ronde","125":"product_tag-rose-2","126":"product_tag-rose-3","127":"product_tag-rose-tendre","128":"product_tag-rouge","129":"product_tag-rouge-3","130":"product_tag-rouge-fonce","131":"product_tag-sens","132":"product_tag-sertissage","133":"product_tag-strass-4","134":"product_tag-strass-5","135":"product_tag-turquoise","136":"product_tag-verdatre","137":"product_tag-verdatre-2","138":"product_tag-vert","139":"product_tag-vert-3","140":"product_tag-vin-rouge","141":"pa_afmeting-1014-mm","142":"pa_afmeting-1318-mm","143":"pa_afmeting-1520mm","144":"pa_afmeting-1825-mm","145":"pa_afmeting-2030-mm","146":"pa_afmeting-2230mm","147":"pa_afmeting-3040mm","148":"pa_afmeting-46-mm","149":"pa_afmeting-4mm","150":"pa_afmeting-5mm","151":"pa_afmeting-68-mm","152":"pa_afmeting-6mm","153":"pa_afmeting-79-mm","154":"pa_afmeting-810-mm","155":"pa_afmeting-8mm","157":"first","158":"instock","159":"taxable","160":"shipping-taxable","161":"purchasable","162":"product-type-simple"},"acf":[],"_links":{"self":[{"href":"https:\/\/esquell.eu\/fr\/wp-json\/wp\/v2\/product\/16848","targetHints":{"allow":["GET"]}}],"collection":[{"href":"https:\/\/esquell.eu\/fr\/wp-json\/wp\/v2\/product"}],"about":[{"href":"https:\/\/esquell.eu\/fr\/wp-json\/wp\/v2\/types\/product"}],"replies":[{"embeddable":true,"href":"https:\/\/esquell.eu\/fr\/wp-json\/wp\/v2\/comments?post=16848"}],"wp:featuredmedia":[{"embeddable":true,"href":"https:\/\/esquell.eu\/fr\/wp-json\/wp\/v2\/media\/9473"}],"wp:attachment":[{"href":"https:\/\/esquell.eu\/fr\/wp-json\/wp\/v2\/media?parent=16848"}],"wp:term":[{"taxonomy":"more","embeddable":true,"href":"https:\/\/esquell.eu\/fr\/wp-json\/wp\/v2\/more?post=16848"},{"taxonomy":"product_brand","embeddable":true,"href":"https:\/\/esquell.eu\/fr\/wp-json\/wp\/v2\/product_brand?post=16848"},{"taxonomy":"product_cat","embeddable":true,"href":"https:\/\/esquell.eu\/fr\/wp-json\/wp\/v2\/product_cat?post=16848"},{"taxonomy":"product_tag","embeddable":true,"href":"https:\/\/esquell.eu\/fr\/wp-json\/wp\/v2\/product_tag?post=16848"}],"curies":[{"name":"wp","href":"https:\/\/api.w.org\/{rel}","templated":true}]}}