{"id":16836,"date":"2025-09-11T08:51:52","date_gmt":"2025-09-11T08:51:52","guid":{"rendered":"https:\/\/esquell.eu\/product\/moule-en-silicone-pour-tournesols\/"},"modified":"2025-09-11T08:51:52","modified_gmt":"2025-09-11T08:51:52","slug":"moule-en-silicone-pour-tournesols","status":"publish","type":"product","link":"https:\/\/esquell.eu\/fr\/produit\/moule-en-silicone-pour-tournesols\/","title":{"rendered":"Moule en silicone pour tournesols"},"content":{"rendered":"<p>Moule en silicone avec tournesols<\/p>\n<p>Dimensions du moule entier 5,8 * 5,8<\/p>\n<p>Petit tournesol 1,3 cm<\/p>\n<p>Grand tournesol 2,5 cm<\/p>\n<p>A utiliser avec la p\u00e2te \u00e0 modeler, la p\u00e2te d&rsquo;argent, la p\u00e2te de bronze, la p\u00e2te de cuivre, la p\u00e2te fimo, la p\u00e2te polym\u00e8re, le cernit, etc.<\/p>\n<p>Lorsque vous utilisez de l&rsquo;argile m\u00e9tallique, vaporisez la formule antiadh\u00e9sive coolslip avant de l&rsquo;utiliser. Cela emp\u00eache l&rsquo;argile de coller aux moules. <\/p>\n","protected":false},"excerpt":{"rendered":"<p>Moule en silicone aveczibbebkieneb<\/p>\n<p>Taille du moule env. 14*9 cm<\/p>\n<p>Convient pour l&rsquo;argile, l&rsquo;argile m\u00e9tallique, l&rsquo;argile, la r\u00e9sine uv, la r\u00e9sine, l&rsquo;acrylique, l&rsquo;\u00e9poxy, etc.<\/p>\n<p>* la couleur du moule peut varier.<\/p>\n","protected":false},"featured_media":9458,"comment_status":"closed","ping_status":"closed","template":"","meta":{"_acf_changed":false,"_seopress_robots_primary_cat":"none","_seopress_titles_title":"","_seopress_titles_desc":"","_seopress_robots_index":""},"more":[],"product_brand":[6398],"product_cat":[15643],"product_tag":[6645,6646,7929,6945,7024,6923,7098,6638,6931,7096,6388,6473,6420,6530,7141,6378,6390,15655,6947,15653,6949,8422,6393,6372,6402,8350,6641,6941,6792,7360,8368,7582,6716,7116,6409,6412,6528,6935,7770,6819,6794,7762,9919,6962,8224,7871,7104,7047,6655,8503,7038,8492,9797,7766,6374,6815,6785,6653,9392,6933,6651,6659,6951,8241,7648,6369,6634,7215,6930,7026,6789,11024,8497,7031,7040,15646,9874,10552,15647,6661,6567,6937,6643,6657,15657,6816,6391,6665,6774,7092,15658,7029,7094,8736,6751,7774,9894,9896,15644,6443,6925,14735,15649,6407,6663,15660,15659,6787,9892,11627,6408,6667,15651,7032],"class_list":{"0":"post-16836","1":"product","2":"type-product","3":"status-publish","4":"has-post-thumbnail","6":"product_brand-l1","7":"product_cat-moules","8":"product_tag-a","9":"product_tag-acheter","10":"product_tag-acrylique","11":"product_tag-alkmaar","12":"product_tag-almere","13":"product_tag-amsterdam","14":"product_tag-anneau","15":"product_tag-anneaux","16":"product_tag-anvers","17":"product_tag-apeldoorn","18":"product_tag-argile","19":"product_tag-argile-2","20":"product_tag-argile-bronze","21":"product_tag-argile-bronzee","22":"product_tag-argile-cuivree","23":"product_tag-argile-metallique","24":"product_tag-argile-metallique-2","25":"product_tag-argiles-3","26":"product_tag-arnhem","27":"product_tag-artclaysilver-co-uk-cooltools-2","28":"product_tag-assen","29":"product_tag-aussie","30":"product_tag-belgique","31":"product_tag-bijoux","32":"product_tag-bon-marche","33":"product_tag-boucle-doreille","34":"product_tag-boucles-doreilles","35":"product_tag-brabant","36":"product_tag-bracelet","37":"product_tag-bracelets","38":"product_tag-brachelet","39":"product_tag-breda","40":"product_tag-breloques","41":"product_tag-breloques-2","42":"product_tag-bricolage","43":"product_tag-bronze","44":"product_tag-bronze-2","45":"product_tag-bruxelles","46":"product_tag-camps","47":"product_tag-cernit","48":"product_tag-chaine","49":"product_tag-coevorden","50":"product_tag-colle","51":"product_tag-collier","52":"product_tag-conseils","53":"product_tag-creatif","54":"product_tag-cuivre-2","55":"product_tag-delft","56":"product_tag-drenthe","57":"product_tag-dronten","58":"product_tag-eindhoven","59":"product_tag-emmen","60":"product_tag-epoxy","61":"product_tag-etreilen","62":"product_tag-faire","63":"product_tag-fimo","64":"product_tag-flevoland","65":"product_tag-frise","66":"product_tag-gamme","67":"product_tag-gentilhomme","68":"product_tag-groningue","69":"product_tag-gueldre","70":"product_tag-heerenveen","71":"product_tag-hobby","72":"product_tag-idees","73":"product_tag-largent","74":"product_tag-largent-3","75":"product_tag-lor-2","76":"product_tag-leeuwarden","77":"product_tag-lelystad","78":"product_tag-limbourg","79":"product_tag-materiaux","80":"product_tag-meppel","81":"product_tag-metal-2","82":"product_tag-middelburg","83":"product_tag-modele-2","84":"product_tag-moule-2","85":"product_tag-moule-3","86":"product_tag-moules-moule","87":"product_tag-nord","88":"product_tag-offrir","89":"product_tag-ostende","90":"product_tag-ou","91":"product_tag-overijssel","92":"product_tag-paon-2","93":"product_tag-pate-polymere","94":"product_tag-pays-bas","95":"product_tag-pays-bas-2","96":"product_tag-pendentif","97":"product_tag-pendentif-2","98":"product_tag-plume-de-paon","99":"product_tag-pmc","100":"product_tag-pont","101":"product_tag-presomptueux","102":"product_tag-reduction","103":"product_tag-resine","104":"product_tag-resine-2","105":"product_tag-resine-acrylique","106":"product_tag-resine-epoxy","107":"product_tag-resine-uv","108":"product_tag-rotterdam","109":"product_tag-silicone","110":"product_tag-silicone-3","111":"product_tag-silverclay-co-uk","112":"product_tag-sud","113":"product_tag-tournesol-2","114":"product_tag-tournesol","115":"product_tag-utrecht","116":"product_tag-uv","117":"product_tag-uvresin","118":"product_tag-vous","119":"product_tag-zelande","120":"product_tag-zivlver-malleable-2","121":"product_tag-zwolle","122":"product_shipping_class-standard","124":"first","125":"instock","126":"taxable","127":"shipping-taxable","128":"purchasable","129":"product-type-simple"},"acf":[],"_links":{"self":[{"href":"https:\/\/esquell.eu\/fr\/wp-json\/wp\/v2\/product\/16836","targetHints":{"allow":["GET"]}}],"collection":[{"href":"https:\/\/esquell.eu\/fr\/wp-json\/wp\/v2\/product"}],"about":[{"href":"https:\/\/esquell.eu\/fr\/wp-json\/wp\/v2\/types\/product"}],"replies":[{"embeddable":true,"href":"https:\/\/esquell.eu\/fr\/wp-json\/wp\/v2\/comments?post=16836"}],"wp:featuredmedia":[{"embeddable":true,"href":"https:\/\/esquell.eu\/fr\/wp-json\/wp\/v2\/media\/9458"}],"wp:attachment":[{"href":"https:\/\/esquell.eu\/fr\/wp-json\/wp\/v2\/media?parent=16836"}],"wp:term":[{"taxonomy":"more","embeddable":true,"href":"https:\/\/esquell.eu\/fr\/wp-json\/wp\/v2\/more?post=16836"},{"taxonomy":"product_brand","embeddable":true,"href":"https:\/\/esquell.eu\/fr\/wp-json\/wp\/v2\/product_brand?post=16836"},{"taxonomy":"product_cat","embeddable":true,"href":"https:\/\/esquell.eu\/fr\/wp-json\/wp\/v2\/product_cat?post=16836"},{"taxonomy":"product_tag","embeddable":true,"href":"https:\/\/esquell.eu\/fr\/wp-json\/wp\/v2\/product_tag?post=16836"}],"curies":[{"name":"wp","href":"https:\/\/api.w.org\/{rel}","templated":true}]}}