{"id":16687,"date":"2025-09-13T10:24:52","date_gmt":"2025-09-13T10:24:52","guid":{"rendered":"https:\/\/esquell.eu\/product\/poincon-par-exemple-pour-art-clay-papier-et-feuille-dor-feuille-dautomne-1\/"},"modified":"2025-09-13T10:24:52","modified_gmt":"2025-09-13T10:24:52","slug":"poincon-par-exemple-pour-art-clay-papier-et-feuille-dor-feuille-dautomne-1","status":"publish","type":"product","link":"https:\/\/esquell.eu\/fr\/produit\/poincon-par-exemple-pour-art-clay-papier-et-feuille-dor-feuille-dautomne-1\/","title":{"rendered":"Poin\u00e7on Par exemple pour Art Clay Papier et feuille d&rsquo;or feuille d&rsquo;automne 1"},"content":{"rendered":"<p>Poin\u00e7on pour d\u00e9couper le papier Art Clay et les feuilles d&rsquo;or, de cuivre ou d&rsquo;argent.<\/p>\n<p>Taille voir photo<\/p>\n<p>Feuille<\/p>\n","protected":false},"excerpt":{"rendered":"<p>Poin\u00e7on pour d\u00e9couper le papier Art Clay et les feuilles d&rsquo;or, de cuivre ou d&rsquo;argent. Taille voir photo Feuille<\/p>\n","protected":false},"featured_media":9566,"comment_status":"closed","ping_status":"closed","template":"","meta":{"_acf_changed":false,"_seopress_robots_primary_cat":"none","_seopress_titles_title":"","_seopress_titles_desc":"","_seopress_robots_index":""},"more":[],"product_brand":[15505],"product_cat":[6808,6364],"product_tag":[15506,6851,15509,15517,8878,8886,15511,8228,15515,8453,15513],"class_list":{"0":"post-16687","1":"product","2":"type-product","3":"status-publish","4":"has-post-thumbnail","6":"product_brand-vaessen","7":"product_cat-couteaux-pour-largile","8":"product_cat-materiel-supplementaire","9":"product_tag-coup-de-poing","10":"product_tag-cutters","11":"product_tag-decouper","12":"product_tag-feuille-dargent","13":"product_tag-feuille-dor","14":"product_tag-feuille-de-cuivre","15":"product_tag-forme-dexpression","16":"product_tag-papier-argile","17":"product_tag-papier-dore","18":"product_tag-poinconnage","19":"product_tag-poinconnage-2","21":"first","22":"instock","23":"taxable","24":"shipping-taxable","25":"purchasable","26":"product-type-simple"},"acf":[],"_links":{"self":[{"href":"https:\/\/esquell.eu\/fr\/wp-json\/wp\/v2\/product\/16687","targetHints":{"allow":["GET"]}}],"collection":[{"href":"https:\/\/esquell.eu\/fr\/wp-json\/wp\/v2\/product"}],"about":[{"href":"https:\/\/esquell.eu\/fr\/wp-json\/wp\/v2\/types\/product"}],"replies":[{"embeddable":true,"href":"https:\/\/esquell.eu\/fr\/wp-json\/wp\/v2\/comments?post=16687"}],"wp:featuredmedia":[{"embeddable":true,"href":"https:\/\/esquell.eu\/fr\/wp-json\/wp\/v2\/media\/9566"}],"wp:attachment":[{"href":"https:\/\/esquell.eu\/fr\/wp-json\/wp\/v2\/media?parent=16687"}],"wp:term":[{"taxonomy":"more","embeddable":true,"href":"https:\/\/esquell.eu\/fr\/wp-json\/wp\/v2\/more?post=16687"},{"taxonomy":"product_brand","embeddable":true,"href":"https:\/\/esquell.eu\/fr\/wp-json\/wp\/v2\/product_brand?post=16687"},{"taxonomy":"product_cat","embeddable":true,"href":"https:\/\/esquell.eu\/fr\/wp-json\/wp\/v2\/product_cat?post=16687"},{"taxonomy":"product_tag","embeddable":true,"href":"https:\/\/esquell.eu\/fr\/wp-json\/wp\/v2\/product_tag?post=16687"}],"curies":[{"name":"wp","href":"https:\/\/api.w.org\/{rel}","templated":true}]}}