{"id":16655,"date":"2025-09-13T10:08:24","date_gmt":"2025-09-13T10:08:24","guid":{"rendered":"https:\/\/esquell.eu\/product\/kit-de-bricolage-pendentif-fleur-en-argent-avec-zircon-pour-les-debutants\/"},"modified":"2026-03-23T20:00:39","modified_gmt":"2026-03-23T20:00:39","slug":"kit-de-bricolage-pendentif-fleur-en-argent-avec-zircon-pour-les-debutants","status":"publish","type":"product","link":"https:\/\/esquell.eu\/fr\/produit\/kit-de-bricolage-pendentif-fleur-en-argent-avec-zircon-pour-les-debutants\/","title":{"rendered":"Kit de bricolage Pendentif fleur en argent avec zircon. Pour les d\u00e9butants"},"content":{"rendered":"<p>Paquet contenant tout ce dont vous avez besoin pour r\u00e9aliser ce pendentif fleur en argent avec zircon brillant dans le c\u0153ur.<\/p>\n<p>Y compris :<\/p>\n<ul>\n<li>Outils<\/li>\n<li>Argile argent\u00e9e<\/li>\n<li>Manuel,<\/li>\n<li>Zirconias<\/li>\n<\/ul>\n<p>Mat\u00e9riel de cuisson exclusif. Vous pouvez trouver un kit de cuisson <strong><a href=\"https:\/\/esquell.eu\/fr\/produit\/set-de-soudure-et-de-cuisson-souder-des-bijoux-et-cuire-de-la-pate-dargent-kopie\/\">ici<\/a><\/strong> <\/p>\n<p>Le paquet a \u00e9t\u00e9 d\u00e9velopp\u00e9 \/ le manuel a \u00e9t\u00e9 r\u00e9dig\u00e9 par un instructeur certifi\u00e9.<\/p>\n","protected":false},"excerpt":{"rendered":"<p>Paquet contenant tout ce dont vous avez besoin pour r\u00e9aliser ce pendentif fleur en argent avec zircon brillant dans le c\u0153ur.<\/p>\n<p>Y compris :<\/p>\n<ul>\n<li>Outils<\/li>\n<li>Argile argent\u00e9e<\/li>\n<li>Manuel,<\/li>\n<li>Zirconias<\/li>\n<\/ul>\n<p>Le paquet a \u00e9t\u00e9 d\u00e9velopp\u00e9 \/ le manuel a \u00e9t\u00e9 r\u00e9dig\u00e9 par un instructeur certifi\u00e9.<\/p>\n","protected":false},"featured_media":16660,"comment_status":"closed","ping_status":"closed","template":"","meta":{"_acf_changed":false,"_seopress_robots_primary_cat":"none","_seopress_titles_title":"","_seopress_titles_desc":"","_seopress_robots_index":""},"more":[],"product_brand":[10819],"product_cat":[11931,7393,6809],"product_tag":[6470,6476,12832,7098,12829,6638,12830,6404,7500,6658,6409,6374,6798,15543,6855,6837,12831,12805,6801,8428,15538,8433,6369,6550,6634,6640,6714,12800,12833,15540,12802,6774,7092,15545,6805,13552,6803,6408,6776,15539,6482],"class_list":{"0":"post-16655","1":"product","2":"type-product","3":"status-publish","4":"has-post-thumbnail","6":"product_brand-div","7":"product_cat-nouveau","8":"product_cat-paquets-de-depart","9":"product_cat-vente","10":"product_tag-6470","11":"product_tag-6476","12":"product_tag-a-la-mode","13":"product_tag-anneau","14":"product_tag-anneau-de-couleur","15":"product_tag-anneaux","16":"product_tag-anneaux-dargile","17":"product_tag-argile-argentee","18":"product_tag-argile-argentee-3","19":"product_tag-bijoux-en-argile","20":"product_tag-bricolage","21":"product_tag-faire","22":"product_tag-faire-2","23":"product_tag-faites-le-vous-meme-2","24":"product_tag-fixer","25":"product_tag-fleur","26":"product_tag-hanche","27":"product_tag-hippopotame","28":"product_tag-il","29":"product_tag-kit-de-demarrage","30":"product_tag-kit-de-demarrage-2","31":"product_tag-kits-de-demarrage","32":"product_tag-largent","33":"product_tag-largent-2","34":"product_tag-largent-3","35":"product_tag-maison","36":"product_tag-pack-de-demarrage","37":"product_tag-paquet","38":"product_tag-paquet-2","39":"product_tag-paquet-3","40":"product_tag-paquet-de-diapositives","41":"product_tag-pendentif","42":"product_tag-pendentif-2","43":"product_tag-pendentif-fleur","44":"product_tag-soi","45":"product_tag-tout","46":"product_tag-votre","47":"product_tag-vous","48":"product_tag-vraiment","49":"product_tag-y-compris","50":"product_tag-zircone","51":"product_shipping_class-standard","53":"first","54":"instock","55":"sale","56":"taxable","57":"shipping-taxable","58":"purchasable","59":"product-type-simple"},"acf":[],"_links":{"self":[{"href":"https:\/\/esquell.eu\/fr\/wp-json\/wp\/v2\/product\/16655","targetHints":{"allow":["GET"]}}],"collection":[{"href":"https:\/\/esquell.eu\/fr\/wp-json\/wp\/v2\/product"}],"about":[{"href":"https:\/\/esquell.eu\/fr\/wp-json\/wp\/v2\/types\/product"}],"replies":[{"embeddable":true,"href":"https:\/\/esquell.eu\/fr\/wp-json\/wp\/v2\/comments?post=16655"}],"wp:featuredmedia":[{"embeddable":true,"href":"https:\/\/esquell.eu\/fr\/wp-json\/wp\/v2\/media\/16660"}],"wp:attachment":[{"href":"https:\/\/esquell.eu\/fr\/wp-json\/wp\/v2\/media?parent=16655"}],"wp:term":[{"taxonomy":"more","embeddable":true,"href":"https:\/\/esquell.eu\/fr\/wp-json\/wp\/v2\/more?post=16655"},{"taxonomy":"product_brand","embeddable":true,"href":"https:\/\/esquell.eu\/fr\/wp-json\/wp\/v2\/product_brand?post=16655"},{"taxonomy":"product_cat","embeddable":true,"href":"https:\/\/esquell.eu\/fr\/wp-json\/wp\/v2\/product_cat?post=16655"},{"taxonomy":"product_tag","embeddable":true,"href":"https:\/\/esquell.eu\/fr\/wp-json\/wp\/v2\/product_tag?post=16655"}],"curies":[{"name":"wp","href":"https:\/\/api.w.org\/{rel}","templated":true}]}}