{"id":16597,"date":"2025-09-13T10:36:22","date_gmt":"2025-09-13T10:36:22","guid":{"rendered":"https:\/\/esquell.eu\/product\/zircone-aaaaa-ronde-couleur-verte-resistant-a-la-chaleur-differentes-tailles\/"},"modified":"2025-11-09T04:18:20","modified_gmt":"2025-11-09T04:18:20","slug":"zircone-aaaaa-ronde-couleur-verte-resistant-a-la-chaleur-differentes-tailles","status":"publish","type":"product","link":"https:\/\/esquell.eu\/fr\/produit\/zircone-aaaaa-ronde-couleur-verte-resistant-a-la-chaleur-differentes-tailles\/","title":{"rendered":"Zircone AAAAA ronde Couleur verte R\u00e9sistant \u00e0 la chaleur Diff\u00e9rentes tailles"},"content":{"rendered":"<p><strong>Note : Remise suppl\u00e9mentaire en cas de commande de plusieurs pi\u00e8ces<\/strong><\/p>\n<p>Zircone \/ Zircone cubique \/ Pierre CZ.<br \/>\nHaute qualit\u00e9 5xA. R\u00e9sistant \u00e0 la chaleur. <\/p>\n<p>Convient \u00e0 la cuisson directe dans l&rsquo;argile argent\u00e9e.<\/p>\n<p>Convient \u00e9galement \u00e0 la co-cuisson dans l&rsquo;argile de bronze ou de cuivre. Dans l&rsquo;argile cuivre ou bronze, la pierre peut \u00eatre cuite pendant 4 heures dans du charbon actif \u00e0 820 degr\u00e9s. <\/p>\n<p>Au lieu de la co-cuisson, les pierres peuvent \u00e9galement \u00eatre ajout\u00e9es apr\u00e8s la cuisson. Par exemple, \u00e0 l&rsquo;aide d&rsquo;un <a href=\"https:\/\/esquell.eu\/fr\/categorie-de-produits\/pieces-de-bijoux\/reglements-et-chatons\/\">setter ou de chatons<\/a>. <\/p>\n<p>Ces briques peuvent \u00eatre cuites au four, avec une torche ou un br\u00fbleur manuel ou sur une cuisini\u00e8re \u00e0 gaz. Les briques ont \u00e9t\u00e9 test\u00e9es pendant 30 minutes \u00e0 850\u00b0C. <\/p>\n<p>Remarque : ne pas refroidir dans l&rsquo;eau. Les galets se fissurent, deviennent mats, changent de couleur en raison de la grande diff\u00e9rence de temp\u00e9rature. <\/p>\n<p>Les briques plus grandes doivent de pr\u00e9f\u00e9rence \u00eatre cuites au four. Placez-les dans un four froid et laissez-les refroidir \u00e0 temp\u00e9rature ambiante apr\u00e8s la cuisson. <\/p>\n","protected":false},"excerpt":{"rendered":"<p><strong>Note : Remise suppl\u00e9mentaire en cas de commande de plusieurs pi\u00e8ces<\/strong><\/p>\n<p>Zircone \/ Zircone cubique \/ Pierre CZ. Carr\u00e9 Diff\u00e9rentes tailles.<br \/>\nHaute qualit\u00e9 5xA.  R\u00e9sistant \u00e0 la chaleur.<\/p>\n<p>Convient \u00e0 la cuisson directe dans l&rsquo;argile argent\u00e9e.<\/p>\n<p>&nbsp;<\/p>\n<p>Convient \u00e9galement \u00e0 la co-cuisson dans l&rsquo;argile de bronze ou de cuivre. Dans l&rsquo;argile cuivre ou bronze, la pierre peut \u00eatre cuite pendant 4 heures dans du charbon actif \u00e0 820 degr\u00e9s. <\/p>\n<p>Au lieu de la co-cuisson, les pierres peuvent \u00e9galement \u00eatre ajout\u00e9es apr\u00e8s la cuisson. Par exemple, \u00e0 l&rsquo;aide d&rsquo;un<strong> setter ou de chatons <\/strong>.   <\/p>\n<p>&nbsp;<\/p>\n<p>Ces briques peuvent \u00eatre cuites au four, \u00e0 l&rsquo;aide d&rsquo;une microtorche ou sur une cuisini\u00e8re \u00e0 gaz. Les briques ont \u00e9t\u00e9 test\u00e9es pendant 30 minutes \u00e0 850\u00b0C. <\/p>\n<p>&nbsp;<\/p>\n<p>Remarque : ne pas refroidir dans l&rsquo;eau. Les galets se fissureraient en raison de la grande diff\u00e9rence de temp\u00e9rature. <\/p>\n<p>&nbsp;<\/p>\n<p>Les briques plus grandes doivent de pr\u00e9f\u00e9rence \u00eatre cuites au four. Placez-les dans un four froid et laissez-les refroidir \u00e0 temp\u00e9rature ambiante apr\u00e8s la cuisson. <\/p>\n","protected":false},"featured_media":5177,"comment_status":"closed","ping_status":"closed","template":"","meta":{"_acf_changed":false,"_seopress_robots_primary_cat":"none","_seopress_titles_title":"","_seopress_titles_desc":"","_seopress_robots_index":""},"more":[],"product_brand":[6398],"product_cat":[15526],"product_tag":[11988,9296,9299,9303,7664,12038,12573,9989,7760,6386,12032,6638,6404,6378,6390,13147,6372,6642,7191,7210,7223,15528,15531,15527,7418,6402,6641,6389,6796,6409,13135,9660,9385,11090,11318,11642,8057,11561,7188,9480,13149,13151,6649,6706,11842,7245,13146,11026,13131,15359,8318,9997,6486,6743,9384,11826,6647,12531,6374,10110,15537,15533,6481,9392,13119,15535,6381,7255,9459,6403,13124,15340,6559,10984,6478,7681,6640,7398,13156,10222,6567,13128,6652,6643,12000,6710,7279,8053,13127,13121,13139,7420,7644,13013,13125,13126,7426,13233,13122,15529,13118,13120,13137,9454,11533,7252,13143,15534,15530,13130,13123,15333,13141,7266,7055,10802,7248,9467,15536,15532,7264,6408,13159,13129,13145,7604,6482],"class_list":{"0":"post-16597","1":"product","2":"type-product","3":"status-publish","4":"has-post-thumbnail","6":"product_brand-l1","7":"product_cat-zircone-ronde","8":"product_tag-11988","9":"product_tag-9296","10":"product_tag-9299","11":"product_tag-9303","12":"product_tag-7664","13":"product_tag-12038","14":"product_tag-a-6","15":"product_tag-aaaaa","16":"product_tag-achats-2","17":"product_tag-aida","18":"product_tag-ambre-2","19":"product_tag-anneaux","20":"product_tag-argile-argentee","21":"product_tag-argile-metallique","22":"product_tag-argile-metallique-2","23":"product_tag-beaucoup","24":"product_tag-bijoux","25":"product_tag-bijoux-2","26":"product_tag-blanc-2","27":"product_tag-blanc-3","28":"product_tag-bleu","29":"product_tag-bleu-clair","30":"product_tag-bleu-fonce","31":"product_tag-bleu-marine","32":"product_tag-boite-de-reglage","33":"product_tag-bon-marche","34":"product_tag-boucles-doreilles","35":"product_tag-boutique-en-ligne","36":"product_tag-boutique-en-ligne-2","37":"product_tag-bricolage","38":"product_tag-brillant-4","39":"product_tag-brun","40":"product_tag-carre","41":"product_tag-carre-3","42":"product_tag-chaleur","43":"product_tag-chaleur-2","44":"product_tag-chaton","45":"product_tag-chute-2","46":"product_tag-clair","47":"product_tag-clair-2","48":"product_tag-colliers","49":"product_tag-collor","50":"product_tag-commande","51":"product_tag-commerce-de-gros","52":"product_tag-couleur","53":"product_tag-couleurs","54":"product_tag-couper-4","55":"product_tag-cubique","56":"product_tag-cubique-2","57":"product_tag-cubique-3","58":"product_tag-cz","59":"product_tag-daimond","60":"product_tag-diamant","61":"product_tag-distributeur","62":"product_tag-divers","63":"product_tag-doux-2","64":"product_tag-en-ligne","65":"product_tag-facette","66":"product_tag-faire","67":"product_tag-fait","68":"product_tag-foret-4","69":"product_tag-fucia","70":"product_tag-galets","71":"product_tag-gamme","72":"product_tag-grand-2","73":"product_tag-gris-vert","74":"product_tag-japon","75":"product_tag-jaune","76":"product_tag-jaune-2","77":"product_tag-lor","78":"product_tag-laboratoire","79":"product_tag-laboratoire-2","80":"product_tag-lignes-dartisanat","81":"product_tag-lilas","82":"product_tag-lunette","83":"product_tag-magasin-de-perles","84":"product_tag-maison","85":"product_tag-mettre","86":"product_tag-mulit","87":"product_tag-nano","88":"product_tag-offrir","89":"product_tag-olive","90":"product_tag-orfevres","91":"product_tag-ou","92":"product_tag-ovale-2","93":"product_tag-pendentifs","94":"product_tag-pierre-2","95":"product_tag-pierre-3","96":"product_tag-pierre-precieuse-2","97":"product_tag-pierres","98":"product_tag-pierres-precieuses-4","99":"product_tag-plateau-de-brassage","100":"product_tag-poli","101":"product_tag-pourpre-2","102":"product_tag-pyramide","103":"product_tag-qui","104":"product_tag-reglage","105":"product_tag-resistant","106":"product_tag-resistant-a-la-chaleur","107":"product_tag-resistant-a-la-chaleur-2","108":"product_tag-rio","109":"product_tag-riogrande","110":"product_tag-rond-poli","111":"product_tag-rose-2","112":"product_tag-rose-3","113":"product_tag-rouge","114":"product_tag-saphir","115":"product_tag-seablue","116":"product_tag-spinelle","117":"product_tag-swarofski","118":"product_tag-synthetique-2","119":"product_tag-synthetique-3","120":"product_tag-temperature","121":"product_tag-transparent","122":"product_tag-verre","123":"product_tag-verre-2","124":"product_tag-vert","125":"product_tag-vert-2","126":"product_tag-vert-de-gris","127":"product_tag-vert-jaune","128":"product_tag-violet","129":"product_tag-vous","130":"product_tag-x","131":"product_tag-zc","132":"product_tag-zircon","133":"product_tag-zircone-2","134":"product_tag-zircone","135":"product_shipping_class-standard","136":"pa_afmeting-10mm","137":"pa_afmeting-2mm","138":"pa_afmeting-3mm","139":"pa_afmeting-4mm","140":"pa_afmeting-5mm","141":"pa_afmeting-6mm","142":"pa_afmeting-8mm","144":"first","145":"instock","146":"taxable","147":"shipping-taxable","148":"purchasable","149":"product-type-variable"},"acf":[],"_links":{"self":[{"href":"https:\/\/esquell.eu\/fr\/wp-json\/wp\/v2\/product\/16597","targetHints":{"allow":["GET"]}}],"collection":[{"href":"https:\/\/esquell.eu\/fr\/wp-json\/wp\/v2\/product"}],"about":[{"href":"https:\/\/esquell.eu\/fr\/wp-json\/wp\/v2\/types\/product"}],"replies":[{"embeddable":true,"href":"https:\/\/esquell.eu\/fr\/wp-json\/wp\/v2\/comments?post=16597"}],"wp:featuredmedia":[{"embeddable":true,"href":"https:\/\/esquell.eu\/fr\/wp-json\/wp\/v2\/media\/5177"}],"wp:attachment":[{"href":"https:\/\/esquell.eu\/fr\/wp-json\/wp\/v2\/media?parent=16597"}],"wp:term":[{"taxonomy":"more","embeddable":true,"href":"https:\/\/esquell.eu\/fr\/wp-json\/wp\/v2\/more?post=16597"},{"taxonomy":"product_brand","embeddable":true,"href":"https:\/\/esquell.eu\/fr\/wp-json\/wp\/v2\/product_brand?post=16597"},{"taxonomy":"product_cat","embeddable":true,"href":"https:\/\/esquell.eu\/fr\/wp-json\/wp\/v2\/product_cat?post=16597"},{"taxonomy":"product_tag","embeddable":true,"href":"https:\/\/esquell.eu\/fr\/wp-json\/wp\/v2\/product_tag?post=16597"}],"curies":[{"name":"wp","href":"https:\/\/api.w.org\/{rel}","templated":true}]}}