{"id":16562,"date":"2025-09-23T20:12:47","date_gmt":"2025-09-23T20:12:47","guid":{"rendered":"https:\/\/esquell.eu\/product\/chaine-en-argent-maillon-dancrage-1mm-45cm-plaque-or\/"},"modified":"2026-02-14T10:06:41","modified_gmt":"2026-02-14T10:06:41","slug":"chaine-en-argent-maillon-dancrage-1mm-45cm-plaque-or","status":"publish","type":"product","link":"https:\/\/esquell.eu\/fr\/produit\/chaine-en-argent-maillon-dancrage-1mm-45cm-plaque-or\/","title":{"rendered":"Cha\u00eene en argent, maillon d&rsquo;ancrage 1mm, 45cm, plaqu\u00e9 or"},"content":{"rendered":"<p>Cha\u00eene en argent, maillon d&rsquo;ancrage 1mm<br \/>\nLongueur 45cm<br \/>\nFinition plaqu\u00e9 or (0.4um)<\/p>\n","protected":false},"excerpt":{"rendered":"<p>Cha\u00eene, maillon rectangulaire 1&#215;1,5mm<br \/>\nLongueur 50cm avec serrure \u00e0 ressort de 5mm<br \/>\nL&rsquo;anneau de verrouillage est de 3mm<br \/>\nFinition brillante<\/p>\n","protected":false},"featured_media":16563,"comment_status":"closed","ping_status":"closed","template":"","meta":{"_acf_changed":false,"_seopress_robots_primary_cat":"none","_seopress_titles_title":"","_seopress_titles_desc":"","_seopress_robots_index":""},"more":[],"product_brand":[6914],"product_cat":[6915,11931],"product_tag":[7157,7155,7153,6757,7159,6470,7016,6960,6794,7161,15481,7018,6962,7836,15484,15485,6369,6550,6634,6970,7022,15482,7823,14262,6922,6954,6778,7020,7151,6964,6919,14258,15483,6776],"class_list":{"0":"post-16562","1":"product","2":"type-product","3":"status-publish","4":"has-post-thumbnail","6":"product_brand-ayu","7":"product_cat-colliers-chaines-bracelets","8":"product_cat-nouveau","9":"product_tag-7157","10":"product_tag-7155","11":"product_tag-7153","12":"product_tag-6757","13":"product_tag-7159","14":"product_tag-6470","15":"product_tag-amende-2","16":"product_tag-amende","17":"product_tag-chaine","18":"product_tag-cm","19":"product_tag-colier","20":"product_tag-collier-2","21":"product_tag-collier","22":"product_tag-dore","23":"product_tag-dore-3","24":"product_tag-gp","25":"product_tag-largent","26":"product_tag-largent-2","27":"product_tag-largent-3","28":"product_tag-lien","29":"product_tag-longueur","30":"product_tag-orfevrerie","31":"product_tag-plaque-or","32":"product_tag-plaque-or-3","33":"product_tag-pur","34":"product_tag-pur-2","35":"product_tag-reel","36":"product_tag-reglable","37":"product_tag-reglable-2","38":"product_tag-sollid","39":"product_tag-sterling","40":"product_tag-vermeil","41":"product_tag-vermiel","42":"product_tag-vraiment","43":"product_shipping_class-standard","45":"first","46":"instock","47":"taxable","48":"shipping-taxable","49":"purchasable","50":"product-type-simple"},"acf":[],"_links":{"self":[{"href":"https:\/\/esquell.eu\/fr\/wp-json\/wp\/v2\/product\/16562","targetHints":{"allow":["GET"]}}],"collection":[{"href":"https:\/\/esquell.eu\/fr\/wp-json\/wp\/v2\/product"}],"about":[{"href":"https:\/\/esquell.eu\/fr\/wp-json\/wp\/v2\/types\/product"}],"replies":[{"embeddable":true,"href":"https:\/\/esquell.eu\/fr\/wp-json\/wp\/v2\/comments?post=16562"}],"wp:featuredmedia":[{"embeddable":true,"href":"https:\/\/esquell.eu\/fr\/wp-json\/wp\/v2\/media\/16563"}],"wp:attachment":[{"href":"https:\/\/esquell.eu\/fr\/wp-json\/wp\/v2\/media?parent=16562"}],"wp:term":[{"taxonomy":"more","embeddable":true,"href":"https:\/\/esquell.eu\/fr\/wp-json\/wp\/v2\/more?post=16562"},{"taxonomy":"product_brand","embeddable":true,"href":"https:\/\/esquell.eu\/fr\/wp-json\/wp\/v2\/product_brand?post=16562"},{"taxonomy":"product_cat","embeddable":true,"href":"https:\/\/esquell.eu\/fr\/wp-json\/wp\/v2\/product_cat?post=16562"},{"taxonomy":"product_tag","embeddable":true,"href":"https:\/\/esquell.eu\/fr\/wp-json\/wp\/v2\/product_tag?post=16562"}],"curies":[{"name":"wp","href":"https:\/\/api.w.org\/{rel}","templated":true}]}}