{"id":16358,"date":"2025-10-02T19:03:28","date_gmt":"2025-10-02T19:03:28","guid":{"rendered":"https:\/\/esquell.eu\/product\/jaspe-brechique-cabochon-pierre-naturelle-ovale-differentes-tailles\/"},"modified":"2025-11-09T09:39:59","modified_gmt":"2025-11-09T09:39:59","slug":"jaspe-brechique-cabochon-pierre-naturelle-ovale-differentes-tailles","status":"publish","type":"product","link":"https:\/\/esquell.eu\/fr\/produit\/jaspe-brechique-cabochon-pierre-naturelle-ovale-differentes-tailles\/","title":{"rendered":"Jaspe br\u00e9chique Cabochon Pierre naturelle Ovale Diff\u00e9rentes tailles"},"content":{"rendered":"<p>Cabochon en pierre naturelle de diff\u00e9rentes tailles<\/p>\n<p>Ovale<\/p>\n<p>Fond plat<\/p>\n<p>Dalle de pierre<\/p>\n<p>*Comme il s&rsquo;agit d&rsquo;une pierre naturelle, tous les cabochons sont diff\u00e9rents.<\/p>\n<p><a href=\"https:\/\/esquell.eu\/fr\/categorie-de-produits\/pieces-de-bijoux\/reglements-et-chatons\/\"><u>Vous trouverez ici des couverts et des armoires en argent assortis.<\/u><\/a><\/p>\n<p>Fabriquez vos propres plateaux de composition ?<\/p>\n<p><a href=\"https:\/\/esquell.eu\/?s=zetdraad\"><u>Regardez ici pour le fil de composition<\/u><\/a><\/p>\n<p><u><a href=\"https:\/\/esquell.eu\/fr\/produit\/compose-anti-retrecissement-pour-largile-metallique-argile-dargent-differents-contenus\/\">Regardez ici pour Anti shrinkage compound for<\/a><a href=\"https:\/\/esquell.eu\/fr\/produit\/compose-anti-retrecissement-pour-largile-metallique-argile-dargent-differents-contenus\/\"> m\u00e9tal cl<\/a><a href=\"https:\/\/esquell.eu\/fr\/produit\/compose-anti-retrecissement-pour-largile-metallique-argile-dargent-differents-contenus\/\">ei<\/a><a href=\"https:\/\/esquell.eu\/fr\/produit\/compose-anti-retrecissement-pour-largile-metallique-argile-dargent-differents-contenus\/\"> \/ argile argent\u00e9e<\/a><strong><br \/>\n<\/strong><\/u><\/p>\n<p><a href=\"https:\/\/esquell.eu\/?s=sieradenlijm\">Colle pour bijoux<\/a><\/p>\n<p><a href=\"https:\/\/esquell.eu\/?s=zetstaa\"><u>acier de montage<\/u><\/a><\/p>\n","protected":false},"excerpt":{"rendered":"<p>Cabochon en pierre naturelle de diff\u00e9rentes tailles<\/p>\n<p>&nbsp;<\/p>\n<p>Fond plat<\/p>\n<p>&nbsp;<\/p>\n<p>*Comme il s&rsquo;agit d&rsquo;une pierre naturelle, tous les cabochons sont diff\u00e9rents.<\/p>\n<p><a href=\"https:\/\/esquell.eu\/fr\/categorie-de-produits\/pieces-de-bijoux\/reglements-et-chatons\/\"><u>Vous trouverez ici des couverts et des armoires en argent assortis.<\/u><\/a><\/p>\n<p>Fabriquez vos propres plateaux de composition ?<\/p>\n<p><a href=\"https:\/\/esquell.eu\/?s=zetdraad\"><u>Regardez ici pour le fil de composition<\/u><\/a><\/p>\n<p><u><a href=\"https:\/\/esquell.eu\/fr\/produit\/compose-anti-retrecissement-pour-largile-metallique-argile-dargent-differents-contenus\/\">Regardez ici pour Anti shrinkage compound for<\/a><a href=\"https:\/\/esquell.eu\/fr\/produit\/compose-anti-retrecissement-pour-largile-metallique-argile-dargent-differents-contenus\/\"> m\u00e9tal cl<\/a><a href=\"https:\/\/esquell.eu\/fr\/produit\/compose-anti-retrecissement-pour-largile-metallique-argile-dargent-differents-contenus\/\">ei<\/a><a href=\"https:\/\/esquell.eu\/fr\/produit\/compose-anti-retrecissement-pour-largile-metallique-argile-dargent-differents-contenus\/\"> \/ argile argent\u00e9e<\/a><strong><br \/>\n<\/strong><\/u><\/p>\n<p><a href=\"https:\/\/esquell.eu\/?s=sieradenlijm\">Colle pour bijoux<\/a><\/p>\n<p><a href=\"https:\/\/esquell.eu\/?s=zetstaa\"><u>acier de montage<\/u><\/a><\/p>\n","protected":false},"featured_media":10082,"comment_status":"closed","ping_status":"closed","template":"","meta":{"_acf_changed":false,"_seopress_robots_primary_cat":"none","_seopress_titles_title":"","_seopress_titles_desc":"","_seopress_robots_index":""},"more":[],"product_brand":[6398],"product_cat":[12891],"product_tag":[12934,15325,15227,9048,15343,11581,15355,15367,13015,8983,9668,12940,12898,12896,13025,6372,7477,9352,12938,10341,7223,12914,13020,13039,13041,11488,7418,6480,6402,12950,13018,15469,6409,8055,15229,12930,15239,9660,15238,7430,15468,7400,12957,13024,9385,11080,11090,13032,15228,9919,12928,12926,13011,6706,12959,11842,7245,12575,15236,15235,15302,15354,15240,12955,12576,15234,11757,11826,13016,10052,10080,12892,6374,12390,13040,12019,8031,13030,12900,7261,12922,13026,12023,12041,15230,7255,9459,13038,7287,12902,12953,13028,12918,11502,10984,13023,6385,13017,15349,15237,13034,12894,13021,7275,12916,15231,10916,11577,6567,6637,10082,6652,12000,15233,8211,12942,6428,8053,15347,15364,7403,6483,12936,12030,6484,12904,12932,7602,12910,11133,12965,11078,7420,12906,7644,13013,7274,12912,11523,7426,8351,8059,10302,10693,9454,11533,15232,12920,7252,12963,7270,12924,8056,12908,10996,7266,13012,13035,13036,13014,7248,12961],"class_list":{"0":"post-16358","1":"product","2":"type-product","3":"status-publish","4":"has-post-thumbnail","6":"product_brand-l1","7":"product_cat-cabochons-ovales","8":"product_tag-23-bijoux","9":"product_tag-agaath","10":"product_tag-agate-2","11":"product_tag-agate","12":"product_tag-agathe","13":"product_tag-amethyste","14":"product_tag-arc-en-ciel","15":"product_tag-arc-en-ciel-2","16":"product_tag-arizona","17":"product_tag-artclay-argent-2","18":"product_tag-autour-de","19":"product_tag-bague-en-pierre-naturelle","20":"product_tag-bijou-moderne","21":"product_tag-bijoumodern","22":"product_tag-bijoumoederne","23":"product_tag-bijoux","24":"product_tag-bijoux-4","25":"product_tag-bijoux-diy","26":"product_tag-bijoux-en-pierre-naturelle-2","27":"product_tag-bijoux-en-pierre-naturelle","28":"product_tag-bleu","29":"product_tag-bleu-3","30":"product_tag-bleu-vert-2","31":"product_tag-bleuatre","32":"product_tag-bleuatre-2","33":"product_tag-bois","34":"product_tag-boite-de-reglage","35":"product_tag-boites-de-composition","36":"product_tag-bon-marche","37":"product_tag-boucles-doreilles-en-pierre-naturelle","38":"product_tag-boucles-doreilles-en-pierre-naturelle-2","39":"product_tag-bredouille","40":"product_tag-bricolage","41":"product_tag-broche","42":"product_tag-bronzite","43":"product_tag-brun-2","44":"product_tag-brun-3","45":"product_tag-brun","46":"product_tag-brunatre","47":"product_tag-cabochon","48":"product_tag-cabochon-de-jaspe","49":"product_tag-cabochons","50":"product_tag-cabochons-en-pierre-naturelle","51":"product_tag-cabouchon","52":"product_tag-carre","53":"product_tag-carre-2","54":"product_tag-carre-3","55":"product_tag-chrysoprase-2","56":"product_tag-citrine","57":"product_tag-colle","58":"product_tag-colle-a-cabochon","59":"product_tag-colle-pour-pierres-precieuses","60":"product_tag-colore","61":"product_tag-commerce-de-gros","62":"product_tag-cornaline","63":"product_tag-couleur","64":"product_tag-couleurs","65":"product_tag-couronnement","66":"product_tag-coussin","67":"product_tag-cyanure","68":"product_tag-cyanure-2","69":"product_tag-cyanure-3","70":"product_tag-dendritique","71":"product_tag-denim","72":"product_tag-dents","73":"product_tag-dore-2","74":"product_tag-doux","75":"product_tag-doux-2","76":"product_tag-equitable","77":"product_tag-fabrication","78":"product_tag-fabrication-de-bijoux-2","79":"product_tag-fabriquez-vos-propres-bijoux","80":"product_tag-faire","81":"product_tag-fil-de-reglage","82":"product_tag-foire-aux-mineraux","83":"product_tag-fond","84":"product_tag-fournitures-pour-bijoux","85":"product_tag-fournitures-pour-la-fabrication-de-bijoux-2","86":"product_tag-giethoorn","87":"product_tag-gris-2","88":"product_tag-guerison","89":"product_tag-hommes-2","90":"product_tag-jaspe","91":"product_tag-jaspe-2","92":"product_tag-jaune-3","93":"product_tag-jaune","94":"product_tag-jaune-2","95":"product_tag-lenfer","96":"product_tag-lor-3","97":"product_tag-lapis","98":"product_tag-lapislazuli","99":"product_tag-laval-2","100":"product_tag-lazuli","101":"product_tag-liege-3","102":"product_tag-lilas","103":"product_tag-lolite-2","104":"product_tag-lumiere","105":"product_tag-lumineux","106":"product_tag-malachite","107":"product_tag-marbre","108":"product_tag-menthe-2","109":"product_tag-messieurs-et-mesdames","110":"product_tag-mineraux","111":"product_tag-moitie","112":"product_tag-mtn","113":"product_tag-ocre","114":"product_tag-oeil","115":"product_tag-oeil-de-tigre","116":"product_tag-offrir","117":"product_tag-orfevre","118":"product_tag-orfevre-3","119":"product_tag-orfevres","120":"product_tag-ovale-2","121":"product_tag-pastel","122":"product_tag-pate-2","123":"product_tag-pendentif-en-pierre-naturelle","124":"product_tag-pierre","125":"product_tag-pierre-3","126":"product_tag-pierre-de-lune","127":"product_tag-pierre-de-lune-2","128":"product_tag-pierre-de-taille","129":"product_tag-pierre-naturelle","130":"product_tag-pierre-naturelle-cabochon-2","131":"product_tag-pierre-naturelle-cabochon","132":"product_tag-pierre-precieuse","133":"product_tag-pierre-semi-precieuse","134":"product_tag-pierres-dagate","135":"product_tag-pierres-precieuses","136":"product_tag-pierres-precieuses-3","137":"product_tag-pierres-semi-precieuses","138":"product_tag-plaque","139":"product_tag-plat-2","140":"product_tag-plateau-de-brassage","141":"product_tag-poli-2","142":"product_tag-poli","143":"product_tag-pourpre-2","144":"product_tag-pourpre","145":"product_tag-proprietes","146":"product_tag-quartz","147":"product_tag-reglage","148":"product_tag-reglage-2","149":"product_tag-reglage-des-griffes","150":"product_tag-rijswijk","151":"product_tag-ronde","152":"product_tag-rose-2","153":"product_tag-rose-3","154":"product_tag-rose-tendre","155":"product_tag-rouge-3","156":"product_tag-rouge","157":"product_tag-rouge-fonce","158":"product_tag-semi","159":"product_tag-sens","160":"product_tag-sertissage","161":"product_tag-strass-5","162":"product_tag-strass-4","163":"product_tag-transparent","164":"product_tag-turquoise","165":"product_tag-verdatre","166":"product_tag-verdatre-2","167":"product_tag-vert-3","168":"product_tag-vert","169":"product_tag-vin-rouge","170":"pa_afmeting-1014-mm","171":"pa_afmeting-1318-mm","172":"pa_afmeting-1520mm","173":"pa_afmeting-1825-mm","174":"pa_afmeting-2030-mm","175":"pa_afmeting-2230mm","176":"pa_afmeting-3040mm","177":"pa_afmeting-46-mm","178":"pa_afmeting-4mm","179":"pa_afmeting-5mm","180":"pa_afmeting-68-mm","181":"pa_afmeting-6mm","182":"pa_afmeting-79-mm","183":"pa_afmeting-810-mm","184":"pa_afmeting-8mm","186":"first","187":"instock","188":"taxable","189":"shipping-taxable","190":"purchasable","191":"product-type-variable"},"acf":[],"_links":{"self":[{"href":"https:\/\/esquell.eu\/fr\/wp-json\/wp\/v2\/product\/16358","targetHints":{"allow":["GET"]}}],"collection":[{"href":"https:\/\/esquell.eu\/fr\/wp-json\/wp\/v2\/product"}],"about":[{"href":"https:\/\/esquell.eu\/fr\/wp-json\/wp\/v2\/types\/product"}],"replies":[{"embeddable":true,"href":"https:\/\/esquell.eu\/fr\/wp-json\/wp\/v2\/comments?post=16358"}],"wp:featuredmedia":[{"embeddable":true,"href":"https:\/\/esquell.eu\/fr\/wp-json\/wp\/v2\/media\/10082"}],"wp:attachment":[{"href":"https:\/\/esquell.eu\/fr\/wp-json\/wp\/v2\/media?parent=16358"}],"wp:term":[{"taxonomy":"more","embeddable":true,"href":"https:\/\/esquell.eu\/fr\/wp-json\/wp\/v2\/more?post=16358"},{"taxonomy":"product_brand","embeddable":true,"href":"https:\/\/esquell.eu\/fr\/wp-json\/wp\/v2\/product_brand?post=16358"},{"taxonomy":"product_cat","embeddable":true,"href":"https:\/\/esquell.eu\/fr\/wp-json\/wp\/v2\/product_cat?post=16358"},{"taxonomy":"product_tag","embeddable":true,"href":"https:\/\/esquell.eu\/fr\/wp-json\/wp\/v2\/product_tag?post=16358"}],"curies":[{"name":"wp","href":"https:\/\/api.w.org\/{rel}","templated":true}]}}