{"id":15795,"date":"2025-04-03T09:21:38","date_gmt":"2025-04-03T09:21:38","guid":{"rendered":"https:\/\/esquell.eu\/product\/micro-scies-avec-pointe-de-percage-6-pieces-par-paquet-15-40-acier-inoxydable\/"},"modified":"2025-04-03T09:21:38","modified_gmt":"2025-04-03T09:21:38","slug":"micro-scies-avec-pointe-de-percage-6-pieces-par-paquet-15-40-acier-inoxydable","status":"publish","type":"product","link":"https:\/\/esquell.eu\/fr\/produit\/micro-scies-avec-pointe-de-percage-6-pieces-par-paquet-15-40-acier-inoxydable\/","title":{"rendered":"Micro-scies avec pointe de per\u00e7age. 6 pi\u00e8ces par paquet.  (15-40) ACIER INOXYDABLE"},"content":{"rendered":"<div class=\"product-addition-content\">\n<p>Jeu de 6 micro-scies. Acier inoxydable.  (15-40)<\/p>\n<p>\u00c0 l&rsquo;aide de la pointe de la perceuse, faites un petit trou et, \u00e0 partir de l\u00e0, sciez plus loin et faites un renfoncement de la forme souhait\u00e9e.<\/p>\n<p>Id\u00e9al pour r\u00e9aliser de petites ouvertures dans la p\u00e2te d&rsquo;argent, l&rsquo;argile, la p\u00e2te polym\u00e8re, la fimo, le cernit, etc.<\/p>\n<\/div>\n","protected":false},"excerpt":{"rendered":"<p>Jeu de 6 micro-scies. Acier inoxydable.  (15-40)<\/p>\n<p>\u00c0 l&rsquo;aide de la pointe de la perceuse, faites un petit trou et, \u00e0 partir de l\u00e0, sciez plus loin et faites un renfoncement de la forme souhait\u00e9e.<\/p>\n<p>Id\u00e9al pour r\u00e9aliser de petites ouvertures dans la p\u00e2te d&rsquo;argent, l&rsquo;argile, la p\u00e2te polym\u00e8re, la fimo, le cernit, etc.<\/p>\n","protected":false},"featured_media":7511,"comment_status":"closed","ping_status":"closed","template":"","meta":{"_acf_changed":false,"_seopress_robots_primary_cat":"none","_seopress_titles_title":"","_seopress_titles_desc":"","_seopress_robots_index":""},"more":[],"product_brand":[6398],"product_cat":[7504,10445],"product_tag":[9805,6388,6741,6404,6378,6372,6658,15181,6635,9105,8716,6636,6726,9354,8718,9340,6816,15179],"class_list":{"0":"post-15795","1":"product","2":"type-product","3":"status-publish","4":"has-post-thumbnail","6":"product_brand-l1","7":"product_cat-argile","8":"product_cat-scies-et-outils-de-coupe","9":"product_tag-argenterie-3","10":"product_tag-argile","11":"product_tag-argile-3","12":"product_tag-argile-argentee","13":"product_tag-argile-metallique","14":"product_tag-bijoux","15":"product_tag-bijoux-en-argile","16":"product_tag-fimotools","17":"product_tag-fournitures","18":"product_tag-micro","19":"product_tag-outil-fime","20":"product_tag-outils","21":"product_tag-outils-2","22":"product_tag-outils-en-argent","23":"product_tag-outils-en-argile","24":"product_tag-outils-en-argile-4","25":"product_tag-pate-polymere","26":"product_tag-scies","27":"product_shipping_class-standard","29":"first","30":"instock","31":"taxable","32":"shipping-taxable","33":"purchasable","34":"product-type-simple"},"acf":[],"_links":{"self":[{"href":"https:\/\/esquell.eu\/fr\/wp-json\/wp\/v2\/product\/15795","targetHints":{"allow":["GET"]}}],"collection":[{"href":"https:\/\/esquell.eu\/fr\/wp-json\/wp\/v2\/product"}],"about":[{"href":"https:\/\/esquell.eu\/fr\/wp-json\/wp\/v2\/types\/product"}],"replies":[{"embeddable":true,"href":"https:\/\/esquell.eu\/fr\/wp-json\/wp\/v2\/comments?post=15795"}],"wp:featuredmedia":[{"embeddable":true,"href":"https:\/\/esquell.eu\/fr\/wp-json\/wp\/v2\/media\/7511"}],"wp:attachment":[{"href":"https:\/\/esquell.eu\/fr\/wp-json\/wp\/v2\/media?parent=15795"}],"wp:term":[{"taxonomy":"more","embeddable":true,"href":"https:\/\/esquell.eu\/fr\/wp-json\/wp\/v2\/more?post=15795"},{"taxonomy":"product_brand","embeddable":true,"href":"https:\/\/esquell.eu\/fr\/wp-json\/wp\/v2\/product_brand?post=15795"},{"taxonomy":"product_cat","embeddable":true,"href":"https:\/\/esquell.eu\/fr\/wp-json\/wp\/v2\/product_cat?post=15795"},{"taxonomy":"product_tag","embeddable":true,"href":"https:\/\/esquell.eu\/fr\/wp-json\/wp\/v2\/product_tag?post=15795"}],"curies":[{"name":"wp","href":"https:\/\/api.w.org\/{rel}","templated":true}]}}