{"id":15792,"date":"2025-04-03T09:21:38","date_gmt":"2025-04-03T09:21:38","guid":{"rendered":"https:\/\/esquell.eu\/product\/couteau-de-precision-avec-lames-de-rechange-en-acier-inoxydable\/"},"modified":"2025-12-22T11:10:12","modified_gmt":"2025-12-22T11:10:12","slug":"couteau-de-precision-avec-lames-de-rechange-en-acier-inoxydable","status":"publish","type":"product","link":"https:\/\/esquell.eu\/fr\/produit\/couteau-de-precision-avec-lames-de-rechange-en-acier-inoxydable\/","title":{"rendered":"Couteau de pr\u00e9cision avec lames de rechange en acier inoxydable"},"content":{"rendered":"<p>Couteau de scalpel professionnel, couteau de pr\u00e9cision, avec lames de rechange.<br \/>\nCouteau de bricolage Le manche est stri\u00e9 pour une bonne prise en main.<\/p>\n","protected":false},"excerpt":{"rendered":"<p>Couteau scalpel professionnel, couteau de pr\u00e9cision, avec lames de rechange. Couteau de bricolage Poign\u00e9e stri\u00e9e pour une bonne prise en main. <\/p>\n<p>&nbsp;<\/p>\n<p>&nbsp;<\/p>\n","protected":false},"featured_media":15806,"comment_status":"closed","ping_status":"closed","template":"","meta":{"_acf_changed":false,"_seopress_robots_primary_cat":"none","_seopress_titles_title":"","_seopress_titles_desc":"","_seopress_robots_index":""},"more":[],"product_brand":[6398],"product_cat":[6364,7412,7397],"product_tag":[6470,6477,6476,6645,6646,6939,7409,10187,6847,6638,15198,6388,6473,6404,6378,6390,6405,6372,12603,7360,6716,6409,6819,6772,10519,15178,15182,15196,7871,13645,10517,6647,14587,6374,6798,6815,6855,13694,8241,6801,11992,15183,6369,6634,10509,15180,21500,10515,15201,10150,6426,15184,8363,6759,6416,7695,6643,6399,7405,6816,6774,6710,11932,15192,10521,8301,6749,15199,10505,15190,15176,15174,6805,15200,8690,15194,15187,9388,11204,6803,6408,6807],"class_list":{"0":"post-15792","1":"product","2":"type-product","3":"status-publish","4":"has-post-thumbnail","6":"product_brand-l1","7":"product_cat-materiel-supplementaire","8":"product_cat-outils-de-base","9":"product_cat-pince-et-pince-a-epiler","10":"product_tag-6470","11":"product_tag-6477","12":"product_tag-6476","13":"product_tag-a","14":"product_tag-acheter","15":"product_tag-acheter-2","16":"product_tag-acier","17":"product_tag-acier-2","18":"product_tag-acier-inoxydable","19":"product_tag-anneaux","20":"product_tag-applications","21":"product_tag-argile","22":"product_tag-argile-2","23":"product_tag-argile-argentee","24":"product_tag-argile-metallique","25":"product_tag-argile-metallique-2","26":"product_tag-artclay","27":"product_tag-bijoux","28":"product_tag-bracelet-2","29":"product_tag-bracelets","30":"product_tag-breloques","31":"product_tag-bricolage","32":"product_tag-cernit","33":"product_tag-charme","34":"product_tag-couteau","35":"product_tag-couteau-de-bricolage-2","36":"product_tag-couteau-de-precision","37":"product_tag-couteaux","38":"product_tag-creatif","39":"product_tag-creatif-2","40":"product_tag-de-rechange","41":"product_tag-en-ligne","42":"product_tag-exactement","43":"product_tag-faire","44":"product_tag-faire-2","45":"product_tag-fimo","46":"product_tag-fixer","47":"product_tag-gravure","48":"product_tag-hobby","49":"product_tag-il","50":"product_tag-inoxydable","51":"product_tag-kleiein","52":"product_tag-largent","53":"product_tag-largent-3","54":"product_tag-lame","55":"product_tag-lame-de-scalpel","56":"product_tag-lame-de-scalpel-2","57":"product_tag-lames","58":"product_tag-lames-2","59":"product_tag-les","60":"product_tag-malleable","61":"product_tag-manche-de-scalpel","62":"product_tag-manchette","63":"product_tag-metal","64":"product_tag-modelisation","65":"product_tag-modelisation-2","66":"product_tag-ou","67":"product_tag-outil","68":"product_tag-outil-2","69":"product_tag-pate-polymere","70":"product_tag-pendentif","71":"product_tag-pendentifs","72":"product_tag-polymere","73":"product_tag-porte-scalpel","74":"product_tag-precis","75":"product_tag-precision","76":"product_tag-professionnel","77":"product_tag-sans-suie","78":"product_tag-scalpel","79":"product_tag-scalpels","80":"product_tag-sculpture-2","81":"product_tag-sculptures","82":"product_tag-soi","83":"product_tag-solide-3","84":"product_tag-tiret","85":"product_tag-titulaire","86":"product_tag-toosl","87":"product_tag-types","88":"product_tag-visiter","89":"product_tag-votre","90":"product_tag-vous","91":"product_tag-vous-2","92":"product_shipping_class-standard","94":"first","95":"instock","96":"taxable","97":"shipping-taxable","98":"purchasable","99":"product-type-simple"},"acf":[],"_links":{"self":[{"href":"https:\/\/esquell.eu\/fr\/wp-json\/wp\/v2\/product\/15792","targetHints":{"allow":["GET"]}}],"collection":[{"href":"https:\/\/esquell.eu\/fr\/wp-json\/wp\/v2\/product"}],"about":[{"href":"https:\/\/esquell.eu\/fr\/wp-json\/wp\/v2\/types\/product"}],"replies":[{"embeddable":true,"href":"https:\/\/esquell.eu\/fr\/wp-json\/wp\/v2\/comments?post=15792"}],"wp:featuredmedia":[{"embeddable":true,"href":"https:\/\/esquell.eu\/fr\/wp-json\/wp\/v2\/media\/15806"}],"wp:attachment":[{"href":"https:\/\/esquell.eu\/fr\/wp-json\/wp\/v2\/media?parent=15792"}],"wp:term":[{"taxonomy":"more","embeddable":true,"href":"https:\/\/esquell.eu\/fr\/wp-json\/wp\/v2\/more?post=15792"},{"taxonomy":"product_brand","embeddable":true,"href":"https:\/\/esquell.eu\/fr\/wp-json\/wp\/v2\/product_brand?post=15792"},{"taxonomy":"product_cat","embeddable":true,"href":"https:\/\/esquell.eu\/fr\/wp-json\/wp\/v2\/product_cat?post=15792"},{"taxonomy":"product_tag","embeddable":true,"href":"https:\/\/esquell.eu\/fr\/wp-json\/wp\/v2\/product_tag?post=15792"}],"curies":[{"name":"wp","href":"https:\/\/api.w.org\/{rel}","templated":true}]}}