{"id":15779,"date":"2025-04-03T09:21:38","date_gmt":"2025-04-03T09:21:38","guid":{"rendered":"https:\/\/esquell.eu\/product\/jeu-de-lattes-de-pam-east-pour-rouler-largile-7-epaisseurs-differentes-de-lattes-en-plastique-pe3001\/"},"modified":"2025-04-03T09:21:38","modified_gmt":"2025-04-03T09:21:38","slug":"jeu-de-lattes-de-pam-east-pour-rouler-largile-7-epaisseurs-differentes-de-lattes-en-plastique-pe3001","status":"publish","type":"product","link":"https:\/\/esquell.eu\/fr\/produit\/jeu-de-lattes-de-pam-east-pour-rouler-largile-7-epaisseurs-differentes-de-lattes-en-plastique-pe3001\/","title":{"rendered":"Jeu de lattes de Pam East . Pour rouler l&rsquo;argile 7 \u00e9paisseurs diff\u00e9rentes de lattes en plastique PE3001"},"content":{"rendered":"<p>Con\u00e7u par Pam East, ce jeu de lamelles permet d&rsquo;\u00e9taler votre argile ind\u00e9finiment et uniform\u00e9ment \u00e0 l&rsquo;\u00e9paisseur souhait\u00e9e. Ce set contient une paire de sept lamelles en plastique d&rsquo;\u00e9paisseurs diff\u00e9rentes. L&rsquo;\u00e9paisseur des lamelles est la suivante (voir \u00e9galement la photo 20)<br \/>\nTransparent &#8211; 0,125 mm (.5 carte)<br \/>\nNoir &#8211; 0,25 mm (1 carte)<br \/>\nJaune &#8211; 0,50 mm (2 cartes)<br \/>\nVert &#8211; 0,75 mm (3 cartes)<br \/>\nBleu &#8211; 1 mm (4 cartes)<br \/>\nRouge &#8211; 1,5 mm (6 cartes)<br \/>\nMauve &#8211; 2 mm (8 cartes)  <\/p>\n","protected":false},"excerpt":{"rendered":"<p>Con\u00e7u par Pam East, ce jeu de lamelles permet d&rsquo;\u00e9taler votre argile ind\u00e9finiment et uniform\u00e9ment \u00e0 l&rsquo;\u00e9paisseur souhait\u00e9e. Ce set contient une paire de sept lamelles en plastique d&rsquo;\u00e9paisseurs diff\u00e9rentes. L&rsquo;\u00e9paisseur des lamelles est la suivante (voir \u00e9galement la photo 20)<br \/>\nTransparent &#8211; 0,125 mm (.5 carte)<br \/>\nNoir &#8211; 0,25 mm (1 carte)<br \/>\nJaune &#8211; 0,50 mm (2 cartes)<br \/>\nVert &#8211; 0,75 mm (3 cartes)<br \/>\nBleu &#8211; 1 mm (4 cartes)<br \/>\nRouge &#8211; 1,5 mm (6 cartes)<br \/>\nMauve &#8211; 2 mm (8 cartes)  <\/p>\n","protected":false},"featured_media":15780,"comment_status":"closed","ping_status":"closed","template":"","meta":{"_acf_changed":false,"_seopress_robots_primary_cat":"none","_seopress_titles_title":"","_seopress_titles_desc":"","_seopress_robots_index":""},"more":[],"product_brand":[10590],"product_cat":[7412],"product_tag":[10601,6388,15106,9384,15160,6855,15158,15156,10255,10599,10784],"class_list":{"0":"post-15779","1":"product","2":"type-product","3":"status-publish","4":"has-post-thumbnail","6":"product_brand-pameast","7":"product_cat-outils-de-base","8":"product_tag-a-lest","9":"product_tag-argile","10":"product_tag-deployer","11":"product_tag-divers","12":"product_tag-epaisseurs","13":"product_tag-fixer","14":"product_tag-jeu-de-lattes","15":"product_tag-lattes","16":"product_tag-mm","17":"product_tag-pam","18":"product_tag-pameast","19":"product_shipping_class-standard","21":"first","22":"outofstock","23":"taxable","24":"shipping-taxable","25":"purchasable","26":"product-type-simple"},"acf":[],"_links":{"self":[{"href":"https:\/\/esquell.eu\/fr\/wp-json\/wp\/v2\/product\/15779","targetHints":{"allow":["GET"]}}],"collection":[{"href":"https:\/\/esquell.eu\/fr\/wp-json\/wp\/v2\/product"}],"about":[{"href":"https:\/\/esquell.eu\/fr\/wp-json\/wp\/v2\/types\/product"}],"replies":[{"embeddable":true,"href":"https:\/\/esquell.eu\/fr\/wp-json\/wp\/v2\/comments?post=15779"}],"wp:featuredmedia":[{"embeddable":true,"href":"https:\/\/esquell.eu\/fr\/wp-json\/wp\/v2\/media\/15780"}],"wp:attachment":[{"href":"https:\/\/esquell.eu\/fr\/wp-json\/wp\/v2\/media?parent=15779"}],"wp:term":[{"taxonomy":"more","embeddable":true,"href":"https:\/\/esquell.eu\/fr\/wp-json\/wp\/v2\/more?post=15779"},{"taxonomy":"product_brand","embeddable":true,"href":"https:\/\/esquell.eu\/fr\/wp-json\/wp\/v2\/product_brand?post=15779"},{"taxonomy":"product_cat","embeddable":true,"href":"https:\/\/esquell.eu\/fr\/wp-json\/wp\/v2\/product_cat?post=15779"},{"taxonomy":"product_tag","embeddable":true,"href":"https:\/\/esquell.eu\/fr\/wp-json\/wp\/v2\/product_tag?post=15779"}],"curies":[{"name":"wp","href":"https:\/\/api.w.org\/{rel}","templated":true}]}}