{"id":15772,"date":"2025-04-03T09:21:38","date_gmt":"2025-04-03T09:21:38","guid":{"rendered":"https:\/\/esquell.eu\/product\/bloc-dalesage-de-taraudage-pour-le-formage-des-metaux\/"},"modified":"2026-02-14T10:34:25","modified_gmt":"2026-02-14T10:34:25","slug":"bloc-dalesage-de-taraudage-pour-le-formage-des-metaux","status":"publish","type":"product","link":"https:\/\/esquell.eu\/fr\/produit\/bloc-dalesage-de-taraudage-pour-le-formage-des-metaux\/","title":{"rendered":"Bloc d&rsquo;al\u00e9sage \/ de taraudage pour le formage des m\u00e9taux"},"content":{"rendered":"<p>Bloc d&rsquo;al\u00e9sage \/ de taraudage pour le formage des m\u00e9taux<\/p>\n<p>18 trous<\/p>\n<p>Convient \u00e9galement comme moule sec pour l&rsquo;argile argent\u00e9e\/ l&rsquo;argile m\u00e9tallique<br \/>\nOutil de moulage pour les orf\u00e8vres et l&rsquo;argile m\u00e9tallique, l&rsquo;argile m\u00e9tallique, l&rsquo;argile argent\u00e9e, l&rsquo;argile d&rsquo;art argent\u00e9e<\/p>\n<p>&nbsp;<\/p>\n<p>Gr\u00e2ce au <a href=\"https:\/\/esquell.eu\/fr\/produit\/protoplast-plastique-moulable-pour-sertir-les-pierres-entre-autres-50-g\/\">protoplaste<\/a>, il est \u00e9galement possible de personnaliser soi-m\u00eame les blocs de dapping. Voir la vid\u00e9o.<\/p>\n","protected":false},"excerpt":{"rendered":"<p>Support en bois pour le formage du m\u00e9tal 55*55mm<br \/>\nAvec 18 trous<\/p>\n","protected":false},"featured_media":15773,"comment_status":"closed","ping_status":"closed","template":"","meta":{"_acf_changed":false,"_seopress_robots_primary_cat":"none","_seopress_titles_title":"","_seopress_titles_desc":"","_seopress_robots_index":""},"more":[],"product_brand":[9626],"product_cat":[7504,6364],"product_tag":[6470,6477,6476,6645,6646,7024,6923,6404,6378,6390,6405,6376,6949,6565,6575,15141,6393,6372,15140,11488,13943,6402,6389,6796,6409,6412,7770,7762,6650,15139,8492,6647,7043,6374,6798,6785,6849,15138,6801,6369,6634,6403,8682,8701,9333,6567,6643,6657,6391,11628,7656,6922,14828,6925,6805,6964,6919,6787,6803,6807,6776,7032],"class_list":{"0":"post-15772","1":"product","2":"type-product","3":"status-publish","4":"has-post-thumbnail","6":"product_brand-hh","7":"product_cat-argile","8":"product_cat-materiel-supplementaire","9":"product_tag-6470","10":"product_tag-6477","11":"product_tag-6476","12":"product_tag-a","13":"product_tag-acheter","14":"product_tag-almere","15":"product_tag-amsterdam","16":"product_tag-argile-argentee","17":"product_tag-argile-metallique","18":"product_tag-argile-metallique-2","19":"product_tag-artclay","20":"product_tag-artclaysilver","21":"product_tag-assen","22":"product_tag-atelier","23":"product_tag-ateliers","24":"product_tag-ateliers-de-bijouterie","25":"product_tag-belgique","26":"product_tag-bijoux","27":"product_tag-bloc-a-tarauder","28":"product_tag-bois","29":"product_tag-bois-2","30":"product_tag-bon-marche","31":"product_tag-boutique-en-ligne","32":"product_tag-boutique-en-ligne-2","33":"product_tag-bricolage","34":"product_tag-bronze","35":"product_tag-camps","36":"product_tag-coevorden","37":"product_tag-cuivre","38":"product_tag-dapping","39":"product_tag-emmen","40":"product_tag-en-ligne","41":"product_tag-enschede","42":"product_tag-faire","43":"product_tag-faire-2","44":"product_tag-flevoland","45":"product_tag-formulaires","46":"product_tag-holank","47":"product_tag-il","48":"product_tag-largent","49":"product_tag-largent-3","50":"product_tag-lor","51":"product_tag-laiton","52":"product_tag-metal-3","53":"product_tag-metaux-precieux","54":"product_tag-offrir","55":"product_tag-ou","56":"product_tag-overijssel","57":"product_tag-pays-bas","58":"product_tag-polder","59":"product_tag-polder-du-nord-est","60":"product_tag-pur","61":"product_tag-reduction-3","62":"product_tag-rotterdam","63":"product_tag-soi","64":"product_tag-sollid","65":"product_tag-sterling","66":"product_tag-utrecht","67":"product_tag-votre","68":"product_tag-vous-2","69":"product_tag-vraiment","70":"product_tag-zwolle","71":"product_shipping_class-standard","73":"first","74":"instock","75":"taxable","76":"shipping-taxable","77":"purchasable","78":"product-type-simple"},"acf":[],"_links":{"self":[{"href":"https:\/\/esquell.eu\/fr\/wp-json\/wp\/v2\/product\/15772","targetHints":{"allow":["GET"]}}],"collection":[{"href":"https:\/\/esquell.eu\/fr\/wp-json\/wp\/v2\/product"}],"about":[{"href":"https:\/\/esquell.eu\/fr\/wp-json\/wp\/v2\/types\/product"}],"replies":[{"embeddable":true,"href":"https:\/\/esquell.eu\/fr\/wp-json\/wp\/v2\/comments?post=15772"}],"wp:featuredmedia":[{"embeddable":true,"href":"https:\/\/esquell.eu\/fr\/wp-json\/wp\/v2\/media\/15773"}],"wp:attachment":[{"href":"https:\/\/esquell.eu\/fr\/wp-json\/wp\/v2\/media?parent=15772"}],"wp:term":[{"taxonomy":"more","embeddable":true,"href":"https:\/\/esquell.eu\/fr\/wp-json\/wp\/v2\/more?post=15772"},{"taxonomy":"product_brand","embeddable":true,"href":"https:\/\/esquell.eu\/fr\/wp-json\/wp\/v2\/product_brand?post=15772"},{"taxonomy":"product_cat","embeddable":true,"href":"https:\/\/esquell.eu\/fr\/wp-json\/wp\/v2\/product_cat?post=15772"},{"taxonomy":"product_tag","embeddable":true,"href":"https:\/\/esquell.eu\/fr\/wp-json\/wp\/v2\/product_tag?post=15772"}],"curies":[{"name":"wp","href":"https:\/\/api.w.org\/{rel}","templated":true}]}}