{"id":15765,"date":"2025-04-03T09:21:38","date_gmt":"2025-04-03T09:21:38","guid":{"rendered":"https:\/\/esquell.eu\/product\/cadres-roulants-mini-specialement-concu-pour-les-tapis-textures-en-caoutchouc\/"},"modified":"2026-02-14T10:34:12","modified_gmt":"2026-02-14T10:34:12","slug":"cadres-roulants-mini-specialement-concu-pour-les-tapis-textures-en-caoutchouc","status":"publish","type":"product","link":"https:\/\/esquell.eu\/fr\/produit\/cadres-roulants-mini-specialement-concu-pour-les-tapis-textures-en-caoutchouc\/","title":{"rendered":"Cadres roulants mini. Sp\u00e9cialement con\u00e7u pour les tapis textur\u00e9s en caoutchouc."},"content":{"rendered":"<p>Lot de 6 mini-cadres \u00e0 rouler l&rsquo;argile sp\u00e9cialement adapt\u00e9s aux tapis de texture en caoutchouc<\/p>\n<p>Pour \u00e9taler r\u00e9guli\u00e8rement l&rsquo;argile \u00e0 l&rsquo;\u00e9paisseur souhait\u00e9e<\/p>\n<p>La taille ext\u00e9rieure des cadres est de 10*5 cm La taille int\u00e9rieure des cadres est de 9*4 cm<\/p>\n<p>Les chiffres sur les cadres correspondent \u00e0 l&rsquo;\u00e9paisseur des cartes. Ainsi, le n\u00b0 2 a une \u00e9paisseur de 2 cartes = 2 x 0,2 mm = 4 mm. <\/p>\n<p>Le n\u00b0 3 a une \u00e9paisseur de 3 cartes = 3 x 0,2 mm = 6 mm, etc. Les cadres sont \u00e9galement empilables pour obtenir d&rsquo;autres \u00e9paisseurs. <\/p>\n<p>Les cadres roulants sont suffisamment grands pour permettre la fabrication d&rsquo;une grande vari\u00e9t\u00e9 de bijoux.<\/p>\n","protected":false},"excerpt":{"rendered":"<p>Lot de 6 mini-cadres \u00e0 rouler l&rsquo;argile sp\u00e9cialement adapt\u00e9s aux tapis de texture en caoutchouc<\/p>\n<p>Pour \u00e9taler r\u00e9guli\u00e8rement l&rsquo;argile \u00e0 l&rsquo;\u00e9paisseur souhait\u00e9e<\/p>\n<p>La taille ext\u00e9rieure des cadres est de 10*5 cm La taille int\u00e9rieure des cadres est de 9*4 cm<\/p>\n<p>Les chiffres sur les cadres correspondent \u00e0 l&rsquo;\u00e9paisseur des cartes. Ainsi, le n\u00b0 2 a une \u00e9paisseur de 2 cartes = 2 x 0,2 mm = 4 mm. <\/p>\n<p>Le n\u00b0 3 a une \u00e9paisseur de 3 cartes = 3 x 0,2 mm = 6 mm, etc. Les cadres sont \u00e9galement empilables pour obtenir d&rsquo;autres \u00e9paisseurs. <\/p>\n<p>&nbsp;<\/p>\n<p>Les cadres roulants sont suffisamment grands pour permettre la fabrication d&rsquo;une grande vari\u00e9t\u00e9 de bijoux.<\/p>\n","protected":false},"featured_media":15766,"comment_status":"closed","ping_status":"closed","template":"","meta":{"_acf_changed":false,"_seopress_robots_primary_cat":"none","_seopress_titles_title":"","_seopress_titles_desc":"","_seopress_robots_index":""},"more":[],"product_brand":[],"product_cat":[7504,6364,7412],"product_tag":[12038,15104,6386,6388,6378,6376,6372,6658,15110,6738,8424,15106,6855,6635,6381,9743,15108,22159,6726,6816,15112,15114],"class_list":{"0":"post-15765","1":"product","2":"type-product","3":"status-publish","4":"has-post-thumbnail","6":"product_cat-argile","7":"product_cat-materiel-supplementaire","8":"product_cat-outils-de-base","9":"product_tag-12038","10":"product_tag-a-lexclusion","11":"product_tag-aida","12":"product_tag-argile","13":"product_tag-argile-metallique","14":"product_tag-artclaysilver","15":"product_tag-bijoux","16":"product_tag-bijoux-en-argile","17":"product_tag-cadres","18":"product_tag-cool","19":"product_tag-cooltools","20":"product_tag-deployer","21":"product_tag-fixer","22":"product_tag-fournitures","23":"product_tag-japon","24":"product_tag-lepaisseur","25":"product_tag-meme","26":"product_tag-meme-3","27":"product_tag-outils-2","28":"product_tag-pate-polymere","29":"product_tag-rouler","30":"product_tag-souhaitee","31":"product_shipping_class-standard","33":"first","34":"instock","35":"taxable","36":"shipping-taxable","37":"purchasable","38":"product-type-simple"},"acf":[],"_links":{"self":[{"href":"https:\/\/esquell.eu\/fr\/wp-json\/wp\/v2\/product\/15765","targetHints":{"allow":["GET"]}}],"collection":[{"href":"https:\/\/esquell.eu\/fr\/wp-json\/wp\/v2\/product"}],"about":[{"href":"https:\/\/esquell.eu\/fr\/wp-json\/wp\/v2\/types\/product"}],"replies":[{"embeddable":true,"href":"https:\/\/esquell.eu\/fr\/wp-json\/wp\/v2\/comments?post=15765"}],"wp:featuredmedia":[{"embeddable":true,"href":"https:\/\/esquell.eu\/fr\/wp-json\/wp\/v2\/media\/15766"}],"wp:attachment":[{"href":"https:\/\/esquell.eu\/fr\/wp-json\/wp\/v2\/media?parent=15765"}],"wp:term":[{"taxonomy":"more","embeddable":true,"href":"https:\/\/esquell.eu\/fr\/wp-json\/wp\/v2\/more?post=15765"},{"taxonomy":"product_brand","embeddable":true,"href":"https:\/\/esquell.eu\/fr\/wp-json\/wp\/v2\/product_brand?post=15765"},{"taxonomy":"product_cat","embeddable":true,"href":"https:\/\/esquell.eu\/fr\/wp-json\/wp\/v2\/product_cat?post=15765"},{"taxonomy":"product_tag","embeddable":true,"href":"https:\/\/esquell.eu\/fr\/wp-json\/wp\/v2\/product_tag?post=15765"}],"curies":[{"name":"wp","href":"https:\/\/api.w.org\/{rel}","templated":true}]}}