{"id":15754,"date":"2025-04-03T09:21:38","date_gmt":"2025-04-03T09:21:38","guid":{"rendered":"https:\/\/esquell.eu\/product\/cadres-a-rouler-cadres-permettant-detaler-largile-a-lepaisseur-souhaitee-f-2573\/"},"modified":"2025-04-03T09:21:38","modified_gmt":"2025-04-03T09:21:38","slug":"cadres-a-rouler-cadres-permettant-detaler-largile-a-lepaisseur-souhaitee-f-2573","status":"publish","type":"product","link":"https:\/\/esquell.eu\/fr\/produit\/cadres-a-rouler-cadres-permettant-detaler-largile-a-lepaisseur-souhaitee-f-2573\/","title":{"rendered":"Cadres \u00e0 rouler. Cadres permettant d&rsquo;\u00e9taler l&rsquo;argile \u00e0 l&rsquo;\u00e9paisseur souhait\u00e9e.  ( F 2573)"},"content":{"rendered":"<p>Cadres \u00e0 rouler. Cadres permettant d&rsquo;\u00e9taler l&rsquo;argile \u00e0 l&rsquo;\u00e9paisseur souhait\u00e9e. <\/p>\n<p>Les cadres facilitent l&rsquo;\u00e9talement de l&rsquo;argile m\u00e9tallique et de l&rsquo;argile polym\u00e8re pour obtenir une \u00e9paisseur r\u00e9guli\u00e8re.<\/p>\n<p>\u00c9paisseur des rouleaux :<\/p>\n<p>0,5 &#8211; 0,7 &#8211; 1 &#8211; 1,2- 1,5 et 2 mm<\/p>\n<p>Taille du cadre : environ 10 *17,5 cm<\/p>\n","protected":false},"excerpt":{"rendered":"<p>Cadres \u00e0 rouler. Cadres permettant d&rsquo;\u00e9taler l&rsquo;argile \u00e0 l&rsquo;\u00e9paisseur souhait\u00e9e. <\/p>\n<p>Les cadres facilitent l&rsquo;\u00e9talement de l&rsquo;argile m\u00e9tallique et de l&rsquo;argile polym\u00e8re pour obtenir une \u00e9paisseur r\u00e9guli\u00e8re.<\/p>\n<p>\u00c9paisseur des rouleaux :<\/p>\n<p>0,5 &#8211; 0,7 &#8211; 1 &#8211; 1,2- 1,5 et 2 mm<\/p>\n<p>Taille du cadre : environ 10 *17,5 cm<\/p>\n","protected":false},"featured_media":7519,"comment_status":"closed","ping_status":"closed","template":"","meta":{"_acf_changed":false,"_seopress_robots_primary_cat":"none","_seopress_titles_title":"","_seopress_titles_desc":"","_seopress_robots_index":""},"more":[],"product_brand":[6736],"product_cat":[7504,6364,7412,7396],"product_tag":[12038,15104,6386,6388,6378,6376,6372,6658,15110,6738,8424,15106,6855,6635,6381,9743,15108,22159,6726,6816,15112,15114],"class_list":{"0":"post-15754","1":"product","2":"type-product","3":"status-publish","4":"has-post-thumbnail","6":"product_brand-des-outils-sympas","7":"product_cat-argile","8":"product_cat-materiel-supplementaire","9":"product_cat-outils-de-base","10":"product_cat-outils-pour-anneaux","11":"product_tag-12038","12":"product_tag-a-lexclusion","13":"product_tag-aida","14":"product_tag-argile","15":"product_tag-argile-metallique","16":"product_tag-artclaysilver","17":"product_tag-bijoux","18":"product_tag-bijoux-en-argile","19":"product_tag-cadres","20":"product_tag-cool","21":"product_tag-cooltools","22":"product_tag-deployer","23":"product_tag-fixer","24":"product_tag-fournitures","25":"product_tag-japon","26":"product_tag-lepaisseur","27":"product_tag-meme","28":"product_tag-meme-3","29":"product_tag-outils-2","30":"product_tag-pate-polymere","31":"product_tag-rouler","32":"product_tag-souhaitee","33":"product_shipping_class-standard","35":"first","36":"instock","37":"taxable","38":"shipping-taxable","39":"purchasable","40":"product-type-simple"},"acf":[],"_links":{"self":[{"href":"https:\/\/esquell.eu\/fr\/wp-json\/wp\/v2\/product\/15754","targetHints":{"allow":["GET"]}}],"collection":[{"href":"https:\/\/esquell.eu\/fr\/wp-json\/wp\/v2\/product"}],"about":[{"href":"https:\/\/esquell.eu\/fr\/wp-json\/wp\/v2\/types\/product"}],"replies":[{"embeddable":true,"href":"https:\/\/esquell.eu\/fr\/wp-json\/wp\/v2\/comments?post=15754"}],"wp:featuredmedia":[{"embeddable":true,"href":"https:\/\/esquell.eu\/fr\/wp-json\/wp\/v2\/media\/7519"}],"wp:attachment":[{"href":"https:\/\/esquell.eu\/fr\/wp-json\/wp\/v2\/media?parent=15754"}],"wp:term":[{"taxonomy":"more","embeddable":true,"href":"https:\/\/esquell.eu\/fr\/wp-json\/wp\/v2\/more?post=15754"},{"taxonomy":"product_brand","embeddable":true,"href":"https:\/\/esquell.eu\/fr\/wp-json\/wp\/v2\/product_brand?post=15754"},{"taxonomy":"product_cat","embeddable":true,"href":"https:\/\/esquell.eu\/fr\/wp-json\/wp\/v2\/product_cat?post=15754"},{"taxonomy":"product_tag","embeddable":true,"href":"https:\/\/esquell.eu\/fr\/wp-json\/wp\/v2\/product_tag?post=15754"}],"curies":[{"name":"wp","href":"https:\/\/api.w.org\/{rel}","templated":true}]}}