{"id":15749,"date":"2025-04-03T09:21:38","date_gmt":"2025-04-03T09:21:38","guid":{"rendered":"https:\/\/esquell.eu\/product\/jeu-de-3-lomeres-flexibles-en-caoutchouc\/"},"modified":"2025-04-03T09:21:38","modified_gmt":"2025-04-03T09:21:38","slug":"jeu-de-3-lomeres-flexibles-en-caoutchouc","status":"publish","type":"product","link":"https:\/\/esquell.eu\/fr\/produit\/jeu-de-3-lomeres-flexibles-en-caoutchouc\/","title":{"rendered":"Jeu de 3 lom\u00e8res flexibles en caoutchouc,"},"content":{"rendered":"<p>Set de 3 grattoirs flexibles, lomers, couteaux \u00e0 argile.<\/p>\n<p>Gr\u00e2ce \u00e0 sa flexibilit\u00e9, tr\u00e8s appropri\u00e9 pour remplir les moules en caoutchouc et en silicone avec de l&rsquo;argile.<\/p>\n","protected":false},"excerpt":{"rendered":"<p>Set de 3 grattoirs flexibles en caoutchouc, lomers, couteaux \u00e0 argile.<\/p>\n<p>Gr\u00e2ce \u00e0 sa flexibilit\u00e9, tr\u00e8s appropri\u00e9 pour remplir les moules en caoutchouc et en silicone avec de l&rsquo;argile.<\/p>\n","protected":false},"featured_media":7523,"comment_status":"closed","ping_status":"closed","template":"","meta":{"_acf_changed":false,"_seopress_robots_primary_cat":"none","_seopress_titles_title":"","_seopress_titles_desc":"","_seopress_robots_index":""},"more":[],"product_brand":[6398],"product_cat":[7504,6364],"product_tag":[6388,6404,7500,6420,7028,6378,6390,15021,11335,6819,9346,6374,14315,7510,15100,14490,15101,15097,15103,15098,15102],"class_list":{"0":"post-15749","1":"product","2":"type-product","3":"status-publish","4":"has-post-thumbnail","6":"product_brand-l1","7":"product_cat-argile","8":"product_cat-materiel-supplementaire","9":"product_tag-argile","10":"product_tag-argile-argentee","11":"product_tag-argile-argentee-3","12":"product_tag-argile-bronze","13":"product_tag-argile-cuivreuse","14":"product_tag-argile-metallique","15":"product_tag-argile-metallique-2","16":"product_tag-argiles","17":"product_tag-caoutchouc-2","18":"product_tag-cernit","19":"product_tag-couteau-a-argile","20":"product_tag-faire","21":"product_tag-fimo-pate-polymere","22":"product_tag-flexible","23":"product_tag-grattoirs","24":"product_tag-lisse-2","25":"product_tag-lomers","26":"product_tag-moules-2","27":"product_tag-moules-en-silicone","28":"product_tag-raclage","29":"product_tag-remplir","30":"product_shipping_class-standard","32":"first","33":"instock","34":"taxable","35":"shipping-taxable","36":"purchasable","37":"product-type-simple"},"acf":[],"_links":{"self":[{"href":"https:\/\/esquell.eu\/fr\/wp-json\/wp\/v2\/product\/15749","targetHints":{"allow":["GET"]}}],"collection":[{"href":"https:\/\/esquell.eu\/fr\/wp-json\/wp\/v2\/product"}],"about":[{"href":"https:\/\/esquell.eu\/fr\/wp-json\/wp\/v2\/types\/product"}],"replies":[{"embeddable":true,"href":"https:\/\/esquell.eu\/fr\/wp-json\/wp\/v2\/comments?post=15749"}],"wp:featuredmedia":[{"embeddable":true,"href":"https:\/\/esquell.eu\/fr\/wp-json\/wp\/v2\/media\/7523"}],"wp:attachment":[{"href":"https:\/\/esquell.eu\/fr\/wp-json\/wp\/v2\/media?parent=15749"}],"wp:term":[{"taxonomy":"more","embeddable":true,"href":"https:\/\/esquell.eu\/fr\/wp-json\/wp\/v2\/more?post=15749"},{"taxonomy":"product_brand","embeddable":true,"href":"https:\/\/esquell.eu\/fr\/wp-json\/wp\/v2\/product_brand?post=15749"},{"taxonomy":"product_cat","embeddable":true,"href":"https:\/\/esquell.eu\/fr\/wp-json\/wp\/v2\/product_cat?post=15749"},{"taxonomy":"product_tag","embeddable":true,"href":"https:\/\/esquell.eu\/fr\/wp-json\/wp\/v2\/product_tag?post=15749"}],"curies":[{"name":"wp","href":"https:\/\/api.w.org\/{rel}","templated":true}]}}