{"id":15745,"date":"2025-04-03T09:21:38","date_gmt":"2025-04-03T09:21:38","guid":{"rendered":"https:\/\/esquell.eu\/product\/moule-a-sec-pour-bracelets-en-argile-metallique\/"},"modified":"2025-04-03T09:21:38","modified_gmt":"2025-04-03T09:21:38","slug":"moule-a-sec-pour-bracelets-en-argile-metallique","status":"publish","type":"product","link":"https:\/\/esquell.eu\/fr\/produit\/moule-a-sec-pour-bracelets-en-argile-metallique\/","title":{"rendered":"Moule \u00e0 sec pour bracelets en argile m\u00e9tallique"},"content":{"rendered":"<p>Moule de s\u00e9chage pour la fabrication de bracelets ouverts en arguile d&rsquo;argent et autres argiles m\u00e9talliques, pour le s\u00e9chage de parties de bracelets ou d&rsquo;autres objets devant s\u00e9cher en demi-rond.<\/p>\n<p>Placez le moule sec sur votre poignet et faites-le tenir. Il ne doit pas \u00eatre trop serr\u00e9 en raison du retrait de l&rsquo;argile. Couvrez ensuite le moule en cours de s\u00e9chage avec du film alimentaire. Cela emp\u00eache l&rsquo;argile de glisser du moule. Vous pouvez placer le moule sur une feuille de s\u00e9chage pour acc\u00e9l\u00e9rer le s\u00e9chage. Le moule peut \u00eatre r\u00e9utilis\u00e9 \u00e0 l&rsquo;infini.     <\/p>\n","protected":false},"excerpt":{"rendered":"<p>Moule de s\u00e9chage pour la fabrication de bracelets ouverts en arguile d&rsquo;argent et autres argiles m\u00e9talliques, pour le s\u00e9chage de parties de bracelets ou d&rsquo;autres objets devant s\u00e9cher en demi-rond.<\/p>\n<p>&nbsp;<\/p>\n<p>Placez le moule sec sur votre poignet et faites-le tenir. Il ne doit pas \u00eatre trop serr\u00e9 en raison du retrait de l&rsquo;argile. Couvrez ensuite le moule en cours de s\u00e9chage avec du film alimentaire. Cela emp\u00eache l&rsquo;argile de glisser du moule. Vous pouvez placer le moule sur une feuille de s\u00e9chage pour acc\u00e9l\u00e9rer le s\u00e9chage. Le moule peut \u00eatre r\u00e9utilis\u00e9 \u00e0 l&rsquo;infini.     <\/p>\n<p>&nbsp;<\/p>\n<p>&nbsp;<\/p>\n","protected":false},"featured_media":7521,"comment_status":"closed","ping_status":"closed","template":"","meta":{"_acf_changed":false,"_seopress_robots_primary_cat":"none","_seopress_titles_title":"","_seopress_titles_desc":"","_seopress_robots_index":""},"more":[],"product_brand":[6736],"product_cat":[7504,6364,7412],"product_tag":[6388,6404,6378,6390,15093,6405,6376,6792,6374,9881,6859,6381,8363,11349,10068],"class_list":{"0":"post-15745","1":"product","2":"type-product","3":"status-publish","4":"has-post-thumbnail","6":"product_brand-des-outils-sympas","7":"product_cat-argile","8":"product_cat-materiel-supplementaire","9":"product_cat-outils-de-base","10":"product_tag-argile","11":"product_tag-argile-argentee","12":"product_tag-argile-metallique","13":"product_tag-argile-metallique-2","14":"product_tag-armoiries","15":"product_tag-artclay","16":"product_tag-artclaysilver","17":"product_tag-bracelet","18":"product_tag-faire","19":"product_tag-forme-seche","20":"product_tag-formulaire","21":"product_tag-japon","22":"product_tag-manchette","23":"product_tag-mandrin","24":"product_tag-modele-de-sechage","25":"product_shipping_class-standard","27":"first","28":"instock","29":"taxable","30":"shipping-taxable","31":"purchasable","32":"product-type-simple"},"acf":[],"_links":{"self":[{"href":"https:\/\/esquell.eu\/fr\/wp-json\/wp\/v2\/product\/15745","targetHints":{"allow":["GET"]}}],"collection":[{"href":"https:\/\/esquell.eu\/fr\/wp-json\/wp\/v2\/product"}],"about":[{"href":"https:\/\/esquell.eu\/fr\/wp-json\/wp\/v2\/types\/product"}],"replies":[{"embeddable":true,"href":"https:\/\/esquell.eu\/fr\/wp-json\/wp\/v2\/comments?post=15745"}],"wp:featuredmedia":[{"embeddable":true,"href":"https:\/\/esquell.eu\/fr\/wp-json\/wp\/v2\/media\/7521"}],"wp:attachment":[{"href":"https:\/\/esquell.eu\/fr\/wp-json\/wp\/v2\/media?parent=15745"}],"wp:term":[{"taxonomy":"more","embeddable":true,"href":"https:\/\/esquell.eu\/fr\/wp-json\/wp\/v2\/more?post=15745"},{"taxonomy":"product_brand","embeddable":true,"href":"https:\/\/esquell.eu\/fr\/wp-json\/wp\/v2\/product_brand?post=15745"},{"taxonomy":"product_cat","embeddable":true,"href":"https:\/\/esquell.eu\/fr\/wp-json\/wp\/v2\/product_cat?post=15745"},{"taxonomy":"product_tag","embeddable":true,"href":"https:\/\/esquell.eu\/fr\/wp-json\/wp\/v2\/product_tag?post=15745"}],"curies":[{"name":"wp","href":"https:\/\/api.w.org\/{rel}","templated":true}]}}