{"id":15727,"date":"2025-04-03T09:21:38","date_gmt":"2025-04-03T09:21:38","guid":{"rendered":"https:\/\/esquell.eu\/product\/outil-de-sechage-de-largile-gabarit-de-sechage-moule-a-quilling\/"},"modified":"2025-11-08T20:38:21","modified_gmt":"2025-11-08T20:38:21","slug":"outil-de-sechage-de-largile-gabarit-de-sechage-moule-a-quilling","status":"publish","type":"product","link":"https:\/\/esquell.eu\/fr\/produit\/outil-de-sechage-de-largile-gabarit-de-sechage-moule-a-quilling\/","title":{"rendered":"Outil de s\u00e9chage de l&rsquo;argile. Gabarit de s\u00e9chage. Moule \u00e0 quilling"},"content":{"rendered":"<p>Plaque en plastique avec diff\u00e9rentes formes convexes et concaves.<\/p>\n<p>Un outil id\u00e9al pour s\u00e9cher l&rsquo;argile argent\u00e9e afin de cr\u00e9er des bijoux concaves et convexes.<\/p>\n<p>La plaque peut \u00e9galement \u00eatre utilis\u00e9e pour tourner le papier quilling ou le papier d&rsquo;argile.<\/p>\n","protected":false},"excerpt":{"rendered":"<p>Plaque en plastique avec diff\u00e9rentes formes convexes et concaves.<\/p>\n<p>Un outil id\u00e9al pour s\u00e9cher l&rsquo;argile argent\u00e9e afin de cr\u00e9er des bijoux concaves et convexes.<\/p>\n<p>La plaque peut \u00e9galement \u00eatre utilis\u00e9e pour tourner le papier quilling ou le papier d&rsquo;argile.<\/p>\n","protected":false},"featured_media":4360,"comment_status":"closed","ping_status":"closed","template":"","meta":{"_acf_changed":false,"_seopress_robots_primary_cat":"none","_seopress_titles_title":"","_seopress_titles_desc":"","_seopress_robots_index":""},"more":[],"product_brand":[6398],"product_cat":[7504],"product_tag":[7675,6939,6945,6397,7045,7024,6923,6931,7096,7339,7668,9805,6388,6473,6741,8401,6378,6947,6376,6949,6393,7987,6402,15047,6389,6796,7582,7544,15041,15028,7762,6649,6738,8424,15049,7114,21557,6395,21556,6647,7043,7766,9881,6849,6635,9773,10363,21554,21555,6951,7120,6369,6472,7121,6930,7026,15044,7042,18641,21551,7040,7695,7989,7034,6567,6937,7405,10358,21552,6636,6726,8718,8228,6391,21553,6927,7094,7282,10360,6751,6925,6407,6722,17150,6720,7032],"class_list":{"0":"post-15727","1":"product","2":"type-product","3":"status-publish","4":"has-post-thumbnail","6":"product_brand-l1","7":"product_cat-argile","8":"product_tag-achats","9":"product_tag-acheter-2","10":"product_tag-alkmaar","11":"product_tag-allemagne","12":"product_tag-almelo","13":"product_tag-almere","14":"product_tag-amsterdam","15":"product_tag-anvers","16":"product_tag-apeldoorn","17":"product_tag-argent-malleable","18":"product_tag-argenterie-2","19":"product_tag-argenterie-3","20":"product_tag-argile","21":"product_tag-argile-2","22":"product_tag-argile-3","23":"product_tag-argile-artistique","24":"product_tag-argile-metallique","25":"product_tag-arnhem","26":"product_tag-artclaysilver","27":"product_tag-assen","28":"product_tag-belgique","29":"product_tag-berlin","30":"product_tag-bon-marche","31":"product_tag-bosch","32":"product_tag-boutique-en-ligne","33":"product_tag-boutique-en-ligne-2","34":"product_tag-breda","35":"product_tag-bronze-malleable","36":"product_tag-bruxelles-4","37":"product_tag-chiffres","38":"product_tag-coevorden","39":"product_tag-commande","40":"product_tag-cool","41":"product_tag-cooltools","42":"product_tag-couverture","43":"product_tag-cuivre-malleable","44":"product_tag-denbosch","45":"product_tag-deutsland","46":"product_tag-dusseldorf","47":"product_tag-en-ligne","48":"product_tag-enschede","49":"product_tag-etreilen","50":"product_tag-forme-seche","51":"product_tag-formulaires","52":"product_tag-fournitures","53":"product_tag-fournitures-pour-largile-argentee","54":"product_tag-fournitures-pour-la-fabrication-darticles-de-quilling","55":"product_tag-googleshopping","56":"product_tag-goolge","57":"product_tag-heerenveen","58":"product_tag-hoogeveen","59":"product_tag-largent","60":"product_tag-lart","61":"product_tag-la-haye","62":"product_tag-leeuwarden","63":"product_tag-lelystad","64":"product_tag-les-4","65":"product_tag-maastricht","66":"product_tag-magasin-dargent","67":"product_tag-metal-malleable","68":"product_tag-middelburg","69":"product_tag-modelisation-2","70":"product_tag-munchen","71":"product_tag-nijmegen","72":"product_tag-offrir","73":"product_tag-ostende","74":"product_tag-outil-2","75":"product_tag-outil-demboutissage","76":"product_tag-outil-demboutissage-2","77":"product_tag-outils","78":"product_tag-outils-2","79":"product_tag-outils-en-argile","80":"product_tag-papier-argile","81":"product_tag-pays-bas","82":"product_tag-plaque-de-sechage","83":"product_tag-plomb","84":"product_tag-pont","85":"product_tag-quilling","86":"product_tag-quillingtools","87":"product_tag-reduction","88":"product_tag-rotterdam","89":"product_tag-silverclay-co-uk","90":"product_tag-silveribelgie","91":"product_tag-tapis-de-sechage","92":"product_tag-zilverkleinederland","93":"product_tag-zwolle","94":"product_shipping_class-standard","96":"first","97":"instock","98":"taxable","99":"shipping-taxable","100":"purchasable","101":"product-type-simple"},"acf":[],"_links":{"self":[{"href":"https:\/\/esquell.eu\/fr\/wp-json\/wp\/v2\/product\/15727","targetHints":{"allow":["GET"]}}],"collection":[{"href":"https:\/\/esquell.eu\/fr\/wp-json\/wp\/v2\/product"}],"about":[{"href":"https:\/\/esquell.eu\/fr\/wp-json\/wp\/v2\/types\/product"}],"replies":[{"embeddable":true,"href":"https:\/\/esquell.eu\/fr\/wp-json\/wp\/v2\/comments?post=15727"}],"wp:featuredmedia":[{"embeddable":true,"href":"https:\/\/esquell.eu\/fr\/wp-json\/wp\/v2\/media\/4360"}],"wp:attachment":[{"href":"https:\/\/esquell.eu\/fr\/wp-json\/wp\/v2\/media?parent=15727"}],"wp:term":[{"taxonomy":"more","embeddable":true,"href":"https:\/\/esquell.eu\/fr\/wp-json\/wp\/v2\/more?post=15727"},{"taxonomy":"product_brand","embeddable":true,"href":"https:\/\/esquell.eu\/fr\/wp-json\/wp\/v2\/product_brand?post=15727"},{"taxonomy":"product_cat","embeddable":true,"href":"https:\/\/esquell.eu\/fr\/wp-json\/wp\/v2\/product_cat?post=15727"},{"taxonomy":"product_tag","embeddable":true,"href":"https:\/\/esquell.eu\/fr\/wp-json\/wp\/v2\/product_tag?post=15727"}],"curies":[{"name":"wp","href":"https:\/\/api.w.org\/{rel}","templated":true}]}}