{"id":15714,"date":"2025-04-03T09:21:38","date_gmt":"2025-04-03T09:21:38","guid":{"rendered":"https:\/\/esquell.eu\/product\/6-seringues-avec-6-embouts-miniatures-differents\/"},"modified":"2025-04-03T09:21:38","modified_gmt":"2025-04-03T09:21:38","slug":"6-seringues-avec-6-embouts-miniatures-differents","status":"publish","type":"product","link":"https:\/\/esquell.eu\/fr\/produit\/6-seringues-avec-6-embouts-miniatures-differents\/","title":{"rendered":"6 seringues avec 6 embouts miniatures diff\u00e9rents."},"content":{"rendered":"<p>Set de 6 mini-seringues et 6 embouts diff\u00e9rents pour vaporiser des figurines en argile.<\/p>\n<p>Capacit\u00e9 de la seringue 2,5 ml.<\/p>\n<p>Ces embouts peuvent \u00eatre utilis\u00e9s pour vaporiser des cordes avec des motifs.<\/p>\n<p>Id\u00e9al pour d\u00e9corer des bijoux en arguile d&rsquo;argent ou en p\u00e2te polym\u00e8re.<\/p>\n","protected":false},"excerpt":{"rendered":"<p>Set de 6 mini-seringues et 6 embouts diff\u00e9rents pour vaporiser des figurines en argile.<\/p>\n<p>Capacit\u00e9 de la seringue 2,5 ml.<\/p>\n<p>Ces embouts peuvent \u00eatre utilis\u00e9s pour vaporiser des cordes avec des motifs.<\/p>\n<p>Id\u00e9al pour d\u00e9corer des bijoux en arguile d&rsquo;argent ou en p\u00e2te polym\u00e8re.<\/p>\n<p>&nbsp;<\/p>\n","protected":false},"featured_media":8509,"comment_status":"closed","ping_status":"closed","template":"","meta":{"_acf_changed":false,"_seopress_robots_primary_cat":"none","_seopress_titles_title":"","_seopress_titles_desc":"","_seopress_robots_index":""},"more":[],"product_brand":[6398],"product_cat":[7504,7412],"product_tag":[6388,6404,15021,6372,15028,15024,6374,15026,6816,10169],"class_list":{"0":"post-15714","1":"product","2":"type-product","3":"status-publish","4":"has-post-thumbnail","6":"product_brand-l1","7":"product_cat-argile","8":"product_cat-outils-de-base","9":"product_tag-argile","10":"product_tag-argile-argentee","11":"product_tag-argiles","12":"product_tag-bijoux","13":"product_tag-chiffres","14":"product_tag-cordes-4","15":"product_tag-faire","16":"product_tag-modeles-2","17":"product_tag-pate-polymere","18":"product_tag-seringue-2","19":"product_shipping_class-standard","21":"first","22":"instock","23":"taxable","24":"shipping-taxable","25":"purchasable","26":"product-type-simple"},"acf":[],"_links":{"self":[{"href":"https:\/\/esquell.eu\/fr\/wp-json\/wp\/v2\/product\/15714","targetHints":{"allow":["GET"]}}],"collection":[{"href":"https:\/\/esquell.eu\/fr\/wp-json\/wp\/v2\/product"}],"about":[{"href":"https:\/\/esquell.eu\/fr\/wp-json\/wp\/v2\/types\/product"}],"replies":[{"embeddable":true,"href":"https:\/\/esquell.eu\/fr\/wp-json\/wp\/v2\/comments?post=15714"}],"wp:featuredmedia":[{"embeddable":true,"href":"https:\/\/esquell.eu\/fr\/wp-json\/wp\/v2\/media\/8509"}],"wp:attachment":[{"href":"https:\/\/esquell.eu\/fr\/wp-json\/wp\/v2\/media?parent=15714"}],"wp:term":[{"taxonomy":"more","embeddable":true,"href":"https:\/\/esquell.eu\/fr\/wp-json\/wp\/v2\/more?post=15714"},{"taxonomy":"product_brand","embeddable":true,"href":"https:\/\/esquell.eu\/fr\/wp-json\/wp\/v2\/product_brand?post=15714"},{"taxonomy":"product_cat","embeddable":true,"href":"https:\/\/esquell.eu\/fr\/wp-json\/wp\/v2\/product_cat?post=15714"},{"taxonomy":"product_tag","embeddable":true,"href":"https:\/\/esquell.eu\/fr\/wp-json\/wp\/v2\/product_tag?post=15714"}],"curies":[{"name":"wp","href":"https:\/\/api.w.org\/{rel}","templated":true}]}}