{"id":15701,"date":"2025-04-03T09:21:38","date_gmt":"2025-04-03T09:21:38","guid":{"rendered":"https:\/\/esquell.eu\/product\/set-de-pinceau-a-eau-3-pieces-y-compris-le-capuchon\/"},"modified":"2025-12-22T11:09:36","modified_gmt":"2025-12-22T11:09:36","slug":"set-de-pinceau-a-eau-3-pieces-y-compris-le-capuchon","status":"publish","type":"product","link":"https:\/\/esquell.eu\/fr\/produit\/set-de-pinceau-a-eau-3-pieces-y-compris-le-capuchon\/","title":{"rendered":"Set de pinceau \u00e0 eau 3 pi\u00e8ces, y compris le capuchon"},"content":{"rendered":"<p>Avec ces stylos \u00e0 eau, vous ajoutez de l&rsquo;eau dos\u00e9e \u00e0 votre projet d&rsquo;argile (m\u00e9tallique). Il n&rsquo;est plus n\u00e9cessaire d&rsquo;avoir un bol d&rsquo;eau sur la table. Pratique pour votre propre usage et lors de l&rsquo;animation d&rsquo;un atelier ou d&rsquo;un cours.  <\/p>\n<p>Les brosses de ce set de 6 pi\u00e8ces aux embouts diff\u00e9rents peuvent facilement \u00eatre remplies d&rsquo;eau. En pressant doucement les pinceaux, une petite quantit\u00e9 d&rsquo;eau s&rsquo;\u00e9coule \u00e0 chaque fois dans l&#8217;embout du pinceau. Un outil pratique pour modeler l&rsquo;argile molle (m\u00e9tal).  <\/p>\n","protected":false},"excerpt":{"rendered":"<p>Avec ces stylos \u00e0 eau, vous ajoutez de l&rsquo;eau dos\u00e9e \u00e0 votre projet d&rsquo;argile (m\u00e9tallique). Il n&rsquo;est plus n\u00e9cessaire d&rsquo;avoir un bol d&rsquo;eau sur la table. Pratique pour votre propre usage et lors de l&rsquo;animation d&rsquo;un atelier ou d&rsquo;un cours.  <\/p>\n<p>&nbsp;<\/p>\n<p>Les brosses de ce set de 6 pi\u00e8ces aux embouts diff\u00e9rents peuvent facilement \u00eatre remplies d&rsquo;eau. En pressant doucement les pinceaux, une petite quantit\u00e9 d&rsquo;eau s&rsquo;\u00e9coule \u00e0 chaque fois dans l&#8217;embout du pinceau. Un outil pratique pour modeler l&rsquo;argile molle (m\u00e9tal).  <\/p>\n<p>&nbsp;<\/p>\n","protected":false},"featured_media":15706,"comment_status":"closed","ping_status":"closed","template":"","meta":{"_acf_changed":false,"_seopress_robots_primary_cat":"none","_seopress_titles_title":"","_seopress_titles_desc":"","_seopress_robots_index":""},"more":[],"product_brand":[6398],"product_cat":[7504,6364,7412],"product_tag":[6755,7469,8319,6757,6791,6645,8048,13154,7760,6646,6939,14966,6397,7024,6923,6931,7339,6388,6741,6404,6406,6420,7028,6378,6390,6376,7572,6393,6941,14958,18152,21279,10059,6935,7770,6819,7683,6649,14954,14970,14972,7871,14985,14987,6655,8509,6647,6815,6785,6635,6653,6933,9901,6747,6651,6659,8241,14990,7648,6634,9774,8996,7026,14976,6789,6416,7695,14964,6661,6648,6937,6643,6399,7405,14968,6636,8161,6816,8165,6391,6665,8416,14960,21280,21855,14993,11932,7094,9784,14981,14979,6925,10112,6407,6722,13476,14962,6663,6411,6787,6667,14956,7032],"class_list":{"0":"post-15701","1":"product","2":"type-product","3":"status-publish","4":"has-post-thumbnail","6":"product_brand-l1","7":"product_cat-argile","8":"product_cat-materiel-supplementaire","9":"product_cat-outils-de-base","10":"product_tag-6755","11":"product_tag-7469","12":"product_tag-8319","13":"product_tag-6757","14":"product_tag-6791","15":"product_tag-a","16":"product_tag-a-vendre","17":"product_tag-a-vendre-3","18":"product_tag-achats-2","19":"product_tag-acheter","20":"product_tag-acheter-2","21":"product_tag-ajouter","22":"product_tag-allemagne","23":"product_tag-almere","24":"product_tag-amsterdam","25":"product_tag-anvers","26":"product_tag-argent-malleable","27":"product_tag-argile","28":"product_tag-argile-3","29":"product_tag-argile-argentee","30":"product_tag-argile-aurifere","31":"product_tag-argile-bronze","32":"product_tag-argile-cuivreuse","33":"product_tag-argile-metallique","34":"product_tag-argile-metallique-2","35":"product_tag-artclaysilver","36":"product_tag-avec","37":"product_tag-belgique","38":"product_tag-brabant","39":"product_tag-brosse-2","40":"product_tag-brosse-3","41":"product_tag-brosse-4","42":"product_tag-brosses","43":"product_tag-bruxelles","44":"product_tag-camps","45":"product_tag-cernit","46":"product_tag-chute","47":"product_tag-commande","48":"product_tag-corona","49":"product_tag-covid","50":"product_tag-covid19","51":"product_tag-creatif","52":"product_tag-dessiner","53":"product_tag-doux-3","54":"product_tag-drenthe","55":"product_tag-emmeloord","56":"product_tag-en-ligne","57":"product_tag-fimo","58":"product_tag-flevoland","59":"product_tag-fournitures","60":"product_tag-frise","61":"product_tag-gentilhomme","62":"product_tag-goutte-a-goutte-2","63":"product_tag-gramme","64":"product_tag-groningue","65":"product_tag-gueldre","66":"product_tag-hobby","67":"product_tag-humide-2","68":"product_tag-idees","69":"product_tag-largent-3","70":"product_tag-leau","71":"product_tag-linspiration","72":"product_tag-lelystad","73":"product_tag-lettrage-a-la-main","74":"product_tag-limbourg","75":"product_tag-modelisation","76":"product_tag-modelisation-2","77":"product_tag-mouillage","78":"product_tag-nord","79":"product_tag-nouveau-2","80":"product_tag-ostende","81":"product_tag-ou","82":"product_tag-outil","83":"product_tag-outil-2","84":"product_tag-outil-4","85":"product_tag-outils","86":"product_tag-pate-dargile-argentee","87":"product_tag-pate-polymere","88":"product_tag-pates","89":"product_tag-pays-bas","90":"product_tag-pays-bas-2","91":"product_tag-peinture","92":"product_tag-pinceau-a-eau","93":"product_tag-pinceau-a-eau-2","94":"product_tag-pinceau-a-eau-3","95":"product_tag-pipos","96":"product_tag-polymere","97":"product_tag-pont","98":"product_tag-rechargeable","99":"product_tag-rechargeable-4","100":"product_tag-reservoir-deau","101":"product_tag-rotterdam","102":"product_tag-se-dessecher","103":"product_tag-silverclay-co-uk","104":"product_tag-silveribelgie","105":"product_tag-stylo","106":"product_tag-stylo-a-eau","107":"product_tag-sud","108":"product_tag-tempete-de-sable","109":"product_tag-utrecht","110":"product_tag-zelande","111":"product_tag-zilverkleinderland","112":"product_tag-zwolle","113":"product_shipping_class-standard","115":"first","116":"instock","117":"taxable","118":"shipping-taxable","119":"purchasable","120":"product-type-simple"},"acf":[],"_links":{"self":[{"href":"https:\/\/esquell.eu\/fr\/wp-json\/wp\/v2\/product\/15701","targetHints":{"allow":["GET"]}}],"collection":[{"href":"https:\/\/esquell.eu\/fr\/wp-json\/wp\/v2\/product"}],"about":[{"href":"https:\/\/esquell.eu\/fr\/wp-json\/wp\/v2\/types\/product"}],"replies":[{"embeddable":true,"href":"https:\/\/esquell.eu\/fr\/wp-json\/wp\/v2\/comments?post=15701"}],"wp:featuredmedia":[{"embeddable":true,"href":"https:\/\/esquell.eu\/fr\/wp-json\/wp\/v2\/media\/15706"}],"wp:attachment":[{"href":"https:\/\/esquell.eu\/fr\/wp-json\/wp\/v2\/media?parent=15701"}],"wp:term":[{"taxonomy":"more","embeddable":true,"href":"https:\/\/esquell.eu\/fr\/wp-json\/wp\/v2\/more?post=15701"},{"taxonomy":"product_brand","embeddable":true,"href":"https:\/\/esquell.eu\/fr\/wp-json\/wp\/v2\/product_brand?post=15701"},{"taxonomy":"product_cat","embeddable":true,"href":"https:\/\/esquell.eu\/fr\/wp-json\/wp\/v2\/product_cat?post=15701"},{"taxonomy":"product_tag","embeddable":true,"href":"https:\/\/esquell.eu\/fr\/wp-json\/wp\/v2\/product_tag?post=15701"}],"curies":[{"name":"wp","href":"https:\/\/api.w.org\/{rel}","templated":true}]}}