{"id":15695,"date":"2025-04-03T09:21:38","date_gmt":"2025-04-03T09:21:38","guid":{"rendered":"https:\/\/esquell.eu\/product\/epingle-a-aiguille-claypick-outil-a-aiguille-acs\/"},"modified":"2025-11-08T20:01:15","modified_gmt":"2025-11-08T20:01:15","slug":"epingle-a-aiguille-claypick-outil-a-aiguille-acs","status":"publish","type":"product","link":"https:\/\/esquell.eu\/fr\/produit\/epingle-a-aiguille-claypick-outil-a-aiguille-acs\/","title":{"rendered":"\u00c9pingle \u00e0 aiguille claypick outil \u00e0 aiguille ACS"},"content":{"rendered":"<p>Le stylo aiguille (\u00e9galement appel\u00e9 claypick ou outil aiguille) est indispensable pour travailler l&rsquo;argile m\u00e9tallique et l&rsquo;argile polym\u00e8re. L&rsquo;aiguille a une pointe tr\u00e8s fine et aiguis\u00e9e qui convient parfaitement pour d\u00e9couper l&rsquo;argile. L&rsquo;aiguille est \u00e9galement id\u00e9ale pour d\u00e9couper des formes lorsque vous utilisez des pochoirs. Le stylo-aiguille est \u00e9galement indispensable pour toutes sortes de travaux de pr\u00e9cision.   <\/p>\n","protected":false},"excerpt":{"rendered":"<p>Le stylo aiguille (\u00e9galement appel\u00e9 claypick ou outil aiguille) est indispensable pour travailler l&rsquo;argile m\u00e9tallique et l&rsquo;argile polym\u00e8re. L&rsquo;aiguille a une pointe tr\u00e8s fine et aiguis\u00e9e qui convient parfaitement pour d\u00e9couper l&rsquo;argile. L&rsquo;aiguille est \u00e9galement id\u00e9ale pour d\u00e9couper des formes lorsque vous utilisez des pochoirs. Le stylo-aiguille est \u00e9galement indispensable pour toutes sortes de travaux de pr\u00e9cision.   <\/p>\n","protected":false},"featured_media":15696,"comment_status":"closed","ping_status":"closed","template":"","meta":{"_acf_changed":false,"_seopress_robots_primary_cat":"none","_seopress_titles_title":"","_seopress_titles_desc":"","_seopress_robots_index":""},"more":[],"product_brand":[6398],"product_cat":[7504,7412],"product_tag":[14943,14944,6388,6473,6741,6404,6420,6378,6390,6405,6819,8457,10519,6815,6849,6472,7031,8747,6416,7405,6399,14945,6816,7029,8301,8736,14942,8304],"class_list":{"0":"post-15695","1":"product","2":"type-product","3":"status-publish","4":"has-post-thumbnail","6":"product_brand-l1","7":"product_cat-argile","8":"product_cat-outils-de-base","9":"product_tag-aiguille","10":"product_tag-argile-5","11":"product_tag-argile","12":"product_tag-argile-2","13":"product_tag-argile-3","14":"product_tag-argile-argentee","15":"product_tag-argile-bronze","16":"product_tag-argile-metallique","17":"product_tag-argile-metallique-2","18":"product_tag-artclay","19":"product_tag-cernit","20":"product_tag-couper","21":"product_tag-couteau","22":"product_tag-fimo","23":"product_tag-formulaires","24":"product_tag-lart","25":"product_tag-metal-2","26":"product_tag-modeles","27":"product_tag-modelisation","28":"product_tag-outil-2","29":"product_tag-outil","30":"product_tag-outil-daiguille","31":"product_tag-pate-polymere","32":"product_tag-pmc","33":"product_tag-precision","34":"product_tag-presomptueux","35":"product_tag-stylo-a-aiguille","36":"product_tag-travail","37":"product_shipping_class-standard","39":"first","40":"instock","41":"taxable","42":"shipping-taxable","43":"purchasable","44":"product-type-simple"},"acf":[],"_links":{"self":[{"href":"https:\/\/esquell.eu\/fr\/wp-json\/wp\/v2\/product\/15695","targetHints":{"allow":["GET"]}}],"collection":[{"href":"https:\/\/esquell.eu\/fr\/wp-json\/wp\/v2\/product"}],"about":[{"href":"https:\/\/esquell.eu\/fr\/wp-json\/wp\/v2\/types\/product"}],"replies":[{"embeddable":true,"href":"https:\/\/esquell.eu\/fr\/wp-json\/wp\/v2\/comments?post=15695"}],"wp:featuredmedia":[{"embeddable":true,"href":"https:\/\/esquell.eu\/fr\/wp-json\/wp\/v2\/media\/15696"}],"wp:attachment":[{"href":"https:\/\/esquell.eu\/fr\/wp-json\/wp\/v2\/media?parent=15695"}],"wp:term":[{"taxonomy":"more","embeddable":true,"href":"https:\/\/esquell.eu\/fr\/wp-json\/wp\/v2\/more?post=15695"},{"taxonomy":"product_brand","embeddable":true,"href":"https:\/\/esquell.eu\/fr\/wp-json\/wp\/v2\/product_brand?post=15695"},{"taxonomy":"product_cat","embeddable":true,"href":"https:\/\/esquell.eu\/fr\/wp-json\/wp\/v2\/product_cat?post=15695"},{"taxonomy":"product_tag","embeddable":true,"href":"https:\/\/esquell.eu\/fr\/wp-json\/wp\/v2\/product_tag?post=15695"}],"curies":[{"name":"wp","href":"https:\/\/api.w.org\/{rel}","templated":true}]}}