{"id":15679,"date":"2025-04-03T09:21:38","date_gmt":"2025-04-03T09:21:38","guid":{"rendered":"https:\/\/esquell.eu\/product\/stylos-de-modelisme-set-de-5-stylos-billes-acier-inoxydable-avec-manche-en-bois\/"},"modified":"2025-11-08T20:01:40","modified_gmt":"2025-11-08T20:01:40","slug":"stylos-de-modelisme-set-de-5-stylos-billes-acier-inoxydable-avec-manche-en-bois","status":"publish","type":"product","link":"https:\/\/esquell.eu\/fr\/produit\/stylos-de-modelisme-set-de-5-stylos-billes-acier-inoxydable-avec-manche-en-bois\/","title":{"rendered":"Stylos de mod\u00e9lisme set de 5 stylos billes acier inoxydable avec manche en bois"},"content":{"rendered":"<p>Lot de 5 stylos \u00e0 bille double face. Vous pouvez utiliser ces stylos pour modeler l&rsquo;argile m\u00e9tallique, l&rsquo;argile polym\u00e8re ou d&rsquo;autres types d&rsquo;argile. En outre, les stylos conviennent parfaitement comme stylos de polissage pour polir l&rsquo;argile m\u00e9tallique.<br \/>\nApr\u00e8s la cuisson, vous pouvez utiliser ces stylos de polissage pour polir les surfaces difficiles d&rsquo;acc\u00e8s. Le set contient un total de 10 tailles de billes diff\u00e9rentes. Les billes sont en acier inoxydable, le support est en bois.<br \/>\nLes billes vous permettent d&rsquo;appliquer des formes et des motifs dans l&rsquo;argile encore molle.    <\/p>\n","protected":false},"excerpt":{"rendered":"<p>Lot de 5 stylos \u00e0 bille double face. Vous pouvez utiliser ces stylos pour modeler l&rsquo;argile m\u00e9tallique, l&rsquo;argile polym\u00e8re ou d&rsquo;autres types d&rsquo;argile. En outre, les stylos conviennent parfaitement comme stylos de polissage pour polir l&rsquo;argile m\u00e9tallique.<br \/>\nApr\u00e8s la cuisson, vous pouvez utiliser ces stylos de polissage pour polir les surfaces difficiles d&rsquo;acc\u00e8s. Le set contient un total de 10 tailles de billes diff\u00e9rentes. Les billes sont en acier inoxydable, le support est en bois.<br \/>\nLes billes vous permettent d&rsquo;appliquer des formes et des motifs dans l&rsquo;argile encore molle.    <\/p>\n","protected":false},"featured_media":7534,"comment_status":"closed","ping_status":"closed","template":"","meta":{"_acf_changed":false,"_seopress_robots_primary_cat":"none","_seopress_titles_title":"","_seopress_titles_desc":"","_seopress_robots_index":""},"more":[],"product_brand":[],"product_cat":[7504,10216,7412,6366],"product_tag":[14915,14916,14917,14918,9296,14919,9306,6473,6741,6404,6420,6405,14913,6412,6819,6650,7104,6815,14910,14908,6472,6759,7031,6416,9109,8736,14909,14914,14911,14912],"class_list":{"0":"post-15679","1":"product","2":"type-product","3":"status-publish","4":"has-post-thumbnail","6":"product_cat-argile","7":"product_cat-metal","8":"product_cat-outils-de-base","9":"product_cat-poncage-limage-et-polissage","10":"product_tag-03-mm","11":"product_tag-05-mm","12":"product_tag-10-mm","13":"product_tag-1-5mm","14":"product_tag-9296","15":"product_tag-20-mm","16":"product_tag-5-mm","17":"product_tag-argile-2","18":"product_tag-argile-3","19":"product_tag-argile-argentee","20":"product_tag-argile-bronze","21":"product_tag-artclay","22":"product_tag-balle","23":"product_tag-bronze","24":"product_tag-cernit","25":"product_tag-cuivre","26":"product_tag-cuivre-2","27":"product_tag-fimo","28":"product_tag-garving","29":"product_tag-gravure-2","30":"product_tag-lart","31":"product_tag-metal","32":"product_tag-metal-2","33":"product_tag-modelisation","34":"product_tag-poterie","35":"product_tag-presomptueux","36":"product_tag-stylet","37":"product_tag-stylet-a-bille","38":"product_tag-stylo-de-modelage","39":"product_tag-stylo-de-polissage","40":"product_shipping_class-standard","42":"first","43":"instock","44":"taxable","45":"shipping-taxable","46":"purchasable","47":"product-type-simple"},"acf":[],"_links":{"self":[{"href":"https:\/\/esquell.eu\/fr\/wp-json\/wp\/v2\/product\/15679","targetHints":{"allow":["GET"]}}],"collection":[{"href":"https:\/\/esquell.eu\/fr\/wp-json\/wp\/v2\/product"}],"about":[{"href":"https:\/\/esquell.eu\/fr\/wp-json\/wp\/v2\/types\/product"}],"replies":[{"embeddable":true,"href":"https:\/\/esquell.eu\/fr\/wp-json\/wp\/v2\/comments?post=15679"}],"wp:featuredmedia":[{"embeddable":true,"href":"https:\/\/esquell.eu\/fr\/wp-json\/wp\/v2\/media\/7534"}],"wp:attachment":[{"href":"https:\/\/esquell.eu\/fr\/wp-json\/wp\/v2\/media?parent=15679"}],"wp:term":[{"taxonomy":"more","embeddable":true,"href":"https:\/\/esquell.eu\/fr\/wp-json\/wp\/v2\/more?post=15679"},{"taxonomy":"product_brand","embeddable":true,"href":"https:\/\/esquell.eu\/fr\/wp-json\/wp\/v2\/product_brand?post=15679"},{"taxonomy":"product_cat","embeddable":true,"href":"https:\/\/esquell.eu\/fr\/wp-json\/wp\/v2\/product_cat?post=15679"},{"taxonomy":"product_tag","embeddable":true,"href":"https:\/\/esquell.eu\/fr\/wp-json\/wp\/v2\/product_tag?post=15679"}],"curies":[{"name":"wp","href":"https:\/\/api.w.org\/{rel}","templated":true}]}}