{"id":15654,"date":"2025-04-03T09:21:48","date_gmt":"2025-04-03T09:21:48","guid":{"rendered":"https:\/\/esquell.eu\/product\/feuille-des-tailles-danneaux-papier-des-tailles-danneaux-acs-r-0200\/"},"modified":"2025-12-22T11:09:56","modified_gmt":"2025-12-22T11:09:56","slug":"feuille-des-tailles-danneaux-papier-des-tailles-danneaux-acs-r-0200","status":"publish","type":"product","link":"https:\/\/esquell.eu\/fr\/produit\/feuille-des-tailles-danneaux-papier-des-tailles-danneaux-acs-r-0200\/","title":{"rendered":"Feuille des tailles d&rsquo;anneaux &#8211; papier des tailles d&rsquo;anneaux ACS R-0200"},"content":{"rendered":"<p>Coupez la bande \u00e0 la bonne taille en suivant les lignes, collez-la autour et glissez-la sur le b\u00e2ton d&rsquo;anneau.<\/p>\n<p>\u00c0 l&rsquo;endroit de la bande, vous pouvez mouler l&rsquo;anneau autour du b\u00e2ton d&rsquo;anneau.<\/p>\n<p>De cette fa\u00e7on, vous avez la bonne taille et vous \u00e9vitez que la p\u00e2te \u00e0 modeler ne colle au b\u00e2ton.<\/p>\n","protected":false},"excerpt":{"rendered":"<p>Coupez la bande \u00e0 la bonne taille sur les lignes, collez-la autour et glissez-la sur le b\u00e2ton de l&rsquo;anneau.<\/p>\n<p>\u00c0 l&rsquo;endroit de la bande, vous pouvez mouler l&rsquo;anneau autour du b\u00e2tonnet. Vous obtiendrez ainsi la bonne taille et \u00e9viterez que l&rsquo;argile ne colle au b\u00e2ton. <\/p>\n<p>&nbsp;<\/p>\n","protected":false},"featured_media":15666,"comment_status":"closed","ping_status":"closed","template":"","meta":{"_acf_changed":false,"_seopress_robots_primary_cat":"none","_seopress_titles_title":"","_seopress_titles_desc":"","_seopress_robots_index":""},"more":[],"product_brand":[6382],"product_cat":[7396,6809],"product_tag":[6939,6386,7761,7098,6638,6473,6404,6420,7028,6378,6390,6405,6376,7571,8422,6393,8238,6642,6402,6389,6579,14882,6649,6706,6423,6743,6647,6374,6381,7283,6634,6472,8220,10354,6559,6400,6656,6416,6475,6391,7029,6751,14880,8638,11295,10562],"class_list":{"0":"post-15654","1":"product","2":"type-product","3":"status-publish","4":"has-post-thumbnail","6":"product_brand-acs","7":"product_cat-outils-pour-anneaux","8":"product_cat-vente","9":"product_tag-acheter-2","10":"product_tag-aida","11":"product_tag-allemagne-2","12":"product_tag-anneau","13":"product_tag-anneaux","14":"product_tag-argile-2","15":"product_tag-argile-argentee","16":"product_tag-argile-bronze","17":"product_tag-argile-cuivreuse","18":"product_tag-argile-metallique","19":"product_tag-argile-metallique-2","20":"product_tag-artclay","21":"product_tag-artclaysilver","22":"product_tag-artclayworld","23":"product_tag-aussie","24":"product_tag-belgique","25":"product_tag-benelux","26":"product_tag-bijoux-2","27":"product_tag-bon-marche","28":"product_tag-boutique-en-ligne","29":"product_tag-certifie","30":"product_tag-combien","31":"product_tag-commande","32":"product_tag-commerce-de-gros","33":"product_tag-de","34":"product_tag-distributeur","35":"product_tag-en-ligne","36":"product_tag-faire","37":"product_tag-japon","38":"product_tag-japonais-3","39":"product_tag-largent-3","40":"product_tag-lart","41":"product_tag-leurope","42":"product_tag-leurope-2","43":"product_tag-lignes-dartisanat","44":"product_tag-luxembourg","45":"product_tag-luxembourg-2","46":"product_tag-modelisation","47":"product_tag-papier","48":"product_tag-pays-bas","49":"product_tag-pmc","50":"product_tag-reduction","51":"product_tag-retrecir","52":"product_tag-retrecissement","53":"product_tag-taille","54":"product_tag-taille-de-lanneau","55":"product_shipping_class-standard","57":"first","58":"instock","59":"sale","60":"taxable","61":"shipping-taxable","62":"purchasable","63":"product-type-simple"},"acf":[],"_links":{"self":[{"href":"https:\/\/esquell.eu\/fr\/wp-json\/wp\/v2\/product\/15654","targetHints":{"allow":["GET"]}}],"collection":[{"href":"https:\/\/esquell.eu\/fr\/wp-json\/wp\/v2\/product"}],"about":[{"href":"https:\/\/esquell.eu\/fr\/wp-json\/wp\/v2\/types\/product"}],"replies":[{"embeddable":true,"href":"https:\/\/esquell.eu\/fr\/wp-json\/wp\/v2\/comments?post=15654"}],"wp:featuredmedia":[{"embeddable":true,"href":"https:\/\/esquell.eu\/fr\/wp-json\/wp\/v2\/media\/15666"}],"wp:attachment":[{"href":"https:\/\/esquell.eu\/fr\/wp-json\/wp\/v2\/media?parent=15654"}],"wp:term":[{"taxonomy":"more","embeddable":true,"href":"https:\/\/esquell.eu\/fr\/wp-json\/wp\/v2\/more?post=15654"},{"taxonomy":"product_brand","embeddable":true,"href":"https:\/\/esquell.eu\/fr\/wp-json\/wp\/v2\/product_brand?post=15654"},{"taxonomy":"product_cat","embeddable":true,"href":"https:\/\/esquell.eu\/fr\/wp-json\/wp\/v2\/product_cat?post=15654"},{"taxonomy":"product_tag","embeddable":true,"href":"https:\/\/esquell.eu\/fr\/wp-json\/wp\/v2\/product_tag?post=15654"}],"curies":[{"name":"wp","href":"https:\/\/api.w.org\/{rel}","templated":true}]}}