{"id":15646,"date":"2025-04-03T09:21:48","date_gmt":"2025-04-03T09:21:48","guid":{"rendered":"https:\/\/esquell.eu\/product\/moules-de-calibrage-danneaux-siliocone-tailles-entieres-ou-demi-tailles-usa-size-cooltools\/"},"modified":"2026-02-14T10:32:21","modified_gmt":"2026-02-14T10:32:21","slug":"moules-de-calibrage-danneaux-siliocone-tailles-entieres-ou-demi-tailles-usa-size-cooltools","status":"publish","type":"product","link":"https:\/\/esquell.eu\/fr\/produit\/moules-de-calibrage-danneaux-siliocone-tailles-entieres-ou-demi-tailles-usa-size-cooltools\/","title":{"rendered":"Moules de calibrage d&rsquo;anneaux Siliocone Tailles enti\u00e8res ou demi-tailles (USA Size) Cooltools"},"content":{"rendered":"<div class=\"product-addition-content\">\n<p>Moule pour bagues en pastilles en tailles enti\u00e8res de 4 \u00e0 12 (taille USA) Pour la fabrication de bagues de calibrage pour prot\u00e9ger la taille des bagues.  <\/p>\n<p>\u00c9quivalent \u00e0 une taille de bague de 46,5 \u00e0 68 EU<\/p>\n<p>Les tailles sont facilement converties en japonais ou en europ\u00e9en.<\/p>\n<p>Fabriquez les boulettes, prenez votre paquet d&rsquo;anneaux et mesurez les boulettes. Inscrivez-y la taille europ\u00e9enne ou japonaise. <\/p>\n<p>Peut \u00eatre utilis\u00e9 avec l&rsquo;investissement Ultra-Smooth.<\/p>\n<p>Le moule peut \u00eatre r\u00e9utilis\u00e9 \u00e0 l&rsquo;infini.<\/p>\n<p>Le moule Ring Pellet est pr\u00eat \u00e0 l&#8217;emploi. Il suffit de le d\u00e9baller, de m\u00e9langer votre investissement avec de l&rsquo;eau et de remplir le moule. <\/p>\n<p><u><strong>Poudre d&rsquo;investissement assortie<br \/>\n<\/strong><\/u><\/p>\n<p><strong>Instructions<\/strong><\/p>\n<p>Cette recette permet de r\u00e9aliser un jeu complet de pastilles de la taille 4 \u00e0 12. ou 4,5 \u00e0 12,5 Si vous souhaitez couler des tailles s\u00e9lectionn\u00e9es, r\u00e9duisez la recette proportionnellement au nombre de pastilles que vous souhaitez couler. Vous pouvez verser les pastilles jusqu&rsquo;au sommet du moule pour les anneaux larges ou jusqu&rsquo;\u00e0 la moiti\u00e9 pour les anneaux minces afin d&rsquo;\u00e9conomiser encore plus.  <\/p>\n<p>Mettez-le dans un bocal en verre d&rsquo;une contenance d&rsquo;une tasse :<\/p>\n<p>&#8211; 1 cuill\u00e8re \u00e0 soupe + 2 cuill\u00e8res \u00e0 caf\u00e9 d&rsquo;eau<\/p>\n<p>&#8211; 1\/4 de tasse + 1 cuill\u00e8re \u00e0 caf\u00e9 de poudre d&rsquo;investissement<\/p>\n<p>Remuez jusqu&rsquo;\u00e0 ce que le m\u00e9lange soit lisse et cr\u00e9meux (environ 1 minute). Si vous trouvez des grumeaux, \u00e9crasez-les avec le dos d&rsquo;une cuill\u00e8re. <\/p>\n<p>La masse doit couler comme une soupe \u00e9paisse.<\/p>\n<p>Versez dans les cavit\u00e9s. Laissez le moule en place jusqu&rsquo;\u00e0 ce qu&rsquo;il soit dur, au moins 30 minutes. Le temps r\u00e9el n\u00e9cessaire au durcissement du rev\u00eatement d\u00e9pend de l&rsquo;humidit\u00e9 de votre environnement pendant la coul\u00e9e. Si l&rsquo;humidit\u00e9 est faible, vous pouvez d\u00e9mouler en 25 minutes. Si l&rsquo;humidit\u00e9 est tr\u00e8s \u00e9lev\u00e9e, le durcissement du rev\u00eatement peut prendre jusqu&rsquo;\u00e0 40 minutes.    <\/p>\n<p>A partir des pastilles de l&rsquo;anneau, d\u00e9terminez la taille r\u00e9elle de l&rsquo;anneau. Agrandissez la bague en argile m\u00e9tallique en vous r\u00e9f\u00e9rant au tableau des tailles de bague ci-dessus. <\/p>\n<p>Les tailles indiqu\u00e9es sur les pastilles sont des tailles am\u00e9ricaines. Vous trouverez ci-dessus une table de conversion pour les tailles europ\u00e9ennes et japonaises. <\/p>\n<p>Lorsque la pastille et l&rsquo;anneau d&rsquo;argile m\u00e9tallique sont tous deux bien secs, placez-les dans le four pour la cuisson. Apr\u00e8s la cuisson, laissez refroidir votre anneau avec la pastille. Une fois refroidie, placez-la dans un bol d&rsquo;eau. La pastille se dissoudra.   <\/p>\n<p><strong>Remarque<\/strong>: Ne jetez pas l&rsquo;anneau et la pastille dans l&rsquo;eau froide pour les refroidir. Un choc thermique dangereux pourrait se produire. <\/p>\n<p>Votre moule \u00e0 granul\u00e9s Ring durera des ann\u00e9es si vous l&rsquo;entretenez correctement. Ne le placez pas \u00e0 la lumi\u00e8re directe du soleil. Lorsque vous ne l&rsquo;utilisez pas, rangez le moule dans un film plastique ou dans un r\u00e9cipient muni d&rsquo;un couvercle herm\u00e9tique. Ne l&#8217;emballez pas dans du papier et ne le laissez pas sur du papier.   <\/p>\n<p><strong>S\u00e9curit\u00e9<\/strong><\/p>\n<p>N&rsquo;inhalez pas la poudre de placement. La poudre de placement contient de la silice et peut provoquer une silicose \u00e0 long terme si elle est inhal\u00e9e. Nous vous recommandons de porter un masque anti-poussi\u00e8re lorsque vous travaillez avec de l&rsquo;invesment. Ne jetez pas la poudre de placement inutilis\u00e9e ou usag\u00e9e dans les \u00e9gouts. Les particules sont lourdes et collent aux tuyaux, ce qui produit un s\u00e9diment semblable \u00e0 du b\u00e9ton et entra\u00eene un colmatage. Au lieu de cela, essuyez votre gobelet de m\u00e9lange nouvellement utilis\u00e9 avec une serviette en papier humide et placez-le dans une poubelle, ou rincez votre outil de m\u00e9lange \u00e0 l&rsquo;ext\u00e9rieur.     <\/p>\n<\/div>\n","protected":false},"excerpt":{"rendered":"<p>Moule pour bagues en pastilles en tailles enti\u00e8res de 4 \u00e0 12 (taille USA) Pour la fabrication de bagues de calibrage pour prot\u00e9ger la taille des bagues.  <\/p>\n<p>&nbsp;<\/p>\n<p>\u00c9quivalent \u00e0 une taille de bague de 46,5 \u00e0 68 EU<\/p>\n<p>Les tailles sont facilement converties en japonais ou en europ\u00e9en.<\/p>\n<p>Fabriquez les boulettes, prenez votre paquet d&rsquo;anneaux et mesurez les boulettes. Inscrivez-y la taille europ\u00e9enne ou japonaise. <\/p>\n<p>&nbsp;<\/p>\n<p>Peut \u00eatre utilis\u00e9 avec l&rsquo;investissement Ultra-Smooth.<\/p>\n<p>&nbsp;<\/p>\n<p>Le moule peut \u00eatre r\u00e9utilis\u00e9 \u00e0 l&rsquo;infini.<\/p>\n<p>&nbsp;<\/p>\n<p>Le moule Ring Pellet est pr\u00eat \u00e0 l&#8217;emploi. Il suffit de le d\u00e9baller, de m\u00e9langer votre investissement avec de l&rsquo;eau et de remplir le moule. <\/p>\n<p><u> <\/u><\/p>\n<p><u><strong>Poudre d&rsquo;investissement de contrepartie<a href=\"https:\/\/www.esquell.nl\/p\/ultra-smooth-investment-voor-ring-pellet\"> cliquez ici<\/a><br \/>\n<\/strong><\/u><\/p>\n<p>&nbsp;<\/p>\n<p>&nbsp;<\/p>\n<p><strong>Instructions<\/strong><\/p>\n<p>Cette recette permet de r\u00e9aliser un jeu complet de pastilles de la taille 4 \u00e0 12. ou 4,5 \u00e0 12,5 Si vous souhaitez couler des tailles s\u00e9lectionn\u00e9es, r\u00e9duisez la recette proportionnellement au nombre de pastilles que vous souhaitez couler. Vous pouvez verser les pastilles jusqu&rsquo;au sommet du moule pour les anneaux larges ou jusqu&rsquo;\u00e0 la moiti\u00e9 pour les anneaux minces afin d&rsquo;\u00e9conomiser encore plus.  <\/p>\n<p>&nbsp;<\/p>\n<p>Mettez-le dans un bocal en verre d&rsquo;une contenance d&rsquo;une tasse :<\/p>\n<p>&#8211; 1 cuill\u00e8re \u00e0 soupe + 2 cuill\u00e8res \u00e0 caf\u00e9 d&rsquo;eau<\/p>\n<p>&#8211; 1\/4 de tasse + 1 cuill\u00e8re \u00e0 caf\u00e9 de poudre d&rsquo;investissement<\/p>\n<p>Remuez jusqu&rsquo;\u00e0 ce que le m\u00e9lange soit lisse et cr\u00e9meux (environ 1 minute). Si vous trouvez des grumeaux, \u00e9crasez-les avec le dos d&rsquo;une cuill\u00e8re. <\/p>\n<p>La masse doit couler comme une soupe \u00e9paisse.<\/p>\n<p>&nbsp;<\/p>\n<p>Versez dans les cavit\u00e9s. Laissez le moule en place jusqu&rsquo;\u00e0 ce qu&rsquo;il soit dur, au moins 30 minutes. Le temps r\u00e9el n\u00e9cessaire au durcissement du rev\u00eatement d\u00e9pend de l&rsquo;humidit\u00e9 de votre environnement pendant la coul\u00e9e. Si l&rsquo;humidit\u00e9 est faible, vous pouvez d\u00e9mouler en 25 minutes. Si l&rsquo;humidit\u00e9 est tr\u00e8s \u00e9lev\u00e9e, le durcissement du rev\u00eatement peut prendre jusqu&rsquo;\u00e0 40 minutes.    <\/p>\n<p>&nbsp;<\/p>\n<p>A partir des pastilles de l&rsquo;anneau, d\u00e9terminez la taille r\u00e9elle de l&rsquo;anneau. Agrandissez la bague en argile m\u00e9tallique en vous r\u00e9f\u00e9rant au tableau des tailles de bague ci-dessus. <\/p>\n<p>Les tailles indiqu\u00e9es sur les pastilles sont des tailles am\u00e9ricaines. Vous trouverez ci-dessus une table de conversion pour les tailles europ\u00e9ennes et japonaises. <\/p>\n<p>&nbsp;<\/p>\n<p>Lorsque la pastille et l&rsquo;anneau d&rsquo;argile m\u00e9tallique sont tous deux bien secs, placez-les dans le four pour la cuisson. Apr\u00e8s la cuisson, laissez refroidir votre anneau avec la pastille. Une fois refroidie, placez-la dans un bol d&rsquo;eau. La pastille se dissoudra.   <\/p>\n<p>&nbsp;<\/p>\n<p><strong>Remarque<\/strong>: Ne jetez pas l&rsquo;anneau et la pastille dans l&rsquo;eau froide pour les refroidir. Un choc thermique dangereux pourrait se produire. <\/p>\n<p>Votre moule \u00e0 granul\u00e9s Ring durera des ann\u00e9es si vous l&rsquo;entretenez correctement. Ne le placez pas \u00e0 la lumi\u00e8re directe du soleil. Lorsque vous ne l&rsquo;utilisez pas, rangez le moule dans un film plastique ou dans un r\u00e9cipient muni d&rsquo;un couvercle herm\u00e9tique. Ne l&#8217;emballez pas dans du papier et ne le laissez pas sur du papier.   <\/p>\n<p>&nbsp;<\/p>\n<p><strong>S\u00e9curit\u00e9<\/strong><\/p>\n<p>N&rsquo;inhalez pas la poudre de placement. La poudre de placement contient de la silice et peut provoquer une silicose \u00e0 long terme si elle est inhal\u00e9e. Nous vous recommandons de porter un masque anti-poussi\u00e8re lorsque vous travaillez avec de l&rsquo;invesment. Ne jetez pas la poudre de placement inutilis\u00e9e ou usag\u00e9e dans les \u00e9gouts. Les particules sont lourdes et collent aux tuyaux, ce qui produit un s\u00e9diment semblable \u00e0 du b\u00e9ton et entra\u00eene un colmatage. Au lieu de cela, essuyez votre gobelet de m\u00e9lange nouvellement utilis\u00e9 avec une serviette en papier humide et placez-le dans une poubelle, ou rincez votre outil de m\u00e9lange \u00e0 l&rsquo;ext\u00e9rieur.     <\/p>\n","protected":false},"featured_media":15651,"comment_status":"closed","ping_status":"closed","template":"","meta":{"_acf_changed":false,"_seopress_robots_primary_cat":"none","_seopress_titles_title":"","_seopress_titles_desc":"","_seopress_robots_index":""},"more":[],"product_brand":[6736],"product_cat":[7504,7396],"product_tag":[7098,8424,6374,10558,10552,10554,7224,10560,10556,10562],"class_list":{"0":"post-15646","1":"product","2":"type-product","3":"status-publish","4":"has-post-thumbnail","6":"product_brand-des-outils-sympas","7":"product_cat-argile","8":"product_cat-outils-pour-anneaux","9":"product_tag-anneau","10":"product_tag-cooltools","11":"product_tag-faire","12":"product_tag-investissement","13":"product_tag-moule-3","14":"product_tag-pastille","15":"product_tag-poudre","16":"product_tag-precis-2","17":"product_tag-ringizers","18":"product_tag-taille-de-lanneau","19":"product_shipping_class-standard","21":"first","22":"instock","23":"taxable","24":"shipping-taxable","25":"purchasable","26":"product-type-variable"},"acf":[],"_links":{"self":[{"href":"https:\/\/esquell.eu\/fr\/wp-json\/wp\/v2\/product\/15646","targetHints":{"allow":["GET"]}}],"collection":[{"href":"https:\/\/esquell.eu\/fr\/wp-json\/wp\/v2\/product"}],"about":[{"href":"https:\/\/esquell.eu\/fr\/wp-json\/wp\/v2\/types\/product"}],"replies":[{"embeddable":true,"href":"https:\/\/esquell.eu\/fr\/wp-json\/wp\/v2\/comments?post=15646"}],"wp:featuredmedia":[{"embeddable":true,"href":"https:\/\/esquell.eu\/fr\/wp-json\/wp\/v2\/media\/15651"}],"wp:attachment":[{"href":"https:\/\/esquell.eu\/fr\/wp-json\/wp\/v2\/media?parent=15646"}],"wp:term":[{"taxonomy":"more","embeddable":true,"href":"https:\/\/esquell.eu\/fr\/wp-json\/wp\/v2\/more?post=15646"},{"taxonomy":"product_brand","embeddable":true,"href":"https:\/\/esquell.eu\/fr\/wp-json\/wp\/v2\/product_brand?post=15646"},{"taxonomy":"product_cat","embeddable":true,"href":"https:\/\/esquell.eu\/fr\/wp-json\/wp\/v2\/product_cat?post=15646"},{"taxonomy":"product_tag","embeddable":true,"href":"https:\/\/esquell.eu\/fr\/wp-json\/wp\/v2\/product_tag?post=15646"}],"curies":[{"name":"wp","href":"https:\/\/api.w.org\/{rel}","templated":true}]}}